{"id":9918,"date":"2025-01-26T04:20:30","date_gmt":"2025-01-26T03:20:30","guid":{"rendered":"https:\/\/mosperu.com\/tienda\/?post_type=product&#038;p=9918"},"modified":"2025-01-26T04:24:54","modified_gmt":"2025-01-26T03:24:54","slug":"licencia-aplicaciones-de-microsoft-365-para-empresas-1-usuario","status":"publish","type":"product","link":"https:\/\/mosperu.com\/tienda\/product\/licencia-aplicaciones-de-microsoft-365-para-empresas-1-usuario\/","title":{"rendered":"Licencia Aplicaciones de Microsoft 365 para empresas &#8211; 1 usuario"},"content":{"rendered":"<div class=\"card-body pt-3\">\n<p>Aplicaciones y servicios para poner en marcha tu negocio, entre los que se incluyen:<\/p>\n<div id=\"custom-list-item-oc1ba4\" class=\"card ml-3\" data-oc=\"oc1ba4\">\n<div class=\"card-body\">\n<ul>\n<li>1 usuario 5 dispositivos<\/li>\n<li><span class=\"small mb-0\">Versiones web de Word, Excel, PowerPoint y Outlook<\/span><\/li>\n<li>1 TB de almacenamiento en la nube por usuario<\/li>\n<li>Soporte ininterrumpido por tel\u00e9fono y a trav\u00e9s de la Web<\/li>\n<li>Microsoft 365 Copilot est\u00e1 disponible como complemento<\/li>\n<\/ul>\n<\/div>\n<\/div>\n<\/div>\n<div class=\"card-body pt-3\">\n<div id=\"custom-list-oc24a8\" data-oc=\"oc24a8\">\n<p>Servicios seguros en la nube y aplicaciones de escritorio, web y m\u00f3viles:<\/p>\n<ul>\n<li>Word<\/li>\n<li>Excel<\/li>\n<li>PowerPoint<\/li>\n<li>Outlook<\/li>\n<li>OneDrive<\/li>\n<\/ul>\n<\/div>\n<\/div>\n","protected":false},"excerpt":{"rendered":"<p>Aplicaciones y servicios para poner en marcha tu negocio, entre los que se incluyen: 1 usuario 5 dispositivos Versiones web de Word, Excel, PowerPoint y Outlook 1 TB de almacenamiento en la nube por usuario Soporte ininterrumpido por tel\u00e9fono y a trav\u00e9s de la Web Microsoft 365 Copilot est\u00e1 disponible como complemento Servicios seguros en &hellip; <a href=\"https:\/\/mosperu.com\/tienda\/product\/licencia-aplicaciones-de-microsoft-365-para-empresas-1-usuario\/\" class=\"more-link\">Continuar leyendo <span class=\"screen-reader-text\">Licencia Aplicaciones de Microsoft 365 para empresas &#8211; 1 usuario<\/span><\/a><\/p>\n","protected":false},"featured_media":9921,"comment_status":"open","ping_status":"closed","template":"","meta":[],"product_cat":[341,361],"product_tag":[],"class_list":{"0":"post-9918","1":"product","2":"type-product","3":"status-publish","4":"has-post-thumbnail","6":"product_cat-licencias-y-software","7":"product_cat-microsoft","10":"instock","11":"taxable","12":"shipping-taxable","13":"purchasable","14":"product-type-variable"},"_links":{"self":[{"href":"https:\/\/mosperu.com\/tienda\/wp-json\/wp\/v2\/product\/9918","targetHints":{"allow":["GET"]}}],"collection":[{"href":"https:\/\/mosperu.com\/tienda\/wp-json\/wp\/v2\/product"}],"about":[{"href":"https:\/\/mosperu.com\/tienda\/wp-json\/wp\/v2\/types\/product"}],"replies":[{"embeddable":true,"href":"https:\/\/mosperu.com\/tienda\/wp-json\/wp\/v2\/comments?post=9918"}],"version-history":[{"count":1,"href":"https:\/\/mosperu.com\/tienda\/wp-json\/wp\/v2\/product\/9918\/revisions"}],"predecessor-version":[{"id":9922,"href":"https:\/\/mosperu.com\/tienda\/wp-json\/wp\/v2\/product\/9918\/revisions\/9922"}],"wp:featuredmedia":[{"embeddable":true,"href":"https:\/\/mosperu.com\/tienda\/wp-json\/wp\/v2\/media\/9921"}],"wp:attachment":[{"href":"https:\/\/mosperu.com\/tienda\/wp-json\/wp\/v2\/media?parent=9918"}],"wp:term":[{"taxonomy":"product_cat","embeddable":true,"href":"https:\/\/mosperu.com\/tienda\/wp-json\/wp\/v2\/product_cat?post=9918"},{"taxonomy":"product_tag","embeddable":true,"href":"https:\/\/mosperu.com\/tienda\/wp-json\/wp\/v2\/product_tag?post=9918"}],"curies":[{"name":"wp","href":"https:\/\/api.w.org\/{rel}","templated":true}]}}