{"id":9905,"date":"2025-01-26T04:07:03","date_gmt":"2025-01-26T03:07:03","guid":{"rendered":"https:\/\/mosperu.com\/tienda\/?post_type=product&#038;p=9905"},"modified":"2025-01-29T22:00:23","modified_gmt":"2025-01-29T21:00:23","slug":"licencia-microsoft-365-empresa-estandar","status":"publish","type":"product","link":"https:\/\/mosperu.com\/tienda\/product\/licencia-microsoft-365-empresa-estandar\/","title":{"rendered":"Licencia Microsoft 365 Empresa Estandar &#8211; 1 usuario"},"content":{"rendered":"<div class=\"card-body pt-3\">\n<p>Aplicaciones y servicios para poner en marcha tu negocio, entre los que se incluyen:<\/p>\n<ul>\n<li>1 usuario 5 dispositivos<\/li>\n<li>Administraci\u00f3n de identidades, accesos y usuarios para hasta 300 empleados<\/li>\n<li>Correo empresarial personalizado (you@yourbusiness.com)<\/li>\n<li>Versiones web y m\u00f3viles de Word, Excel, PowerPoint y Outlook<\/li>\n<li>Chat, llamadas y videoconferencias con Microsoft\u00a0Teams<\/li>\n<li>1\u00a0TB de almacenamiento en la nube por empleado<\/li>\n<li>M\u00e1s de 10\u00a0aplicaciones adicionales para tus necesidades empresariales (Microsoft\u00a0Bookings, Planner, Forms, etc.)<\/li>\n<li>Filtrado autom\u00e1tico de correo no deseado y malware<\/li>\n<li>Soporte ininterrumpido por tel\u00e9fono y a trav\u00e9s de la web<\/li>\n<li>Versiones web de Word, Excel, PowerPoint y Outlook<\/li>\n<li>Seminarios web con informes y registro de asistentes<\/li>\n<li>\u00c1reas de trabajo colaborativas para crear de forma conjunta con Microsoft Loop<\/li>\n<li>Herramientas de edici\u00f3n y dise\u00f1o de v\u00eddeo con Microsoft Clipchamp<\/li>\n<li>Copilot chat<\/li>\n<li>Microsoft 365 Copilot, disponible como complemento<\/li>\n<\/ul>\n<\/div>\n<div class=\"card-body pt-3\">\n<div id=\"custom-list-oc24a8\" data-oc=\"oc24a8\">\n<p>Servicios seguros en la nube y aplicaciones de escritorio, web y m\u00f3viles:<\/p>\n<ul>\n<li>Word<\/li>\n<li>Excel<\/li>\n<li>PowerPoint<\/li>\n<li>Outlook<\/li>\n<li>Teams<\/li>\n<li>OneDrive<\/li>\n<li>SharePoint<\/li>\n<li>Exchange<\/li>\n<li>Clipchamp<\/li>\n<li>Microsoft Loop<\/li>\n<\/ul>\n<\/div>\n<\/div>\n","protected":false},"excerpt":{"rendered":"<p>Aplicaciones y servicios para poner en marcha tu negocio, entre los que se incluyen: 1 usuario 5 dispositivos Administraci\u00f3n de identidades, accesos y usuarios para hasta 300 empleados Correo empresarial personalizado (you@yourbusiness.com) Versiones web y m\u00f3viles de Word, Excel, PowerPoint y Outlook Chat, llamadas y videoconferencias con Microsoft\u00a0Teams 1\u00a0TB de almacenamiento en la nube por &hellip; <a href=\"https:\/\/mosperu.com\/tienda\/product\/licencia-microsoft-365-empresa-estandar\/\" class=\"more-link\">Continuar leyendo <span class=\"screen-reader-text\">Licencia Microsoft 365 Empresa Estandar &#8211; 1 usuario<\/span><\/a><\/p>\n","protected":false},"featured_media":9899,"comment_status":"open","ping_status":"closed","template":"","meta":[],"product_cat":[341,361],"product_tag":[],"class_list":{"0":"post-9905","1":"product","2":"type-product","3":"status-publish","4":"has-post-thumbnail","6":"product_cat-licencias-y-software","7":"product_cat-microsoft","10":"instock","11":"taxable","12":"shipping-taxable","13":"purchasable","14":"product-type-variable"},"_links":{"self":[{"href":"https:\/\/mosperu.com\/tienda\/wp-json\/wp\/v2\/product\/9905","targetHints":{"allow":["GET"]}}],"collection":[{"href":"https:\/\/mosperu.com\/tienda\/wp-json\/wp\/v2\/product"}],"about":[{"href":"https:\/\/mosperu.com\/tienda\/wp-json\/wp\/v2\/types\/product"}],"replies":[{"embeddable":true,"href":"https:\/\/mosperu.com\/tienda\/wp-json\/wp\/v2\/comments?post=9905"}],"version-history":[{"count":5,"href":"https:\/\/mosperu.com\/tienda\/wp-json\/wp\/v2\/product\/9905\/revisions"}],"predecessor-version":[{"id":9923,"href":"https:\/\/mosperu.com\/tienda\/wp-json\/wp\/v2\/product\/9905\/revisions\/9923"}],"wp:featuredmedia":[{"embeddable":true,"href":"https:\/\/mosperu.com\/tienda\/wp-json\/wp\/v2\/media\/9899"}],"wp:attachment":[{"href":"https:\/\/mosperu.com\/tienda\/wp-json\/wp\/v2\/media?parent=9905"}],"wp:term":[{"taxonomy":"product_cat","embeddable":true,"href":"https:\/\/mosperu.com\/tienda\/wp-json\/wp\/v2\/product_cat?post=9905"},{"taxonomy":"product_tag","embeddable":true,"href":"https:\/\/mosperu.com\/tienda\/wp-json\/wp\/v2\/product_tag?post=9905"}],"curies":[{"name":"wp","href":"https:\/\/api.w.org\/{rel}","templated":true}]}}