{"id":9695,"date":"2024-12-31T06:21:33","date_gmt":"2024-12-31T05:21:33","guid":{"rendered":"https:\/\/mosperu.com\/tienda\/product\/camara-inteligente-teros-te-90603n-resolucion-3-mp-wi-fi-color-negro\/"},"modified":"2025-01-25T16:34:42","modified_gmt":"2025-01-25T15:34:42","slug":"camara-inteligente-teros-te-90603n-resolucion-3-mp-wi-fi-color-negro","status":"publish","type":"product","link":"https:\/\/mosperu.com\/tienda\/product\/camara-inteligente-teros-te-90603n-resolucion-3-mp-wi-fi-color-negro\/","title":{"rendered":"C\u00e1mara inteligente TEROS TE-90603N, resoluci\u00f3n 3 MP, Wi-Fi, color negro"},"content":{"rendered":"<table width=\"100%\" cellpadding=\"1\" cellspacing=\"1\" border=\"1\" tbn=\"3\">\n<tbody>\n<tr>\n<td fircol=\"y\" rowspan=\"1\">DISPOSITIVO<\/td>\n<td height=\"21\" colspan=\"2\" rowspan=\"1\" style=\"\">C\u00c1MARA SOLAR INTELIGENTE<\/td>\n<\/tr>\n<tr>                            <\/tr>\n<tr>\n<td fircol=\"y\" rowspan=\"1\">MARCA<\/td>\n<td height=\"21\" colspan=\"2\" rowspan=\"1\" style=\"\">TEROS<\/td>\n<\/tr>\n<tr>                            <\/tr>\n<tr>\n<td fircol=\"y\" rowspan=\"1\">MODELO<\/td>\n<td height=\"21\" colspan=\"2\" rowspan=\"1\" style=\"\">TE-90603N<\/td>\n<\/tr>\n<tr>                            <\/tr>\n<tr>\n<td fircol=\"y\" rowspan=\"10\">CARACTERISTICAS<\/td>\n<td height=\"21\" colspan=\"2\" rowspan=\"1\" style=\"\">C\u00c1MARA EXTERIOR CON PANEL SOLAR<\/td>\n<\/tr>\n<tr>\n<td height=\"21\" colspan=\"2\" rowspan=\"1\" style=\"\">SISTEMA PTZ<\/td>\n<\/tr>\n<tr>\n<td height=\"21\" colspan=\"2\" rowspan=\"1\" style=\"\">RESOLUCI\u00d3N 3 MP<\/td>\n<\/tr>\n<tr>\n<td height=\"21\" colspan=\"2\" rowspan=\"1\" style=\"\">BAJO CONSUMO 5200 MAH<\/td>\n<\/tr>\n<tr>\n<td height=\"21\" colspan=\"2\" rowspan=\"1\" style=\"\">GANANCIA DE ANTENA 3DB<\/td>\n<\/tr>\n<tr>\n<td height=\"21\" colspan=\"2\" rowspan=\"1\" style=\"\">SOPORTE PARA ALMACENAMIENTO EN LA NUBE O LOCAL<\/td>\n<\/tr>\n<tr>\n<td height=\"21\" colspan=\"2\" rowspan=\"1\" style=\"\">WIFI<\/p>\n<p>CAPTURA AUTOMATICA DE IMAGEN A COLOR AL DETECTAR MOVIMIENTO.<\/td>\n<\/tr>\n<tr>\n<td height=\"21\" colspan=\"2\" rowspan=\"1\" style=\"\"> 0.5 MTS CABLE USB<\/td>\n<\/tr>\n<tr>\n<td height=\"21\" colspan=\"2\" rowspan=\"1\" style=\"\">AMAZON ALEXA, GOOGLE HOME<\/td>\n<\/tr>\n<tr>\n<td height=\"21\" colspan=\"2\" rowspan=\"1\" style=\"\">LENTE ANTIEXPLOSI\u00d3N<\/td>\n<\/tr>\n<tr>                            <\/tr>\n<tr>\n<td fircol=\"y\" rowspan=\"1\">COLOR<\/td>\n<td height=\"21\" colspan=\"2\" rowspan=\"1\" style=\"\">NEGRO<\/td>\n<\/tr>\n<tr>                            <\/tr>\n<\/tbody>\n<\/table>\n","protected":false},"excerpt":{"rendered":"<p>DISPOSITIVO C\u00c1MARA SOLAR INTELIGENTE MARCA TEROS MODELO TE-90603N CARACTERISTICAS C\u00c1MARA EXTERIOR CON PANEL SOLAR SISTEMA PTZ RESOLUCI\u00d3N 3 MP BAJO CONSUMO 5200 MAH GANANCIA DE ANTENA 3DB SOPORTE PARA ALMACENAMIENTO EN LA NUBE O LOCAL WIFI CAPTURA AUTOMATICA DE IMAGEN A COLOR AL DETECTAR MOVIMIENTO. 0.5 MTS CABLE USB AMAZON ALEXA, GOOGLE HOME LENTE ANTIEXPLOSI\u00d3N &hellip; <a href=\"https:\/\/mosperu.com\/tienda\/product\/camara-inteligente-teros-te-90603n-resolucion-3-mp-wi-fi-color-negro\/\" class=\"more-link\">Continuar leyendo <span class=\"screen-reader-text\">C\u00e1mara inteligente TEROS TE-90603N, resoluci\u00f3n 3 MP, Wi-Fi, color negro<\/span><\/a><\/p>\n","protected":false},"featured_media":9694,"comment_status":"closed","ping_status":"closed","template":"","meta":[],"product_cat":[317],"product_tag":[338],"class_list":{"0":"post-9695","1":"product","2":"type-product","3":"status-publish","4":"has-post-thumbnail","6":"product_cat-camaras-y-seguridad","7":"product_tag-teros","10":"instock","11":"taxable","12":"shipping-taxable","13":"purchasable","14":"product-type-simple"},"_links":{"self":[{"href":"https:\/\/mosperu.com\/tienda\/wp-json\/wp\/v2\/product\/9695","targetHints":{"allow":["GET"]}}],"collection":[{"href":"https:\/\/mosperu.com\/tienda\/wp-json\/wp\/v2\/product"}],"about":[{"href":"https:\/\/mosperu.com\/tienda\/wp-json\/wp\/v2\/types\/product"}],"replies":[{"embeddable":true,"href":"https:\/\/mosperu.com\/tienda\/wp-json\/wp\/v2\/comments?post=9695"}],"version-history":[{"count":1,"href":"https:\/\/mosperu.com\/tienda\/wp-json\/wp\/v2\/product\/9695\/revisions"}],"predecessor-version":[{"id":9807,"href":"https:\/\/mosperu.com\/tienda\/wp-json\/wp\/v2\/product\/9695\/revisions\/9807"}],"wp:featuredmedia":[{"embeddable":true,"href":"https:\/\/mosperu.com\/tienda\/wp-json\/wp\/v2\/media\/9694"}],"wp:attachment":[{"href":"https:\/\/mosperu.com\/tienda\/wp-json\/wp\/v2\/media?parent=9695"}],"wp:term":[{"taxonomy":"product_cat","embeddable":true,"href":"https:\/\/mosperu.com\/tienda\/wp-json\/wp\/v2\/product_cat?post=9695"},{"taxonomy":"product_tag","embeddable":true,"href":"https:\/\/mosperu.com\/tienda\/wp-json\/wp\/v2\/product_tag?post=9695"}],"curies":[{"name":"wp","href":"https:\/\/api.w.org\/{rel}","templated":true}]}}