{"id":9691,"date":"2024-12-31T06:21:20","date_gmt":"2024-12-31T05:21:20","guid":{"rendered":"https:\/\/mosperu.com\/tienda\/product\/notebook-hp-victus-15-fa0007la-15-6-fhd-ips-core-i7-12650h-hasta-4-7ghz-16gb-ddr4-3200\/"},"modified":"2025-01-25T16:36:49","modified_gmt":"2025-01-25T15:36:49","slug":"notebook-hp-victus-15-fa0007la-15-6-fhd-ips-core-i7-12650h-hasta-4-7ghz-16gb-ddr4-3200","status":"publish","type":"product","link":"https:\/\/mosperu.com\/tienda\/product\/notebook-hp-victus-15-fa0007la-15-6-fhd-ips-core-i7-12650h-hasta-4-7ghz-16gb-ddr4-3200\/","title":{"rendered":"Notebook HP Victus 15-fa0007la, 15.6&#8243; FHD IPS, Core i7-12650H hasta 4.7GHz 16GB DDR4-3200"},"content":{"rendered":"<table width=\"100%\" cellpadding=\"1\" cellspacing=\"1\" border=\"1\" tbn=\"3\">\n<tbody>\n<tr>\n<td fircol=\"y\" rowspan=\"1\">FORMATO<\/td>\n<td height=\"21\" colspan=\"3\">NOTEBOOK<\/td>\n<\/tr>\n<tr>                            <\/tr>\n<tr>\n<td fircol=\"y\" rowspan=\"3\">DESCRIPCION<\/td>\n<td height=\"21\" rowspan=\"1\" style=\"\">MARCA<\/td>\n<td height=\"21\" colspan=\"2\">HP<\/td>\n<\/tr>\n<tr>\n<td height=\"21\" rowspan=\"1\" style=\"\">MODELO<\/td>\n<td height=\"21\" colspan=\"2\">GAMING VICTUS 15-fa0007la<\/td>\n<\/tr>\n<tr>\n<td height=\"21\" rowspan=\"1\" style=\"\">PART NUMBER<\/td>\n<td height=\"21\" colspan=\"2\">8U8B8LA#ABM<\/td>\n<\/tr>\n<tr>                            <\/tr>\n<tr>\n<td fircol=\"y\" rowspan=\"1\">PANTALLA<\/td>\n<td height=\"21\" colspan=\"3\">15.6 PULG&nbsp;IPS LED FHD&nbsp;RESOLUCION MAXIMA&nbsp;1920 x 1080&nbsp;ANTI-REFLEJO<\/td>\n<\/tr>\n<tr>                            <\/tr>\n<tr>\n<td fircol=\"y\" rowspan=\"1\">CPU<\/td>\n<td height=\"21\" colspan=\"3\">INTEL&nbsp;CORE i7&nbsp;12650H&nbsp;HASTA 4.7 GHZ&nbsp;CACHE L3&nbsp;24 MB<\/td>\n<\/tr>\n<tr>                            <\/tr>\n<tr>\n<td fircol=\"y\" rowspan=\"1\">CHIPSET<\/td>\n<td height=\"21\" colspan=\"3\">SoC INTEGRADO INTEL<\/td>\n<\/tr>\n<tr>                            <\/tr>\n<tr>\n<td fircol=\"y\" rowspan=\"5\">MEMORIA<\/td>\n<td height=\"21\" rowspan=\"1\" style=\"\">CAPACIDAD<\/td>\n<td height=\"21\" colspan=\"2\">16 GB<\/td>\n<\/tr>\n<tr>\n<td height=\"21\" rowspan=\"1\" style=\"\">TIPO<\/td>\n<td height=\"21\" colspan=\"2\">DDR4<\/td>\n<\/tr>\n<tr>\n<td height=\"21\" rowspan=\"1\" style=\"\">BUS<\/td>\n<td height=\"21\" colspan=\"2\">3200 MHZ<\/td>\n<\/tr>\n<tr>\n<td height=\"21\" rowspan=\"1\" style=\"\">NUMERO DE RANURAS<\/td>\n<td height=\"21\" colspan=\"2\">2<\/td>\n<\/tr>\n<tr>\n<td height=\"21\" rowspan=\"1\" style=\"\">COMENTARIOS<\/td>\n<td height=\"21\" colspan=\"2\">(2 x 8 GB)<\/td>\n<\/tr>\n<tr>                            <\/tr>\n<tr>\n<td fircol=\"y\" rowspan=\"3\">ALMACENAMIENTO<\/td>\n<td height=\"21\" rowspan=\"1\" style=\"\">CAPACIDAD<\/td>\n<td height=\"21\" colspan=\"2\">512 GB<\/td>\n<\/tr>\n<tr>\n<td height=\"21\" rowspan=\"1\" style=\"\">TIPO<\/td>\n<td height=\"21\" colspan=\"2\">SSD M.2<\/td>\n<\/tr>\n<tr>\n<td height=\"21\" rowspan=\"1\" style=\"\">INTERFAZ<\/td>\n<td height=\"21\" colspan=\"2\">PCIe Gen 4 NVMe TLC<\/td>\n<\/tr>\n<tr>                            <\/tr>\n<tr>\n<td fircol=\"y\" rowspan=\"1\">LECTOR DE MEMORIAS<\/td>\n<td height=\"21\" colspan=\"3\">LECTOR DE TARJETAS SD MULTIFORMATO<\/td>\n<\/tr>\n<tr>                            <\/tr>\n<tr>\n<td fircol=\"y\" rowspan=\"6\">VIDEO<\/td>\n<td height=\"21\" rowspan=\"1\" style=\"\">INDEPENDIENTE<\/td>\n<td height=\"21\" colspan=\"2\">SI<\/td>\n<\/tr>\n<tr>\n<td height=\"21\" rowspan=\"1\" style=\"\">MARCA<\/td>\n<td height=\"21\" colspan=\"2\">NVIDIA<\/td>\n<\/tr>\n<tr>\n<td height=\"21\" rowspan=\"1\" style=\"\">CHIPSET<\/td>\n<td height=\"21\" colspan=\"2\">GEFORCE RTX 3050<\/td>\n<\/tr>\n<tr>\n<td height=\"21\" rowspan=\"1\" style=\"\">CAPACIDAD<\/td>\n<td height=\"21\" colspan=\"2\">4 GB<\/td>\n<\/tr>\n<tr>\n<td height=\"21\" rowspan=\"1\" style=\"\">TIPO<\/td>\n<td height=\"21\" colspan=\"2\">GDDR6<\/td>\n<\/tr>\n<tr>\n<td height=\"21\" rowspan=\"1\" style=\"\">SALIDAS<\/td>\n<td height=\"21\" colspan=\"2\" rowspan=\"1\" style=\"\">HDMI<\/td>\n<\/tr>\n<tr>                            <\/tr>\n<tr>\n<td fircol=\"y\" rowspan=\"3\">CONECTIVIDAD<\/td>\n<td height=\"21\" rowspan=\"1\" style=\"\">LAN<\/td>\n<td height=\"21\" rowspan=\"1\" style=\"\">VELOCIDAD<\/td>\n<td height=\"21\" colspan=\"1\">1000 MB\/S<\/td>\n<\/tr>\n<tr>\n<td height=\"21\" rowspan=\"1\" style=\"\">WIRELESS<\/td>\n<td height=\"21\" colspan=\"2\">WiFi 6 2&#215;2<\/td>\n<\/tr>\n<tr>\n<td height=\"21\" rowspan=\"1\" style=\"\">BLUETOOTH<\/td>\n<td height=\"21\" colspan=\"2\">5.3<\/td>\n<\/tr>\n<tr>                            <\/tr>\n<tr>\n<td fircol=\"y\" rowspan=\"2\">SONIDO<\/td>\n<td height=\"21\" rowspan=\"1\" style=\"\">PARLANTE<\/td>\n<td height=\"21\" colspan=\"2\">AUDIO by B&amp;O; ALTAVOCES DOBLES; HP AUDIO BOOST<\/td>\n<\/tr>\n<tr>\n<td height=\"21\" rowspan=\"1\" style=\"\">PUERTOS<\/td>\n<td height=\"21\" rowspan=\"1\" style=\"\">COMBO AUDIO\/MIC<\/td>\n<td height=\"21\" colspan=\"1\">SI<\/td>\n<\/tr>\n<tr>                            <\/tr>\n<tr>\n<td fircol=\"y\" rowspan=\"2\">INCORPORA<\/td>\n<td height=\"21\" rowspan=\"1\" style=\"\">WEBCAM<\/td>\n<td height=\"21\" colspan=\"2\">SI<\/td>\n<\/tr>\n<tr>\n<td height=\"21\" rowspan=\"1\" style=\"\">TOUCHPAD<\/td>\n<td height=\"21\" colspan=\"2\">SI<\/td>\n<\/tr>\n<tr>                            <\/tr>\n<tr>\n<td fircol=\"y\" rowspan=\"3\">PUERTOS<\/td>\n<td height=\"21\" rowspan=\"1\" style=\"\">RJ45<\/td>\n<td height=\"21\" colspan=\"2\">1<\/td>\n<\/tr>\n<tr>\n<td height=\"21\" rowspan=\"1\" style=\"\">ALIMENTACION<\/td>\n<td height=\"21\" colspan=\"2\">SI<\/td>\n<\/tr>\n<tr>\n<td height=\"21\" colspan=\"3\" rowspan=\"1\" style=\"\">1 x USB TIPO-C CON VELOCIDAD DE SE\u00d1ALIZACI\u00d3N DE 5 GB\/S (DISPLAYPORT 1.4 \/ HP SLEEP &amp; CHARGE) <br \/>1 x USB TIPO-A CON VELOCIDAD DE SE\u00d1ALIZACI\u00d3N DE 5 GB\/S (HP SLEEP &amp; CHARGE) <br \/> 1 x USB TIPO-A CON VELOCIDAD DE SE\u00d1ALIZACI\u00d3N DE 5 GB\/S <br \/> 1 x COMBINACION DE AURICULARES \/ MICROFONO<\/td>\n<\/tr>\n<tr>                            <\/tr>\n<tr>\n<td fircol=\"y\" rowspan=\"3\">BATERIA<\/td>\n<td height=\"21\" rowspan=\"1\" style=\"\">NRO CELDAS<\/td>\n<td height=\"21\" colspan=\"2\">4<\/td>\n<\/tr>\n<tr>\n<td height=\"21\" rowspan=\"1\" style=\"\">TIPO BATERIA<\/td>\n<td height=\"21\" colspan=\"2\">LI-ION<\/td>\n<\/tr>\n<tr>\n<td height=\"21\" rowspan=\"1\" style=\"\">CAPACIDAD<\/td>\n<td height=\"21\" colspan=\"2\">70 WH<\/td>\n<\/tr>\n<tr>                            <\/tr>\n<tr>\n<td fircol=\"y\" rowspan=\"3\">DIMENSIONES<\/td>\n<td height=\"21\" rowspan=\"1\" style=\"\">LARGO<\/td>\n<td height=\"21\" colspan=\"2\">25.50 CM<\/td>\n<\/tr>\n<tr>\n<td height=\"21\" rowspan=\"1\" style=\"\">ANCHO<\/td>\n<td height=\"21\" colspan=\"2\">35.79 CM<\/td>\n<\/tr>\n<tr>\n<td height=\"21\" rowspan=\"1\" style=\"\">ALTO<\/td>\n<td height=\"21\" colspan=\"2\">2.35 CM<\/td>\n<\/tr>\n<tr>                            <\/tr>\n<tr>\n<td fircol=\"y\" rowspan=\"1\">PESO<\/td>\n<td height=\"21\" colspan=\"3\">2.29 KG<\/td>\n<\/tr>\n<tr>                            <\/tr>\n<tr>\n<td fircol=\"y\" rowspan=\"2\">SISTEMA OPERATIVO<\/td>\n<td height=\"21\" rowspan=\"1\" style=\"\">VERSION<\/td>\n<td height=\"21\" colspan=\"2\">WINDOWS 11 HOME SL 64 BITS<\/td>\n<\/tr>\n<tr>\n<td height=\"21\" rowspan=\"1\" style=\"\">IDIOMA<\/td>\n<td height=\"21\" colspan=\"2\">ESPA\u00d1OL<\/td>\n<\/tr>\n<tr>                            <\/tr>\n<tr>\n<td fircol=\"y\" rowspan=\"1\">COMENTARIOS<\/td>\n<td height=\"21\" colspan=\"3\">ADAPTADOR DE ALIMENTACI\u00d3N DE CA INTELIGENTE DE 200W<br \/>NOTEBOOK DE COLOR AZUL INTENSO CON LOGOTIPO CROMADO<br \/>C\u00c1MARA HD HP WIDE VISION DE 720p CON REDUCCI\u00d3N DE RUIDO TEMPORAL Y MICR\u00d3FONOS DIGITALES INTEGRADOS DE DOBLE MATRIZ<\/td>\n<\/tr>\n<tr>                            <\/tr>\n<\/tbody>\n<\/table>\n","protected":false},"excerpt":{"rendered":"<p>FORMATO NOTEBOOK DESCRIPCION MARCA HP MODELO GAMING VICTUS 15-fa0007la PART NUMBER 8U8B8LA#ABM PANTALLA 15.6 PULG&nbsp;IPS LED FHD&nbsp;RESOLUCION MAXIMA&nbsp;1920 x 1080&nbsp;ANTI-REFLEJO CPU INTEL&nbsp;CORE i7&nbsp;12650H&nbsp;HASTA 4.7 GHZ&nbsp;CACHE L3&nbsp;24 MB CHIPSET SoC INTEGRADO INTEL MEMORIA CAPACIDAD 16 GB TIPO DDR4 BUS 3200 MHZ NUMERO DE RANURAS 2 COMENTARIOS (2 x 8 GB) ALMACENAMIENTO CAPACIDAD 512 GB TIPO SSD &hellip; <a href=\"https:\/\/mosperu.com\/tienda\/product\/notebook-hp-victus-15-fa0007la-15-6-fhd-ips-core-i7-12650h-hasta-4-7ghz-16gb-ddr4-3200\/\" class=\"more-link\">Continuar leyendo <span class=\"screen-reader-text\">Notebook HP Victus 15-fa0007la, 15.6&#8243; FHD IPS, Core i7-12650H hasta 4.7GHz 16GB DDR4-3200<\/span><\/a><\/p>\n","protected":false},"featured_media":9690,"comment_status":"closed","ping_status":"closed","template":"","meta":[],"product_cat":[315,360],"product_tag":[357],"class_list":{"0":"post-9691","1":"product","2":"type-product","3":"status-publish","4":"has-post-thumbnail","6":"product_cat-accesorios-y-componentes","7":"product_cat-laptops-y-tablets","8":"product_tag-hp-consumo","11":"instock","12":"taxable","13":"shipping-taxable","14":"purchasable","15":"product-type-simple"},"_links":{"self":[{"href":"https:\/\/mosperu.com\/tienda\/wp-json\/wp\/v2\/product\/9691","targetHints":{"allow":["GET"]}}],"collection":[{"href":"https:\/\/mosperu.com\/tienda\/wp-json\/wp\/v2\/product"}],"about":[{"href":"https:\/\/mosperu.com\/tienda\/wp-json\/wp\/v2\/types\/product"}],"replies":[{"embeddable":true,"href":"https:\/\/mosperu.com\/tienda\/wp-json\/wp\/v2\/comments?post=9691"}],"version-history":[{"count":1,"href":"https:\/\/mosperu.com\/tienda\/wp-json\/wp\/v2\/product\/9691\/revisions"}],"predecessor-version":[{"id":9806,"href":"https:\/\/mosperu.com\/tienda\/wp-json\/wp\/v2\/product\/9691\/revisions\/9806"}],"wp:featuredmedia":[{"embeddable":true,"href":"https:\/\/mosperu.com\/tienda\/wp-json\/wp\/v2\/media\/9690"}],"wp:attachment":[{"href":"https:\/\/mosperu.com\/tienda\/wp-json\/wp\/v2\/media?parent=9691"}],"wp:term":[{"taxonomy":"product_cat","embeddable":true,"href":"https:\/\/mosperu.com\/tienda\/wp-json\/wp\/v2\/product_cat?post=9691"},{"taxonomy":"product_tag","embeddable":true,"href":"https:\/\/mosperu.com\/tienda\/wp-json\/wp\/v2\/product_tag?post=9691"}],"curies":[{"name":"wp","href":"https:\/\/api.w.org\/{rel}","templated":true}]}}