{"id":9527,"date":"2024-12-31T06:11:46","date_gmt":"2024-12-31T05:11:46","guid":{"rendered":"https:\/\/mosperu.com\/tienda\/product\/unidad-en-estado-solido-externa-kingston-xs1000-1tb-usb-3-2-gen-2-tipo-c\/"},"modified":"2025-01-25T16:23:52","modified_gmt":"2025-01-25T15:23:52","slug":"unidad-en-estado-solido-externa-kingston-xs1000-1tb-usb-3-2-gen-2-tipo-c","status":"publish","type":"product","link":"https:\/\/mosperu.com\/tienda\/product\/unidad-en-estado-solido-externa-kingston-xs1000-1tb-usb-3-2-gen-2-tipo-c\/","title":{"rendered":"Unidad en estado s\u00f3lido externa Kingston XS1000, 1TB, USB 3.2 Gen 2 Tipo-C"},"content":{"rendered":"<table width=\"100%\" cellpadding=\"1\" cellspacing=\"1\" border=\"1\" tbn=\"3\">\n<tbody>\n<tr>\n<td fircol=\"y\" rowspan=\"1\">DESCRIPCION<\/td>\n<td height=\"21\" colspan=\"2\" rowspan=\"1\" style=\"\">UNIDAD EN ESTADO S\u00d3LIDO EXTERNA<\/td>\n<\/tr>\n<tr>                            <\/tr>\n<tr>\n<td fircol=\"y\" rowspan=\"1\">MARCA<\/td>\n<td height=\"21\" colspan=\"2\">KINGSTON<\/td>\n<\/tr>\n<tr>                            <\/tr>\n<tr>\n<td fircol=\"y\" rowspan=\"1\">MODELO<\/td>\n<td height=\"21\" colspan=\"2\">XS1000<\/td>\n<\/tr>\n<tr>                            <\/tr>\n<tr>\n<td fircol=\"y\" rowspan=\"1\">NUMERO DE PARTE<\/td>\n<td height=\"21\" colspan=\"2\">SXS1000\/1000G<\/td>\n<\/tr>\n<tr>                            <\/tr>\n<tr>\n<td fircol=\"y\" rowspan=\"1\">CAPACIDAD DE ALMACENAMIENTO<\/td>\n<td height=\"21\" colspan=\"2\">1 TB<\/td>\n<\/tr>\n<tr>                            <\/tr>\n<tr>\n<td fircol=\"y\" rowspan=\"1\">INTERFACES DE CONEXION<\/td>\n<td height=\"21\" colspan=\"2\">USB 3.2 GEN 2 TIPO-C<\/td>\n<\/tr>\n<tr>                            <\/tr>\n<tr>\n<td fircol=\"y\" rowspan=\"1\">VELOCIDAD DE LECTURA<\/td>\n<td height=\"21\" colspan=\"2\">1050 MB\/Seg<\/td>\n<\/tr>\n<tr>                            <\/tr>\n<tr>\n<td fircol=\"y\" rowspan=\"1\">VELOCIDAD DE ESCRITURA<\/td>\n<td height=\"21\" colspan=\"2\">1000 MB\/Seg<\/td>\n<\/tr>\n<tr>                            <\/tr>\n<tr>\n<td fircol=\"y\" rowspan=\"4\">CARACTERISTICAS<\/td>\n<td height=\"21\" colspan=\"2\" rowspan=\"1\" style=\"\">M\u00c1XIMA PORTABILIDAD, COMPACTO Y CON UN PESO INFERIOR A 29g, ESTE ELEGANTE SSD, EN COLOR NEGRO, CABE EN LA PALMA DE LA MANO, LO QUE LE PERMITE LLEVAR SUS ARCHIVOS CONSIGO SIN ESFUERZO.<\/td>\n<\/tr>\n<tr>\n<td height=\"21\" colspan=\"2\" rowspan=\"1\" style=\"\">RESPALDO DE ARCHIVOS CONFIABLE, LL\u00c9VESELO CON USTED. TRANSFIERA Y ALMACENE SUS DOCUMENTOS, FOTOS DE GRAN TAMA\u00d1O Y V\u00cdDEOS SIN INTERRUPCIONES.<\/td>\n<\/tr>\n<tr>\n<td height=\"21\" colspan=\"2\" rowspan=\"1\" style=\"\">MAYOR CAPACIDAD DE ALMACENAMIENTO, AMPLIE SU BIBLIOTECA DIGITAL CON ALTAS CAPACIDADES DE HASTA 2TB PARA CONSERVAR LOS MOMENTOS M\u00c1S PRECIADOS DE LA VIDA.<\/td>\n<\/tr>\n<tr>\n<td height=\"21\" colspan=\"2\" rowspan=\"1\" style=\"\">SOPORTE USB 3.2 GEN 2, ALCANZA VELOCIDADES DE LECTURA\/ESCRITURA DE HASTA 1.050MB\/SEG CON COMPATIBILIDAD CON VERSIONES ANTERIORES DE USB 3.2 GEN 1, LO QUE GARANTIZA UNA CONECTIVIDAD PERFECTA CON LOS DISPOSITIVOS ANTIGUOS.<\/td>\n<\/tr>\n<tr>                            <\/tr>\n<tr>\n<td fircol=\"y\" rowspan=\"1\">MATERIAL DEL PRODUCTO<\/td>\n<td height=\"21\" colspan=\"2\" rowspan=\"1\" style=\"\">METAL + PL\u00c1STICO<\/td>\n<\/tr>\n<tr>                            <\/tr>\n<tr>\n<td fircol=\"y\" rowspan=\"1\">COMPATIBLE CON<\/td>\n<td height=\"21\" colspan=\"2\" rowspan=\"1\" style=\"\">WINDOWS 11, 10, MACOS (V.10.15.X +), LINUX (V. 4.4.X +), CHROME OS<\/td>\n<\/tr>\n<tr>                            <\/tr>\n<tr>\n<td fircol=\"y\" rowspan=\"1\">TEMPERATURA DE OPERACION<\/td>\n<td height=\"21\" colspan=\"2\" rowspan=\"1\" style=\"\">0 a 40\u00b0C<\/td>\n<\/tr>\n<tr>                            <\/tr>\n<tr>\n<td fircol=\"y\" rowspan=\"1\">TEMPERATURA DE ALMACENAMIENTO<\/td>\n<td height=\"21\" colspan=\"2\" rowspan=\"1\" style=\"\">-20 a 85 \u00b0C<\/td>\n<\/tr>\n<tr>                            <\/tr>\n<tr>\n<td fircol=\"y\" rowspan=\"3\">DIMENSIONES<\/td>\n<td height=\"21\" rowspan=\"1\" style=\"\">LARGO<\/td>\n<td height=\"21\" colspan=\"1\">3.25 CM<\/td>\n<\/tr>\n<tr>\n<td height=\"21\" rowspan=\"1\" style=\"\">ANCHO<\/td>\n<td height=\"21\" colspan=\"1\">6.95 CM<\/td>\n<\/tr>\n<tr>\n<td height=\"21\" rowspan=\"1\" style=\"\">ALTO<\/td>\n<td height=\"21\" colspan=\"1\">1.35 CM<\/td>\n<\/tr>\n<tr>                            <\/tr>\n<tr>\n<td fircol=\"y\" rowspan=\"1\">PESO<\/td>\n<td height=\"21\" colspan=\"2\" rowspan=\"1\" style=\"\">28.7 gr<\/td>\n<\/tr>\n<tr>                            <\/tr>\n<\/tbody>\n<\/table>\n","protected":false},"excerpt":{"rendered":"<p>DESCRIPCION UNIDAD EN ESTADO S\u00d3LIDO EXTERNA MARCA KINGSTON MODELO XS1000 NUMERO DE PARTE SXS1000\/1000G CAPACIDAD DE ALMACENAMIENTO 1 TB INTERFACES DE CONEXION USB 3.2 GEN 2 TIPO-C VELOCIDAD DE LECTURA 1050 MB\/Seg VELOCIDAD DE ESCRITURA 1000 MB\/Seg CARACTERISTICAS M\u00c1XIMA PORTABILIDAD, COMPACTO Y CON UN PESO INFERIOR A 29g, ESTE ELEGANTE SSD, EN COLOR NEGRO, CABE &hellip; <a href=\"https:\/\/mosperu.com\/tienda\/product\/unidad-en-estado-solido-externa-kingston-xs1000-1tb-usb-3-2-gen-2-tipo-c\/\" class=\"more-link\">Continuar leyendo <span class=\"screen-reader-text\">Unidad en estado s\u00f3lido externa Kingston XS1000, 1TB, USB 3.2 Gen 2 Tipo-C<\/span><\/a><\/p>\n","protected":false},"featured_media":9526,"comment_status":"closed","ping_status":"closed","template":"","meta":[],"product_cat":[325,315],"product_tag":[347],"class_list":{"0":"post-9527","1":"product","2":"type-product","3":"status-publish","4":"has-post-thumbnail","6":"product_cat-componentes","7":"product_cat-accesorios-y-componentes","8":"product_tag-kingston","11":"instock","12":"taxable","13":"shipping-taxable","14":"purchasable","15":"product-type-simple"},"_links":{"self":[{"href":"https:\/\/mosperu.com\/tienda\/wp-json\/wp\/v2\/product\/9527","targetHints":{"allow":["GET"]}}],"collection":[{"href":"https:\/\/mosperu.com\/tienda\/wp-json\/wp\/v2\/product"}],"about":[{"href":"https:\/\/mosperu.com\/tienda\/wp-json\/wp\/v2\/types\/product"}],"replies":[{"embeddable":true,"href":"https:\/\/mosperu.com\/tienda\/wp-json\/wp\/v2\/comments?post=9527"}],"version-history":[{"count":1,"href":"https:\/\/mosperu.com\/tienda\/wp-json\/wp\/v2\/product\/9527\/revisions"}],"predecessor-version":[{"id":9764,"href":"https:\/\/mosperu.com\/tienda\/wp-json\/wp\/v2\/product\/9527\/revisions\/9764"}],"wp:featuredmedia":[{"embeddable":true,"href":"https:\/\/mosperu.com\/tienda\/wp-json\/wp\/v2\/media\/9526"}],"wp:attachment":[{"href":"https:\/\/mosperu.com\/tienda\/wp-json\/wp\/v2\/media?parent=9527"}],"wp:term":[{"taxonomy":"product_cat","embeddable":true,"href":"https:\/\/mosperu.com\/tienda\/wp-json\/wp\/v2\/product_cat?post=9527"},{"taxonomy":"product_tag","embeddable":true,"href":"https:\/\/mosperu.com\/tienda\/wp-json\/wp\/v2\/product_tag?post=9527"}],"curies":[{"name":"wp","href":"https:\/\/api.w.org\/{rel}","templated":true}]}}