{"id":9429,"date":"2024-12-31T05:05:41","date_gmt":"2024-12-31T04:05:41","guid":{"rendered":"https:\/\/mosperu.com\/tienda\/product\/parlante-teros-color-verde-militar-camuflado-60-watts\/"},"modified":"2025-01-25T16:21:14","modified_gmt":"2025-01-25T15:21:14","slug":"parlante-teros-color-verde-militar-camuflado-60-watts","status":"publish","type":"product","link":"https:\/\/mosperu.com\/tienda\/product\/parlante-teros-color-verde-militar-camuflado-60-watts\/","title":{"rendered":"PARLANTE TEROS COLOR VERDE MILITAR CAMUFLADO, 60 WATTS"},"content":{"rendered":"<table width=\"100%\" cellpadding=\"1\" cellspacing=\"1\" border=\"1\" tbn=\"3\">\n<tbody>\n<tr>\n<td fircol=\"y\" rowspan=\"1\">DISPOSITIVO<\/td>\n<td height=\"21\" colspan=\"3\" rowspan=\"1\" style=\"\">Parlante Bluetooth de 60 W<\/td>\n<\/tr>\n<tr>                            <\/tr>\n<tr>\n<td fircol=\"y\" rowspan=\"1\">MARCA<\/td>\n<td height=\"21\" colspan=\"3\" rowspan=\"1\" style=\"\">TEROS<\/td>\n<\/tr>\n<tr>                            <\/tr>\n<tr>\n<td fircol=\"y\" rowspan=\"1\">MODELO<\/td>\n<td height=\"21\" colspan=\"3\" rowspan=\"1\" style=\"\">TE-6045G<\/td>\n<\/tr>\n<tr>                            <\/tr>\n<tr>\n<td fircol=\"y\" rowspan=\"1\">INCLUYE<\/td>\n<td height=\"21\" colspan=\"3\" rowspan=\"1\" style=\"\">RADIO FM<\/td>\n<\/tr>\n<tr>                            <\/tr>\n<tr>\n<td fircol=\"y\" rowspan=\"10\">CARACTERISTICAS<\/td>\n<td height=\"21\" colspan=\"3\" rowspan=\"1\" style=\"\">60 W<\/td>\n<\/tr>\n<tr>\n<td height=\"21\" colspan=\"3\" rowspan=\"1\" style=\"\">Luz Led<\/td>\n<\/tr>\n<tr>\n<td height=\"21\" colspan=\"3\" rowspan=\"1\" style=\"\">IPX5 resistente al agua<\/td>\n<\/tr>\n<tr>\n<td height=\"21\" colspan=\"3\" rowspan=\"1\" style=\"\">Radio FM<\/td>\n<\/tr>\n<tr>\n<td height=\"21\" colspan=\"3\" rowspan=\"1\" style=\"\">Reproducci\u00f3n USB<\/td>\n<\/tr>\n<tr>\n<td height=\"21\" colspan=\"3\" rowspan=\"1\" style=\"\">tarjeta TF<\/td>\n<\/tr>\n<tr>\n<td height=\"21\" colspan=\"3\" rowspan=\"1\" style=\"\">Entrada auxiliar<\/td>\n<\/tr>\n<tr>\n<td height=\"21\" colspan=\"3\" rowspan=\"1\" style=\"\">Conector tipo C<\/td>\n<\/tr>\n<tr>\n<td height=\"21\" colspan=\"3\" rowspan=\"1\" style=\"\">TWS, micr\u00f3fono<\/td>\n<\/tr>\n<tr>\n<td height=\"21\" colspan=\"3\" rowspan=\"1\" style=\"\">Bater\u00eda integrada de 3,7 V y 3600 mAh<\/td>\n<\/tr>\n<tr>                            <\/tr>\n<tr>\n<td fircol=\"y\" rowspan=\"1\">COLOR<\/td>\n<td height=\"21\" colspan=\"3\" rowspan=\"1\" style=\"\">CAMUFLAJE<\/td>\n<\/tr>\n<tr>                            <\/tr>\n<tr>\n<td fircol=\"y\" rowspan=\"1\">DIMENSIONES (MM)<\/td>\n<td height=\"21\" colspan=\"3\" rowspan=\"1\" style=\"\">397 x 173 x 217mm<\/td>\n<\/tr>\n<tr>                            <\/tr>\n<tr>\n<td fircol=\"y\" rowspan=\"2\">CONTENIDO<\/td>\n<td height=\"21\" colspan=\"3\" rowspan=\"1\" style=\"\">CABLE USB<\/td>\n<\/tr>\n<tr>\n<td height=\"21\" colspan=\"3\" rowspan=\"1\" style=\"\">GUIA<\/td>\n<\/tr>\n<tr>                            <\/tr>\n<tr>\n<td fircol=\"y\" rowspan=\"4\">EMPAQUE<\/td>\n<td height=\"21\" rowspan=\"1\" style=\"\">&#8211; INDIVIDUAL<\/td>\n<td height=\"21\" colspan=\"2\" rowspan=\"1\" style=\"\">SI<\/td>\n<\/tr>\n<tr>\n<td height=\"21\" rowspan=\"1\" style=\"\">PRESENTACION<\/td>\n<td height=\"21\" colspan=\"2\" rowspan=\"1\" style=\"\">CAJA<\/td>\n<\/tr>\n<tr>\n<td height=\"21\" rowspan=\"1\" style=\"\">PRESENTACION<\/td>\n<td height=\"21\" colspan=\"2\" rowspan=\"1\" style=\"\">CAJA<\/td>\n<\/tr>\n<tr>\n<td height=\"21\" rowspan=\"1\" style=\"\">PRESENTACION<\/td>\n<td height=\"21\" colspan=\"2\" rowspan=\"1\" style=\"\">CAJA<\/td>\n<\/tr>\n<tr>                            <\/tr>\n<tr>\n<td fircol=\"y\" rowspan=\"1\">COMENTARIO<\/td>\n<td height=\"21\" colspan=\"3\" rowspan=\"1\" style=\"\">Audio dual(reproduccion de dos dispositivos en simultaneo)<\/td>\n<\/tr>\n<tr>                            <\/tr>\n<tr>\n<td fircol=\"y\" rowspan=\"1\">PERIODO DE GARANTIA<\/td>\n<td height=\"21\" colspan=\"3\" rowspan=\"1\" style=\"\">1 A\u00d1O<\/td>\n<\/tr>\n<tr>                            <\/tr>\n<\/tbody>\n<\/table>\n","protected":false},"excerpt":{"rendered":"<p>DISPOSITIVO Parlante Bluetooth de 60 W MARCA TEROS MODELO TE-6045G INCLUYE RADIO FM CARACTERISTICAS 60 W Luz Led IPX5 resistente al agua Radio FM Reproducci\u00f3n USB tarjeta TF Entrada auxiliar Conector tipo C TWS, micr\u00f3fono Bater\u00eda integrada de 3,7 V y 3600 mAh COLOR CAMUFLAJE DIMENSIONES (MM) 397 x 173 x 217mm CONTENIDO CABLE USB &hellip; <a href=\"https:\/\/mosperu.com\/tienda\/product\/parlante-teros-color-verde-militar-camuflado-60-watts\/\" class=\"more-link\">Continuar leyendo <span class=\"screen-reader-text\">PARLANTE TEROS COLOR VERDE MILITAR CAMUFLADO, 60 WATTS<\/span><\/a><\/p>\n","protected":false},"featured_media":9428,"comment_status":"closed","ping_status":"closed","template":"","meta":[],"product_cat":[315,331],"product_tag":[338],"class_list":{"0":"post-9429","1":"product","2":"type-product","3":"status-publish","4":"has-post-thumbnail","6":"product_cat-accesorios-y-componentes","7":"product_cat-perifericos","8":"product_tag-teros","11":"instock","12":"taxable","13":"shipping-taxable","14":"purchasable","15":"product-type-simple"},"_links":{"self":[{"href":"https:\/\/mosperu.com\/tienda\/wp-json\/wp\/v2\/product\/9429","targetHints":{"allow":["GET"]}}],"collection":[{"href":"https:\/\/mosperu.com\/tienda\/wp-json\/wp\/v2\/product"}],"about":[{"href":"https:\/\/mosperu.com\/tienda\/wp-json\/wp\/v2\/types\/product"}],"replies":[{"embeddable":true,"href":"https:\/\/mosperu.com\/tienda\/wp-json\/wp\/v2\/comments?post=9429"}],"version-history":[{"count":9,"href":"https:\/\/mosperu.com\/tienda\/wp-json\/wp\/v2\/product\/9429\/revisions"}],"predecessor-version":[{"id":9465,"href":"https:\/\/mosperu.com\/tienda\/wp-json\/wp\/v2\/product\/9429\/revisions\/9465"}],"wp:featuredmedia":[{"embeddable":true,"href":"https:\/\/mosperu.com\/tienda\/wp-json\/wp\/v2\/media\/9428"}],"wp:attachment":[{"href":"https:\/\/mosperu.com\/tienda\/wp-json\/wp\/v2\/media?parent=9429"}],"wp:term":[{"taxonomy":"product_cat","embeddable":true,"href":"https:\/\/mosperu.com\/tienda\/wp-json\/wp\/v2\/product_cat?post=9429"},{"taxonomy":"product_tag","embeddable":true,"href":"https:\/\/mosperu.com\/tienda\/wp-json\/wp\/v2\/product_tag?post=9429"}],"curies":[{"name":"wp","href":"https:\/\/api.w.org\/{rel}","templated":true}]}}