{"id":8728,"date":"2024-04-11T23:25:30","date_gmt":"2024-04-11T21:25:30","guid":{"rendered":"https:\/\/mosperu.com\/tienda\/?post_type=product&#038;p=8728"},"modified":"2024-12-04T00:33:59","modified_gmt":"2024-12-03T23:33:59","slug":"sirena-interior-inteligente","status":"publish","type":"product","link":"https:\/\/mosperu.com\/tienda\/product\/sirena-interior-inteligente\/","title":{"rendered":"Sirena Interior Inteligente"},"content":{"rendered":"<p>\u00a1Mant\u00e9n tu hogar seguro con nuestra sirena inteligente! Recibe alertas instant\u00e1neas cuando un sensor o c\u00e1mara detecte actividad sospechosa, manteni\u00e9ndote al tanto de lo que sucede en tu casa en todo momento.<\/p>\n","protected":false},"excerpt":{"rendered":"<p>\u00a1Mant\u00e9n tu hogar seguro con nuestra sirena inteligente! Recibe alertas instant\u00e1neas cuando un sensor o c\u00e1mara detecte actividad sospechosa, manteni\u00e9ndote al tanto de lo que sucede en tu casa en todo momento.<\/p>\n","protected":false},"featured_media":9163,"comment_status":"open","ping_status":"closed","template":"","meta":[],"product_cat":[317,316],"product_tag":[],"class_list":{"0":"post-8728","1":"product","2":"type-product","3":"status-publish","4":"has-post-thumbnail","6":"product_cat-camaras-y-seguridad","7":"product_cat-domotica","10":"instock","11":"taxable","12":"shipping-taxable","13":"purchasable","14":"product-type-simple"},"_links":{"self":[{"href":"https:\/\/mosperu.com\/tienda\/wp-json\/wp\/v2\/product\/8728","targetHints":{"allow":["GET"]}}],"collection":[{"href":"https:\/\/mosperu.com\/tienda\/wp-json\/wp\/v2\/product"}],"about":[{"href":"https:\/\/mosperu.com\/tienda\/wp-json\/wp\/v2\/types\/product"}],"replies":[{"embeddable":true,"href":"https:\/\/mosperu.com\/tienda\/wp-json\/wp\/v2\/comments?post=8728"}],"version-history":[{"count":1,"href":"https:\/\/mosperu.com\/tienda\/wp-json\/wp\/v2\/product\/8728\/revisions"}],"predecessor-version":[{"id":8729,"href":"https:\/\/mosperu.com\/tienda\/wp-json\/wp\/v2\/product\/8728\/revisions\/8729"}],"wp:featuredmedia":[{"embeddable":true,"href":"https:\/\/mosperu.com\/tienda\/wp-json\/wp\/v2\/media\/9163"}],"wp:attachment":[{"href":"https:\/\/mosperu.com\/tienda\/wp-json\/wp\/v2\/media?parent=8728"}],"wp:term":[{"taxonomy":"product_cat","embeddable":true,"href":"https:\/\/mosperu.com\/tienda\/wp-json\/wp\/v2\/product_cat?post=8728"},{"taxonomy":"product_tag","embeddable":true,"href":"https:\/\/mosperu.com\/tienda\/wp-json\/wp\/v2\/product_tag?post=8728"}],"curies":[{"name":"wp","href":"https:\/\/api.w.org\/{rel}","templated":true}]}}