{"id":8662,"date":"2024-02-28T22:10:54","date_gmt":"2024-02-28T21:10:54","guid":{"rendered":"https:\/\/mosperu.com\/tienda\/?post_type=product&#038;p=8662"},"modified":"2025-01-25T16:11:10","modified_gmt":"2025-01-25T15:11:10","slug":"fuente-de-poder-de-600-watts","status":"publish","type":"product","link":"https:\/\/mosperu.com\/tienda\/product\/fuente-de-poder-de-600-watts\/","title":{"rendered":"FUENTE DE PODER DE 600 WATTS"},"content":{"rendered":"<p>Potencia tu configuraci\u00f3n con nuestra fuente de poder de 600 watts. Esta fuente confiable y eficiente proporciona la energ\u00eda necesaria para alimentar tus componentes de alta gama. Ya sea que est\u00e9s construyendo o actualizando tu PC, asegura un suministro de energ\u00eda estable y suficiente para tus necesidades. Experimenta un rendimiento sin interrupciones y una confiabilidad excepcional. No escatimes en potencia, invierte en calidad con nuestra fuente de poder de 600 watts. Cont\u00e1ctanos para obtener m\u00e1s detalles y aprovechar nuestras ofertas especiales.<\/p>\n","protected":false},"excerpt":{"rendered":"<p>Potencia tu configuraci\u00f3n con nuestra fuente de poder de 600 watts. Esta fuente confiable y eficiente proporciona la energ\u00eda necesaria para alimentar tus componentes de alta gama. Ya sea que est\u00e9s construyendo o actualizando tu PC, asegura un suministro de energ\u00eda estable y suficiente para tus necesidades. Experimenta un rendimiento sin interrupciones y una confiabilidad &hellip; <a href=\"https:\/\/mosperu.com\/tienda\/product\/fuente-de-poder-de-600-watts\/\" class=\"more-link\">Continuar leyendo <span class=\"screen-reader-text\">FUENTE DE PODER DE 600 WATTS<\/span><\/a><\/p>\n","protected":false},"featured_media":9082,"comment_status":"open","ping_status":"closed","template":"","meta":[],"product_cat":[325,315,326],"product_tag":[],"class_list":{"0":"post-8662","1":"product","2":"type-product","3":"status-publish","4":"has-post-thumbnail","6":"product_cat-componentes","7":"product_cat-accesorios-y-componentes","8":"product_cat-estabilizadores","11":"outofstock","12":"taxable","13":"shipping-taxable","14":"purchasable","15":"product-type-simple"},"_links":{"self":[{"href":"https:\/\/mosperu.com\/tienda\/wp-json\/wp\/v2\/product\/8662","targetHints":{"allow":["GET"]}}],"collection":[{"href":"https:\/\/mosperu.com\/tienda\/wp-json\/wp\/v2\/product"}],"about":[{"href":"https:\/\/mosperu.com\/tienda\/wp-json\/wp\/v2\/types\/product"}],"replies":[{"embeddable":true,"href":"https:\/\/mosperu.com\/tienda\/wp-json\/wp\/v2\/comments?post=8662"}],"version-history":[{"count":1,"href":"https:\/\/mosperu.com\/tienda\/wp-json\/wp\/v2\/product\/8662\/revisions"}],"predecessor-version":[{"id":8663,"href":"https:\/\/mosperu.com\/tienda\/wp-json\/wp\/v2\/product\/8662\/revisions\/8663"}],"wp:featuredmedia":[{"embeddable":true,"href":"https:\/\/mosperu.com\/tienda\/wp-json\/wp\/v2\/media\/9082"}],"wp:attachment":[{"href":"https:\/\/mosperu.com\/tienda\/wp-json\/wp\/v2\/media?parent=8662"}],"wp:term":[{"taxonomy":"product_cat","embeddable":true,"href":"https:\/\/mosperu.com\/tienda\/wp-json\/wp\/v2\/product_cat?post=8662"},{"taxonomy":"product_tag","embeddable":true,"href":"https:\/\/mosperu.com\/tienda\/wp-json\/wp\/v2\/product_tag?post=8662"}],"curies":[{"name":"wp","href":"https:\/\/api.w.org\/{rel}","templated":true}]}}