{"id":8660,"date":"2024-02-28T22:07:46","date_gmt":"2024-02-28T21:07:46","guid":{"rendered":"https:\/\/mosperu.com\/tienda\/?post_type=product&#038;p=8660"},"modified":"2025-01-25T16:11:10","modified_gmt":"2025-01-25T15:11:10","slug":"supresor-de-picos-forza-6-tomas","status":"publish","type":"product","link":"https:\/\/mosperu.com\/tienda\/product\/supresor-de-picos-forza-6-tomas\/","title":{"rendered":"SUPRESOR DE PICOS FORZA 6 TOMAS"},"content":{"rendered":"<p>Protege tus valiosos equipos electr\u00f3nicos con nuestro supresor de picos Forza de 6 tomas. Este dispositivo esencial asegura que tus dispositivos est\u00e9n a salvo de los picos de tensi\u00f3n y las sobrecargas el\u00e9ctricas que pueden da\u00f1arlos. Con seis tomas disponibles, tienes espacio suficiente para conectar m\u00faltiples dispositivos de forma segura. Mant\u00e9n la tranquilidad y asegura la continuidad de tus actividades sin preocuparte por los problemas el\u00e9ctricos. No dejes que los picos de tensi\u00f3n arruinen tus equipos, mant\u00e9n su seguridad con el supresor de picos Forza de 6 tomas. Cont\u00e1ctanos para obtener m\u00e1s detalles y descubrir nuestras ofertas especiales.<\/p>\n","protected":false},"excerpt":{"rendered":"<p>Protege tus valiosos equipos electr\u00f3nicos con nuestro supresor de picos Forza de 6 tomas. Este dispositivo esencial asegura que tus dispositivos est\u00e9n a salvo de los picos de tensi\u00f3n y las sobrecargas el\u00e9ctricas que pueden da\u00f1arlos. Con seis tomas disponibles, tienes espacio suficiente para conectar m\u00faltiples dispositivos de forma segura. Mant\u00e9n la tranquilidad y asegura &hellip; <a href=\"https:\/\/mosperu.com\/tienda\/product\/supresor-de-picos-forza-6-tomas\/\" class=\"more-link\">Continuar leyendo <span class=\"screen-reader-text\">SUPRESOR DE PICOS FORZA 6 TOMAS<\/span><\/a><\/p>\n","protected":false},"featured_media":9081,"comment_status":"open","ping_status":"closed","template":"","meta":[],"product_cat":[315,326],"product_tag":[],"class_list":{"0":"post-8660","1":"product","2":"type-product","3":"status-publish","4":"has-post-thumbnail","6":"product_cat-accesorios-y-componentes","7":"product_cat-estabilizadores","10":"instock","11":"taxable","12":"shipping-taxable","13":"purchasable","14":"product-type-simple"},"_links":{"self":[{"href":"https:\/\/mosperu.com\/tienda\/wp-json\/wp\/v2\/product\/8660","targetHints":{"allow":["GET"]}}],"collection":[{"href":"https:\/\/mosperu.com\/tienda\/wp-json\/wp\/v2\/product"}],"about":[{"href":"https:\/\/mosperu.com\/tienda\/wp-json\/wp\/v2\/types\/product"}],"replies":[{"embeddable":true,"href":"https:\/\/mosperu.com\/tienda\/wp-json\/wp\/v2\/comments?post=8660"}],"version-history":[{"count":1,"href":"https:\/\/mosperu.com\/tienda\/wp-json\/wp\/v2\/product\/8660\/revisions"}],"predecessor-version":[{"id":8661,"href":"https:\/\/mosperu.com\/tienda\/wp-json\/wp\/v2\/product\/8660\/revisions\/8661"}],"wp:featuredmedia":[{"embeddable":true,"href":"https:\/\/mosperu.com\/tienda\/wp-json\/wp\/v2\/media\/9081"}],"wp:attachment":[{"href":"https:\/\/mosperu.com\/tienda\/wp-json\/wp\/v2\/media?parent=8660"}],"wp:term":[{"taxonomy":"product_cat","embeddable":true,"href":"https:\/\/mosperu.com\/tienda\/wp-json\/wp\/v2\/product_cat?post=8660"},{"taxonomy":"product_tag","embeddable":true,"href":"https:\/\/mosperu.com\/tienda\/wp-json\/wp\/v2\/product_tag?post=8660"}],"curies":[{"name":"wp","href":"https:\/\/api.w.org\/{rel}","templated":true}]}}