{"id":8624,"date":"2024-02-28T03:10:45","date_gmt":"2024-02-28T02:10:45","guid":{"rendered":"https:\/\/mosperu.com\/tienda\/?post_type=product&#038;p=8624"},"modified":"2025-01-25T16:27:37","modified_gmt":"2025-01-25T15:27:37","slug":"pila-cr2032","status":"publish","type":"product","link":"https:\/\/mosperu.com\/tienda\/product\/pila-cr2032\/","title":{"rendered":"PILA CR2032"},"content":{"rendered":"<p>\u00a1Energ\u00eda confiable en un peque\u00f1o paquete! Nuestra pila CR2032 proporciona potencia duradera para una variedad de dispositivos, desde relojes hasta controles remotos y m\u00e1s. No te quedes sin energ\u00eda cuando m\u00e1s la necesitas. Mant\u00e9n tus dispositivos funcionando sin problemas con nuestra pila CR2032. \ud83d\udd0b\u2728<\/p>\n<p>Adem\u00e1s de lo que has visto, contamos con una amplia variedad de otros productos disponibles. Si tienes algo espec\u00edfico en mente o si deseas explorar m\u00e1s opciones, no dudes en preguntar. Estamos aqu\u00ed para ayudarte a encontrar exactamente lo que necesitas.<\/p>\n","protected":false},"excerpt":{"rendered":"<p>\u00a1Energ\u00eda confiable en un peque\u00f1o paquete! Nuestra pila CR2032 proporciona potencia duradera para una variedad de dispositivos, desde relojes hasta controles remotos y m\u00e1s. No te quedes sin energ\u00eda cuando m\u00e1s la necesitas. Mant\u00e9n tus dispositivos funcionando sin problemas con nuestra pila CR2032. \ud83d\udd0b\u2728 Adem\u00e1s de lo que has visto, contamos con una amplia variedad &hellip; <a href=\"https:\/\/mosperu.com\/tienda\/product\/pila-cr2032\/\" class=\"more-link\">Continuar leyendo <span class=\"screen-reader-text\">PILA CR2032<\/span><\/a><\/p>\n","protected":false},"featured_media":9040,"comment_status":"open","ping_status":"closed","template":"","meta":[],"product_cat":[325,315],"product_tag":[],"class_list":{"0":"post-8624","1":"product","2":"type-product","3":"status-publish","4":"has-post-thumbnail","6":"product_cat-componentes","7":"product_cat-accesorios-y-componentes","10":"instock","11":"taxable","12":"shipping-taxable","13":"purchasable","14":"product-type-simple"},"_links":{"self":[{"href":"https:\/\/mosperu.com\/tienda\/wp-json\/wp\/v2\/product\/8624","targetHints":{"allow":["GET"]}}],"collection":[{"href":"https:\/\/mosperu.com\/tienda\/wp-json\/wp\/v2\/product"}],"about":[{"href":"https:\/\/mosperu.com\/tienda\/wp-json\/wp\/v2\/types\/product"}],"replies":[{"embeddable":true,"href":"https:\/\/mosperu.com\/tienda\/wp-json\/wp\/v2\/comments?post=8624"}],"version-history":[{"count":1,"href":"https:\/\/mosperu.com\/tienda\/wp-json\/wp\/v2\/product\/8624\/revisions"}],"predecessor-version":[{"id":8625,"href":"https:\/\/mosperu.com\/tienda\/wp-json\/wp\/v2\/product\/8624\/revisions\/8625"}],"wp:featuredmedia":[{"embeddable":true,"href":"https:\/\/mosperu.com\/tienda\/wp-json\/wp\/v2\/media\/9040"}],"wp:attachment":[{"href":"https:\/\/mosperu.com\/tienda\/wp-json\/wp\/v2\/media?parent=8624"}],"wp:term":[{"taxonomy":"product_cat","embeddable":true,"href":"https:\/\/mosperu.com\/tienda\/wp-json\/wp\/v2\/product_cat?post=8624"},{"taxonomy":"product_tag","embeddable":true,"href":"https:\/\/mosperu.com\/tienda\/wp-json\/wp\/v2\/product_tag?post=8624"}],"curies":[{"name":"wp","href":"https:\/\/api.w.org\/{rel}","templated":true}]}}