{"id":4194,"date":"2024-06-21T01:48:32","date_gmt":"2024-06-20T23:48:32","guid":{"rendered":"https:\/\/mosperu.com\/tienda\/?post_type=product&#038;p=4194"},"modified":"2024-12-04T17:44:19","modified_gmt":"2024-12-04T16:44:19","slug":"camarar-ezviz-h8-pro-3k-360","status":"publish","type":"product","link":"https:\/\/mosperu.com\/tienda\/product\/camarar-ezviz-h8-pro-3k-360\/","title":{"rendered":"Camara Ezviz H8 Pro 3K 360\u00b0 Exterior"},"content":{"rendered":"<div class=\"text-ele\">\n<p><img decoding=\"async\" src=\"https:\/\/mfs.ezvizlife.com\/fbee9db05b275c80d8c5e97da17e81d2.jpg\" \/><\/p>\n<p><strong>Un ojo m\u00e1s ancho y n\u00edtido para una cobertura de \u00e1rea completa<\/strong><\/p>\n<\/div>\n<div class=\"text-ele\">\n<p>Es hora de actualizar su sistema de seguridad para exteriores con la nueva c\u00e1mara EZVIZ H8 Pro 3K. Impulsada por un algoritmo de IA incorporado, esta c\u00e1mara de nuevo nivel es una de las m\u00e1s inteligentes de su categor\u00eda para detectar diferentes actividades, junto con funciones \u00fatiles para facilitar las comunicaciones. Motorizada para ver en todas las direcciones con una calidad de video impresionante, hace que sea dif\u00edcil para cualquier persona o cosa escapar de su atenci\u00f3n.<\/p>\n<\/div>\n<ul>\n<li>3K Resolution<\/li>\n<li class=\"text-ele\">Cobertura panor\u00e1mica de 360\u00b0<\/li>\n<li class=\"text-ele\">Detecci\u00f3n de personas \/ veh\u00edculos con tecnolog\u00eda de IA<\/li>\n<li class=\"text-ele\">Seguimiento Autom\u00e1tico<\/li>\n<li class=\"text-ele\">Retorno a las instrucciones preestablecidas con un solo clic<\/li>\n<li class=\"text-ele\">Iniciaci\u00f3n de la llamada de la c\u00e1mara mediante un movimiento de la mano<\/li>\n<li>Defensa activa con sirena y luz estrobosc\u00f3pica<\/li>\n<li class=\"text-ele\">Visi\u00f3n Nocturna a Color<\/li>\n<li class=\"text-ele\">Comunicaci\u00f3n Bidireccional<\/li>\n<li class=\"text-ele\">Tecnolog\u00eda de Video H.265<\/li>\n<li class=\"text-ele\">Dise\u00f1o resistente a la intemperie<\/li>\n<li class=\"text-ele\">Soporta tarjetas MicroSD (hasta 512 GB) y almacenamiento EZVIZ CloudPlay\u00b9<\/li>\n<\/ul>\n<p>&nbsp;<\/p>\n<p><strong>360\u00b0 para im\u00e1genes m\u00e1s amplias, 3K para detalles m\u00e1s claros<\/strong><\/p>\n<div class=\"text-ele\">\n<p>Para una protecci\u00f3n eficaz del hogar, es importante obtener una visi\u00f3n n\u00edtida y amplia de cada detalle crucial. El dise\u00f1o flexible de giro e inclinaci\u00f3n de la c\u00e1mara y la resoluci\u00f3n 3K sorprendentemente clara pueden ayudar a reducir en gran medida los puntos ciegos y evitar informaci\u00f3n borrosa.<\/p>\n<\/div>\n<p><img decoding=\"async\" src=\"https:\/\/mfs.ezvizlife.com\/63de81106874cfe9d2d10a6e1df9f58f.jpg\" \/><\/p>\n<p><strong>Funciones \u00fatiles de IA para mejorar la seguridad inteligente<\/strong><\/p>\n<div class=\"text-ele\">\n<ul>\n<li>Detecci\u00f3n de personas \/ veh\u00edculos con tecnolog\u00eda de IA<\/li>\n<\/ul>\n<\/div>\n<div class=\"text-ele\">\n<p>Reconocimiento y control del movimiento de las manos<\/p>\n<\/div>\n<div class=\"text-ele\">\n<p>Zona de detecci\u00f3n personalizable<\/p>\n<\/div>\n<div class=\"text-ele\">\n<p>Sin cuota de suscripci\u00f3n<\/p>\n<div class=\"text-ele\">\n<p>Mant\u00e9ngase informado con notificaciones m\u00e1s inteligentes<\/p>\n<\/div>\n<div class=\"text-ele\">\n<p>El algoritmo de IA de la c\u00e1mara le ayuda a identificar a las personas y los veh\u00edculos en movimiento. Reduce las alertas causadas por la ca\u00edda de hojas o los insectos voladores y le informa cuando alguien estaciona en el \u00e1rea de su propiedad sin permiso.<\/p>\n<\/div>\n<\/div>\n<div class=\"text-ele\">\n<p>Llame con un simple gesto de la mano<\/p>\n<\/div>\n<div class=\"text-ele\">\n<p>Los miembros de su familia o sus visitas pueden iniciar una videollamada a su tel\u00e9fono\u00b2 saludando a la c\u00e1mara. Ideal para avisarle cada vez que sus hijos regresen a casa de la escuela.<\/p>\n<div class=\"text-ele\">\n<p><img decoding=\"async\" src=\"https:\/\/mfs.ezvizlife.com\/7b4dca354816eab82f10beb62b46cd26.jpg\" \/><\/p>\n<p><strong>Una c\u00e1mara inteligente que permite bloquear, hacer zoom y seguir lo que es importante para usted<\/strong><\/p>\n<\/div>\n<div class=\"text-ele\">\n<p>Cuando se detecta un movimiento humano, la H8 Pro 3K gira autom\u00e1ticamente para seguir el movimiento y hace un zoom de hasta 4 veces para grabar la actividad. Se asegura de que est\u00e9 al tanto de todo el proceso que ocurre en su zona vigilada.<\/p>\n<\/div>\n<div class=\"text-ele\">\n<p><img decoding=\"async\" src=\"https:\/\/mfs.ezvizlife.com\/22d975b6e04156b463893ae91a10fbd1.jpg\" \/><\/p>\n<p><strong>Patrulle los lugares que m\u00e1s le importan<\/strong><\/p>\n<\/div>\n<div class=\"text-ele\">\n<p>Por lo general, hay \u00e1reas particulares alrededor de su hogar que necesitan su atenci\u00f3n adicional. Con la H8 Pro 3K, puede localizar hasta 12 puntos de visi\u00f3n a trav\u00e9s de la aplicaci\u00f3n EZVIZ. Incluso si la c\u00e1mara ha cambiado su \u00e1ngulo de vigilancia despu\u00e9s de realizar el seguimiento autom\u00e1tico de una actividad, basta con tocar los puntos preestablecidos para ayudarla a retomar su lugar r\u00e1pidamente.<\/p>\n<p><img decoding=\"async\" src=\"https:\/\/mfs.ezvizlife.com\/b222c212662d2471842e346ff2780405.jpg\" \/><\/p>\n<\/div>\n<\/div>\n<div class=\"text-ele\">\n<p><strong>Protege activamente su hogar<\/strong><\/p>\n<\/div>\n<div class=\"text-ele\">\n<p>La c\u00e1mara cuenta con la funci\u00f3n de defensa activa para proporcionar un nivel adicional de protecci\u00f3n. Al detectar a los intrusos, la c\u00e1mara activar\u00e1 una sirena fuerte y encender\u00e1 dos focos\u00b3 para advertirles de que se vayan.<\/p>\n<\/div>\n<p><img decoding=\"async\" src=\"https:\/\/mfs.ezvizlife.com\/b87bc358dc44b3d757935c81862dcf03.jpg\" \/><\/p>\n<div class=\"text-ele\">\n<p><strong>Visi\u00f3n nocturna a todo color de gran alcance<\/strong><\/p>\n<\/div>\n<div class=\"text-ele\">\n<p>La c\u00e1mara se encarga de que nadie pueda ingresar f\u00e1cilmente en medio de la oscuridad. Ofrece una visi\u00f3n nocturna a todo color gracias a los reflectores incorporados, y garantiza una sorprendente visi\u00f3n en blanco y negro cuando las luces est\u00e1n apagadas. Lo que es mejor, permite configurar la c\u00e1mara en el modo de &#8220;visi\u00f3n nocturna inteligente&#8221; para que su visi\u00f3n pueda cambiar autom\u00e1ticamente de blanco y negro a todo color al detectar movimiento.<\/p>\n<p><img decoding=\"async\" src=\"https:\/\/mfs.ezvizlife.com\/3a09ca0aed5724672d820fedea3dde74.jpg\" \/><\/p>\n<div class=\"text-ele\">\n<p>Vea, escuche y comun\u00edquese desde cualquier lugar<\/p>\n<\/div>\n<div class=\"text-ele\">\n<p>\u00bfSali\u00f3 de casa para viajar en familia pero le preocupa perder entregas o recibir visitas inesperadas? Con la H8 Pro 3K, solo tiene que utilizar su smartphone para ver, o\u00edr y hablar con cualquier persona que se presente en el \u00e1rea de su propiedad.<\/p>\n<p><img decoding=\"async\" src=\"https:\/\/mfs.ezvizlife.com\/1cc7f0148f26b5d21c829d93faa1ac67.jpg\" \/><\/p>\n<div class=\"text-ele\">\n<p>Un buen dise\u00f1o para todos los hogares, a prueba de todo tipo de climas<\/p>\n<\/div>\n<div class=\"text-ele\">\n<p>Diga adi\u00f3s a la voluminosidad. La H8 Pro 3K tiene un dise\u00f1o compacto y es resistente a la intemperie para ofrecer un rendimiento duradero, incluso en condiciones clim\u00e1ticas adversas.<\/p>\n<\/div>\n<p><img decoding=\"async\" src=\"https:\/\/mfs.ezvizlife.com\/168551347c0a8ebc82a57b195c394ad3.jpg\" \/><\/p>\n<div class=\"text-ele\">\n<p><strong>Opciones de almacenamiento de gran tama\u00f1o y seguridad en las que puede confiar<\/strong><\/p>\n<\/div>\n<div class=\"text-ele\">\n<p>Puede proteger sus videos grabados en una tarjeta microSD local de hasta 512\u00a0GB o suscribirse a EZVIZ CloudPlay para obtener un almacenamiento en la nube totalmente cifrado\u00b9.<\/p>\n<\/div>\n<div class=\"text-ele\">\n<ul>\n<li>Soporta Tarjeta MicroSD<\/li>\n<li>Soporta almacenamiento en EZVIZ CloudPlay<\/li>\n<\/ul>\n<\/div>\n<div class=\"text-ele\">\n<p><strong>Placer visual mejorado con archivos de video m\u00e1s peque\u00f1osa<\/strong><\/p>\n<\/div>\n<div class=\"text-ele\">\n<p>En comparaci\u00f3n con la tecnolog\u00eda de compresi\u00f3n de video H.264 predominante, H.265 crea una experiencia de visualizaci\u00f3n m\u00e1s fluida con los videos grabados. Mientras tanto, no tendr\u00e1 que preocuparse de que los archivos de video grandes ocupen demasiado espacio de almacenamiento: la tecnolog\u00eda H.265 reduce su tama\u00f1o hasta en un 50%\u2074.<\/p>\n<p><img decoding=\"async\" src=\"https:\/\/mfs.ezvizlife.com\/2f4e902d24489f190506a6f87691d531.jpg\" \/><\/p>\n<div class=\"text-ele\">\n<p>Una aplicaci\u00f3n para todos los d\u00edas<\/p>\n<\/div>\n<div class=\"text-ele\">\n<p>Gracias a la aplicaci\u00f3n EZVIZ, mant\u00e9ngase siempre conectado con su hogar incluso cuando no est\u00e9 en casa.<\/p>\n<\/div>\n<div class=\"text-ele\">\n<ul>\n<li>Alerta instant\u00e1nea<\/li>\n<li>Control remoto<\/li>\n<li>Vista en vivo con zoom de 8x<\/li>\n<li>Historial de Videos<\/li>\n<li>Zona de detecci\u00f3n<\/li>\n<li>Hogar conectado<\/li>\n<\/ul>\n<\/div>\n<div class=\"text-ele\">\n<p><img decoding=\"async\" src=\"https:\/\/mfs.ezvizlife.com\/e3c175a972e71d7093b64dea6c2b0958.jpg\" \/><\/p>\n<\/div>\n<\/div>\n<\/div>\n<\/div>\n","protected":false},"excerpt":{"rendered":"<p>Un ojo m\u00e1s ancho y n\u00edtido para una cobertura de \u00e1rea completa Es hora de actualizar su sistema de seguridad para exteriores con la nueva c\u00e1mara EZVIZ H8 Pro 3K. Impulsada por un algoritmo de IA incorporado, esta c\u00e1mara de nuevo nivel es una de las m\u00e1s inteligentes de su categor\u00eda para detectar diferentes actividades, &hellip; <a href=\"https:\/\/mosperu.com\/tienda\/product\/camarar-ezviz-h8-pro-3k-360\/\" class=\"more-link\">Continuar leyendo <span class=\"screen-reader-text\">Camara Ezviz H8 Pro 3K 360\u00b0 Exterior<\/span><\/a><\/p>\n","protected":false},"featured_media":9329,"comment_status":"open","ping_status":"closed","template":"","meta":[],"product_cat":[317],"product_tag":[],"class_list":{"0":"post-4194","1":"product","2":"type-product","3":"status-publish","4":"has-post-thumbnail","6":"product_cat-camaras-y-seguridad","9":"instock","10":"sale","11":"taxable","12":"shipping-taxable","13":"purchasable","14":"product-type-simple"},"_links":{"self":[{"href":"https:\/\/mosperu.com\/tienda\/wp-json\/wp\/v2\/product\/4194","targetHints":{"allow":["GET"]}}],"collection":[{"href":"https:\/\/mosperu.com\/tienda\/wp-json\/wp\/v2\/product"}],"about":[{"href":"https:\/\/mosperu.com\/tienda\/wp-json\/wp\/v2\/types\/product"}],"replies":[{"embeddable":true,"href":"https:\/\/mosperu.com\/tienda\/wp-json\/wp\/v2\/comments?post=4194"}],"version-history":[{"count":1,"href":"https:\/\/mosperu.com\/tienda\/wp-json\/wp\/v2\/product\/4194\/revisions"}],"predecessor-version":[{"id":8743,"href":"https:\/\/mosperu.com\/tienda\/wp-json\/wp\/v2\/product\/4194\/revisions\/8743"}],"wp:featuredmedia":[{"embeddable":true,"href":"https:\/\/mosperu.com\/tienda\/wp-json\/wp\/v2\/media\/9329"}],"wp:attachment":[{"href":"https:\/\/mosperu.com\/tienda\/wp-json\/wp\/v2\/media?parent=4194"}],"wp:term":[{"taxonomy":"product_cat","embeddable":true,"href":"https:\/\/mosperu.com\/tienda\/wp-json\/wp\/v2\/product_cat?post=4194"},{"taxonomy":"product_tag","embeddable":true,"href":"https:\/\/mosperu.com\/tienda\/wp-json\/wp\/v2\/product_tag?post=4194"}],"curies":[{"name":"wp","href":"https:\/\/api.w.org\/{rel}","templated":true}]}}