{"id":3938,"date":"2024-04-11T23:59:42","date_gmt":"2024-04-11T21:59:42","guid":{"rendered":"https:\/\/mosperu.com\/tienda\/?post_type=product&#038;p=3938"},"modified":"2024-12-04T00:24:57","modified_gmt":"2024-12-03T23:24:57","slug":"sonoff-interruptor-inteligente-basico-trabaja-con-google","status":"publish","type":"product","link":"https:\/\/mosperu.com\/tienda\/product\/sonoff-interruptor-inteligente-basico-trabaja-con-google\/","title":{"rendered":"SONOFF Interruptor inteligente b\u00e1sico trabaja con Google"},"content":{"rendered":"<p>El interruptor inteligente b\u00e1sico SONOFF es la soluci\u00f3n perfecta para automatizar tu hogar y funciona de manera integrada con Google Assistant. Controla tus dispositivos el\u00e9ctricos con comandos de voz, programa horarios y configura escenas personalizadas para una experiencia de hogar inteligente sin complicaciones. Con SONOFF, lleva tu hogar al siguiente nivel de comodidad y eficiencia.<\/p>\n","protected":false},"excerpt":{"rendered":"<p>El interruptor inteligente b\u00e1sico SONOFF es la soluci\u00f3n perfecta para automatizar tu hogar y funciona de manera integrada con Google Assistant. Controla tus dispositivos el\u00e9ctricos con comandos de voz, programa horarios y configura escenas personalizadas para una experiencia de hogar inteligente sin complicaciones. Con SONOFF, lleva tu hogar al siguiente nivel de comodidad y eficiencia.<\/p>\n","protected":false},"featured_media":9168,"comment_status":"open","ping_status":"closed","template":"","meta":[],"product_cat":[316],"product_tag":[],"class_list":{"0":"post-3938","1":"product","2":"type-product","3":"status-publish","4":"has-post-thumbnail","6":"product_cat-domotica","9":"instock","10":"taxable","11":"shipping-taxable","12":"purchasable","13":"product-type-simple"},"_links":{"self":[{"href":"https:\/\/mosperu.com\/tienda\/wp-json\/wp\/v2\/product\/3938","targetHints":{"allow":["GET"]}}],"collection":[{"href":"https:\/\/mosperu.com\/tienda\/wp-json\/wp\/v2\/product"}],"about":[{"href":"https:\/\/mosperu.com\/tienda\/wp-json\/wp\/v2\/types\/product"}],"replies":[{"embeddable":true,"href":"https:\/\/mosperu.com\/tienda\/wp-json\/wp\/v2\/comments?post=3938"}],"version-history":[{"count":1,"href":"https:\/\/mosperu.com\/tienda\/wp-json\/wp\/v2\/product\/3938\/revisions"}],"predecessor-version":[{"id":8735,"href":"https:\/\/mosperu.com\/tienda\/wp-json\/wp\/v2\/product\/3938\/revisions\/8735"}],"wp:featuredmedia":[{"embeddable":true,"href":"https:\/\/mosperu.com\/tienda\/wp-json\/wp\/v2\/media\/9168"}],"wp:attachment":[{"href":"https:\/\/mosperu.com\/tienda\/wp-json\/wp\/v2\/media?parent=3938"}],"wp:term":[{"taxonomy":"product_cat","embeddable":true,"href":"https:\/\/mosperu.com\/tienda\/wp-json\/wp\/v2\/product_cat?post=3938"},{"taxonomy":"product_tag","embeddable":true,"href":"https:\/\/mosperu.com\/tienda\/wp-json\/wp\/v2\/product_tag?post=3938"}],"curies":[{"name":"wp","href":"https:\/\/api.w.org\/{rel}","templated":true}]}}