{"id":3935,"date":"2024-04-11T23:58:51","date_gmt":"2024-04-11T21:58:51","guid":{"rendered":"https:\/\/mosperu.com\/tienda\/?post_type=product&#038;p=3935"},"modified":"2024-12-04T00:34:41","modified_gmt":"2024-12-03T23:34:41","slug":"switch-hdmi-bi-direccional","status":"publish","type":"product","link":"https:\/\/mosperu.com\/tienda\/product\/switch-hdmi-bi-direccional\/","title":{"rendered":"SWITCH HDMI Bi direccional"},"content":{"rendered":"<p>Con nuestro interruptor HDMI bidireccional, podr\u00e1s conectar dos fuentes HDMI a una pantalla o una fuente HDMI para alternar entre dos pantallas. Simplifica tu configuraci\u00f3n y disfruta de una conmutaci\u00f3n r\u00e1pida y sencilla entre dispositivos HDMI con este pr\u00e1ctico interruptor. Ideal para optimizar tu experiencia multimedia en casa u oficina.<\/p>\n","protected":false},"excerpt":{"rendered":"<p>Con nuestro interruptor HDMI bidireccional, podr\u00e1s conectar dos fuentes HDMI a una pantalla o una fuente HDMI para alternar entre dos pantallas. Simplifica tu configuraci\u00f3n y disfruta de una conmutaci\u00f3n r\u00e1pida y sencilla entre dispositivos HDMI con este pr\u00e1ctico interruptor. Ideal para optimizar tu experiencia multimedia en casa u oficina.<\/p>\n","protected":false},"featured_media":9167,"comment_status":"open","ping_status":"closed","template":"","meta":[],"product_cat":[322,315],"product_tag":[],"class_list":{"0":"post-3935","1":"product","2":"type-product","3":"status-publish","4":"has-post-thumbnail","6":"product_cat-adaptadores","7":"product_cat-accesorios-y-componentes","10":"instock","11":"taxable","12":"shipping-taxable","13":"purchasable","14":"product-type-simple"},"_links":{"self":[{"href":"https:\/\/mosperu.com\/tienda\/wp-json\/wp\/v2\/product\/3935","targetHints":{"allow":["GET"]}}],"collection":[{"href":"https:\/\/mosperu.com\/tienda\/wp-json\/wp\/v2\/product"}],"about":[{"href":"https:\/\/mosperu.com\/tienda\/wp-json\/wp\/v2\/types\/product"}],"replies":[{"embeddable":true,"href":"https:\/\/mosperu.com\/tienda\/wp-json\/wp\/v2\/comments?post=3935"}],"version-history":[{"count":1,"href":"https:\/\/mosperu.com\/tienda\/wp-json\/wp\/v2\/product\/3935\/revisions"}],"predecessor-version":[{"id":8734,"href":"https:\/\/mosperu.com\/tienda\/wp-json\/wp\/v2\/product\/3935\/revisions\/8734"}],"wp:featuredmedia":[{"embeddable":true,"href":"https:\/\/mosperu.com\/tienda\/wp-json\/wp\/v2\/media\/9167"}],"wp:attachment":[{"href":"https:\/\/mosperu.com\/tienda\/wp-json\/wp\/v2\/media?parent=3935"}],"wp:term":[{"taxonomy":"product_cat","embeddable":true,"href":"https:\/\/mosperu.com\/tienda\/wp-json\/wp\/v2\/product_cat?post=3935"},{"taxonomy":"product_tag","embeddable":true,"href":"https:\/\/mosperu.com\/tienda\/wp-json\/wp\/v2\/product_tag?post=3935"}],"curies":[{"name":"wp","href":"https:\/\/api.w.org\/{rel}","templated":true}]}}