{"id":3932,"date":"2024-04-11T23:58:05","date_gmt":"2024-04-11T21:58:05","guid":{"rendered":"https:\/\/mosperu.com\/tienda\/?post_type=product&#038;p=3932"},"modified":"2024-12-04T00:35:11","modified_gmt":"2024-12-03T23:35:11","slug":"cinta-led-inteligente-rgb-blizwolf-5-m","status":"publish","type":"product","link":"https:\/\/mosperu.com\/tienda\/product\/cinta-led-inteligente-rgb-blizwolf-5-m\/","title":{"rendered":"Cinta Led inteligente RGB Blizwolf 5 m"},"content":{"rendered":"<p>Experimenta la magia de la iluminaci\u00f3n con la cinta LED inteligente RGB Blitzwolf de 5 metros. Transforma cualquier espacio con colores vibrantes y efectos din\u00e1micos, todo controlado desde tu smartphone. Personaliza la atm\u00f3sfera de tu hogar, crea ambientes \u00fanicos y haz que tus momentos sean a\u00fan m\u00e1s especiales con esta cinta LED inteligente.<\/p>\n","protected":false},"excerpt":{"rendered":"<p>Experimenta la magia de la iluminaci\u00f3n con la cinta LED inteligente RGB Blitzwolf de 5 metros. Transforma cualquier espacio con colores vibrantes y efectos din\u00e1micos, todo controlado desde tu smartphone. Personaliza la atm\u00f3sfera de tu hogar, crea ambientes \u00fanicos y haz que tus momentos sean a\u00fan m\u00e1s especiales con esta cinta LED inteligente.<\/p>\n","protected":false},"featured_media":9166,"comment_status":"open","ping_status":"closed","template":"","meta":[],"product_cat":[316,315,331],"product_tag":[],"class_list":{"0":"post-3932","1":"product","2":"type-product","3":"status-publish","4":"has-post-thumbnail","6":"product_cat-domotica","7":"product_cat-accesorios-y-componentes","8":"product_cat-perifericos","11":"instock","12":"taxable","13":"shipping-taxable","14":"purchasable","15":"product-type-simple"},"_links":{"self":[{"href":"https:\/\/mosperu.com\/tienda\/wp-json\/wp\/v2\/product\/3932","targetHints":{"allow":["GET"]}}],"collection":[{"href":"https:\/\/mosperu.com\/tienda\/wp-json\/wp\/v2\/product"}],"about":[{"href":"https:\/\/mosperu.com\/tienda\/wp-json\/wp\/v2\/types\/product"}],"replies":[{"embeddable":true,"href":"https:\/\/mosperu.com\/tienda\/wp-json\/wp\/v2\/comments?post=3932"}],"version-history":[{"count":1,"href":"https:\/\/mosperu.com\/tienda\/wp-json\/wp\/v2\/product\/3932\/revisions"}],"predecessor-version":[{"id":8733,"href":"https:\/\/mosperu.com\/tienda\/wp-json\/wp\/v2\/product\/3932\/revisions\/8733"}],"wp:featuredmedia":[{"embeddable":true,"href":"https:\/\/mosperu.com\/tienda\/wp-json\/wp\/v2\/media\/9166"}],"wp:attachment":[{"href":"https:\/\/mosperu.com\/tienda\/wp-json\/wp\/v2\/media?parent=3932"}],"wp:term":[{"taxonomy":"product_cat","embeddable":true,"href":"https:\/\/mosperu.com\/tienda\/wp-json\/wp\/v2\/product_cat?post=3932"},{"taxonomy":"product_tag","embeddable":true,"href":"https:\/\/mosperu.com\/tienda\/wp-json\/wp\/v2\/product_tag?post=3932"}],"curies":[{"name":"wp","href":"https:\/\/api.w.org\/{rel}","templated":true}]}}