{"id":3929,"date":"2024-04-11T23:48:23","date_gmt":"2024-04-11T21:48:23","guid":{"rendered":"https:\/\/mosperu.com\/tienda\/?post_type=product&#038;p=3929"},"modified":"2024-12-04T00:35:17","modified_gmt":"2024-12-03T23:35:17","slug":"cinta-led-inteligente-wifi","status":"publish","type":"product","link":"https:\/\/mosperu.com\/tienda\/product\/cinta-led-inteligente-wifi\/","title":{"rendered":"Cinta led Inteligente Wifi"},"content":{"rendered":"<p>Explora la versatilidad de nuestra cinta LED inteligente WiFi. Personaliza la iluminaci\u00f3n de tu hogar con colores vibrantes y efectos din\u00e1micos, todo desde la comodidad de tu smartphone. Controla f\u00e1cilmente la intensidad y el color de la luz, programa horarios y sincroniza tu iluminaci\u00f3n con tu m\u00fasica favorita. Transforma tu espacio con nuestra cinta LED inteligente WiFi.<\/p>\n","protected":false},"excerpt":{"rendered":"<p>Explora la versatilidad de nuestra cinta LED inteligente WiFi. Personaliza la iluminaci\u00f3n de tu hogar con colores vibrantes y efectos din\u00e1micos, todo desde la comodidad de tu smartphone. Controla f\u00e1cilmente la intensidad y el color de la luz, programa horarios y sincroniza tu iluminaci\u00f3n con tu m\u00fasica favorita. Transforma tu espacio con nuestra cinta LED &hellip; <a href=\"https:\/\/mosperu.com\/tienda\/product\/cinta-led-inteligente-wifi\/\" class=\"more-link\">Continuar leyendo <span class=\"screen-reader-text\">Cinta led Inteligente Wifi<\/span><\/a><\/p>\n","protected":false},"featured_media":9165,"comment_status":"open","ping_status":"closed","template":"","meta":[],"product_cat":[316,315,331],"product_tag":[],"class_list":{"0":"post-3929","1":"product","2":"type-product","3":"status-publish","4":"has-post-thumbnail","6":"product_cat-domotica","7":"product_cat-accesorios-y-componentes","8":"product_cat-perifericos","11":"outofstock","12":"taxable","13":"shipping-taxable","14":"purchasable","15":"product-type-simple"},"_links":{"self":[{"href":"https:\/\/mosperu.com\/tienda\/wp-json\/wp\/v2\/product\/3929","targetHints":{"allow":["GET"]}}],"collection":[{"href":"https:\/\/mosperu.com\/tienda\/wp-json\/wp\/v2\/product"}],"about":[{"href":"https:\/\/mosperu.com\/tienda\/wp-json\/wp\/v2\/types\/product"}],"replies":[{"embeddable":true,"href":"https:\/\/mosperu.com\/tienda\/wp-json\/wp\/v2\/comments?post=3929"}],"version-history":[{"count":1,"href":"https:\/\/mosperu.com\/tienda\/wp-json\/wp\/v2\/product\/3929\/revisions"}],"predecessor-version":[{"id":8732,"href":"https:\/\/mosperu.com\/tienda\/wp-json\/wp\/v2\/product\/3929\/revisions\/8732"}],"wp:featuredmedia":[{"embeddable":true,"href":"https:\/\/mosperu.com\/tienda\/wp-json\/wp\/v2\/media\/9165"}],"wp:attachment":[{"href":"https:\/\/mosperu.com\/tienda\/wp-json\/wp\/v2\/media?parent=3929"}],"wp:term":[{"taxonomy":"product_cat","embeddable":true,"href":"https:\/\/mosperu.com\/tienda\/wp-json\/wp\/v2\/product_cat?post=3929"},{"taxonomy":"product_tag","embeddable":true,"href":"https:\/\/mosperu.com\/tienda\/wp-json\/wp\/v2\/product_tag?post=3929"}],"curies":[{"name":"wp","href":"https:\/\/api.w.org\/{rel}","templated":true}]}}