{"id":3926,"date":"2024-04-11T23:45:21","date_gmt":"2024-04-11T21:45:21","guid":{"rendered":"https:\/\/mosperu.com\/tienda\/?post_type=product&#038;p=3926"},"modified":"2024-12-04T00:25:03","modified_gmt":"2024-12-03T23:25:03","slug":"enchufe-tomacorriente-inteligente","status":"publish","type":"product","link":"https:\/\/mosperu.com\/tienda\/product\/enchufe-tomacorriente-inteligente\/","title":{"rendered":"Enchufe Tomacorriente Inteligente"},"content":{"rendered":"<p>Descubre la conveniencia de nuestro enchufe tomacorriente inteligente. Conecta y controla tus dispositivos el\u00e9ctricos desde cualquier lugar con tu smartphone. Programa horarios, monitorea el consumo de energ\u00eda y disfruta de la comodidad de la automatizaci\u00f3n en tu hogar. Simplifica tu vida con nuestro enchufe inteligente.<\/p>\n","protected":false},"excerpt":{"rendered":"<p>Descubre la conveniencia de nuestro enchufe tomacorriente inteligente. Conecta y controla tus dispositivos el\u00e9ctricos desde cualquier lugar con tu smartphone. Programa horarios, monitorea el consumo de energ\u00eda y disfruta de la comodidad de la automatizaci\u00f3n en tu hogar. Simplifica tu vida con nuestro enchufe inteligente.<\/p>\n","protected":false},"featured_media":9164,"comment_status":"open","ping_status":"closed","template":"","meta":[],"product_cat":[316],"product_tag":[],"class_list":{"0":"post-3926","1":"product","2":"type-product","3":"status-publish","4":"has-post-thumbnail","6":"product_cat-domotica","9":"instock","10":"taxable","11":"shipping-taxable","12":"purchasable","13":"product-type-simple"},"_links":{"self":[{"href":"https:\/\/mosperu.com\/tienda\/wp-json\/wp\/v2\/product\/3926","targetHints":{"allow":["GET"]}}],"collection":[{"href":"https:\/\/mosperu.com\/tienda\/wp-json\/wp\/v2\/product"}],"about":[{"href":"https:\/\/mosperu.com\/tienda\/wp-json\/wp\/v2\/types\/product"}],"replies":[{"embeddable":true,"href":"https:\/\/mosperu.com\/tienda\/wp-json\/wp\/v2\/comments?post=3926"}],"version-history":[{"count":1,"href":"https:\/\/mosperu.com\/tienda\/wp-json\/wp\/v2\/product\/3926\/revisions"}],"predecessor-version":[{"id":8731,"href":"https:\/\/mosperu.com\/tienda\/wp-json\/wp\/v2\/product\/3926\/revisions\/8731"}],"wp:featuredmedia":[{"embeddable":true,"href":"https:\/\/mosperu.com\/tienda\/wp-json\/wp\/v2\/media\/9164"}],"wp:attachment":[{"href":"https:\/\/mosperu.com\/tienda\/wp-json\/wp\/v2\/media?parent=3926"}],"wp:term":[{"taxonomy":"product_cat","embeddable":true,"href":"https:\/\/mosperu.com\/tienda\/wp-json\/wp\/v2\/product_cat?post=3926"},{"taxonomy":"product_tag","embeddable":true,"href":"https:\/\/mosperu.com\/tienda\/wp-json\/wp\/v2\/product_tag?post=3926"}],"curies":[{"name":"wp","href":"https:\/\/api.w.org\/{rel}","templated":true}]}}