{"id":3884,"date":"2024-04-11T17:19:04","date_gmt":"2024-04-11T15:19:04","guid":{"rendered":"https:\/\/mosperu.com\/tienda\/?post_type=product&#038;p=3884"},"modified":"2024-12-04T00:54:50","modified_gmt":"2024-12-03T23:54:50","slug":"monitor-lg-de-18-5","status":"publish","type":"product","link":"https:\/\/mosperu.com\/tienda\/product\/monitor-lg-de-18-5\/","title":{"rendered":"Monitor LG de 18.5&#8243;"},"content":{"rendered":"<p>Descubre la eficiencia y la versatilidad con nuestro monitor de 18.5&#8243;. Este monitor compacto ofrece un tama\u00f1o ideal para tareas esenciales y aplicaciones cotidianas. Experimenta una calidad de imagen clara y colores precisos en un formato que se adapta a cualquier espacio. Ya sea para la oficina en casa, la educaci\u00f3n en l\u00ednea o tareas b\u00e1sicas, nuestro monitor de 18.5&#8243; te brinda una experiencia visual confiable. Simplifica tus actividades diarias con la calidad que necesitas.<br \/>\nModelo: 19M38H-B<\/p>\n","protected":false},"excerpt":{"rendered":"<p>Descubre la eficiencia y la versatilidad con nuestro monitor de 18.5&#8243;. Este monitor compacto ofrece un tama\u00f1o ideal para tareas esenciales y aplicaciones cotidianas. Experimenta una calidad de imagen clara y colores precisos en un formato que se adapta a cualquier espacio. Ya sea para la oficina en casa, la educaci\u00f3n en l\u00ednea o tareas &hellip; <a href=\"https:\/\/mosperu.com\/tienda\/product\/monitor-lg-de-18-5\/\" class=\"more-link\">Continuar leyendo <span class=\"screen-reader-text\">Monitor LG de 18.5&#8243;<\/span><\/a><\/p>\n","protected":false},"featured_media":9162,"comment_status":"open","ping_status":"closed","template":"","meta":[],"product_cat":[315,329],"product_tag":[],"class_list":{"0":"post-3884","1":"product","2":"type-product","3":"status-publish","4":"has-post-thumbnail","6":"product_cat-accesorios-y-componentes","7":"product_cat-monitores","10":"instock","11":"taxable","12":"shipping-taxable","13":"purchasable","14":"product-type-simple"},"_links":{"self":[{"href":"https:\/\/mosperu.com\/tienda\/wp-json\/wp\/v2\/product\/3884","targetHints":{"allow":["GET"]}}],"collection":[{"href":"https:\/\/mosperu.com\/tienda\/wp-json\/wp\/v2\/product"}],"about":[{"href":"https:\/\/mosperu.com\/tienda\/wp-json\/wp\/v2\/types\/product"}],"replies":[{"embeddable":true,"href":"https:\/\/mosperu.com\/tienda\/wp-json\/wp\/v2\/comments?post=3884"}],"version-history":[{"count":1,"href":"https:\/\/mosperu.com\/tienda\/wp-json\/wp\/v2\/product\/3884\/revisions"}],"predecessor-version":[{"id":8727,"href":"https:\/\/mosperu.com\/tienda\/wp-json\/wp\/v2\/product\/3884\/revisions\/8727"}],"wp:featuredmedia":[{"embeddable":true,"href":"https:\/\/mosperu.com\/tienda\/wp-json\/wp\/v2\/media\/9162"}],"wp:attachment":[{"href":"https:\/\/mosperu.com\/tienda\/wp-json\/wp\/v2\/media?parent=3884"}],"wp:term":[{"taxonomy":"product_cat","embeddable":true,"href":"https:\/\/mosperu.com\/tienda\/wp-json\/wp\/v2\/product_cat?post=3884"},{"taxonomy":"product_tag","embeddable":true,"href":"https:\/\/mosperu.com\/tienda\/wp-json\/wp\/v2\/product_tag?post=3884"}],"curies":[{"name":"wp","href":"https:\/\/api.w.org\/{rel}","templated":true}]}}