{"id":3506,"date":"2024-03-03T03:13:36","date_gmt":"2024-03-03T02:13:36","guid":{"rendered":"https:\/\/mosperu.com\/tienda\/?post_type=product&#038;p=3506"},"modified":"2024-12-04T00:57:30","modified_gmt":"2024-12-03T23:57:30","slug":"protector-deslizante-camara-laptop-pc-movil-tablet","status":"publish","type":"product","link":"https:\/\/mosperu.com\/tienda\/product\/protector-deslizante-camara-laptop-pc-movil-tablet\/","title":{"rendered":"PROTECTOR DESLIZANTE CAMARA LAPTOP PC MOVIL TABLET"},"content":{"rendered":"<p>Asegura tu privacidad con nuestros protectores deslizantes para lente de c\u00e1mara. Dise\u00f1ados para laptops, PCs, m\u00f3viles y tablets, estos protectores te brindan control total sobre cu\u00e1ndo tu c\u00e1mara est\u00e1 activa. Con un deslizador f\u00e1cil de usar, puedes bloquear la lente cuando no la est\u00e1s utilizando, ofreciendo una capa adicional de seguridad y tranquilidad. Protege tu privacidad con estilo y simplicidad. \u00a1Obt\u00e9n tu protector deslizante para lente de c\u00e1mara ahora! \ud83d\udcf8\ud83d\udd10\ud83d\udcbb #PrivacidadProtegida #ProtectorDeslizante #SeguridadDigital<\/p>\n","protected":false},"excerpt":{"rendered":"<p>Asegura tu privacidad con nuestros protectores deslizantes para lente de c\u00e1mara. Dise\u00f1ados para laptops, PCs, m\u00f3viles y tablets, estos protectores te brindan control total sobre cu\u00e1ndo tu c\u00e1mara est\u00e1 activa. Con un deslizador f\u00e1cil de usar, puedes bloquear la lente cuando no la est\u00e1s utilizando, ofreciendo una capa adicional de seguridad y tranquilidad. Protege tu &hellip; <a href=\"https:\/\/mosperu.com\/tienda\/product\/protector-deslizante-camara-laptop-pc-movil-tablet\/\" class=\"more-link\">Continuar leyendo <span class=\"screen-reader-text\">PROTECTOR DESLIZANTE CAMARA LAPTOP PC MOVIL TABLET<\/span><\/a><\/p>\n","protected":false},"featured_media":9277,"comment_status":"open","ping_status":"closed","template":"","meta":[],"product_cat":[321,315],"product_tag":[],"class_list":{"0":"post-3506","1":"product","2":"type-product","3":"status-publish","4":"has-post-thumbnail","6":"product_cat-accesorios-para-laptops","7":"product_cat-accesorios-y-componentes","10":"instock","11":"taxable","12":"shipping-taxable","13":"purchasable","14":"product-type-simple"},"_links":{"self":[{"href":"https:\/\/mosperu.com\/tienda\/wp-json\/wp\/v2\/product\/3506","targetHints":{"allow":["GET"]}}],"collection":[{"href":"https:\/\/mosperu.com\/tienda\/wp-json\/wp\/v2\/product"}],"about":[{"href":"https:\/\/mosperu.com\/tienda\/wp-json\/wp\/v2\/types\/product"}],"replies":[{"embeddable":true,"href":"https:\/\/mosperu.com\/tienda\/wp-json\/wp\/v2\/comments?post=3506"}],"version-history":[{"count":1,"href":"https:\/\/mosperu.com\/tienda\/wp-json\/wp\/v2\/product\/3506\/revisions"}],"predecessor-version":[{"id":8712,"href":"https:\/\/mosperu.com\/tienda\/wp-json\/wp\/v2\/product\/3506\/revisions\/8712"}],"wp:featuredmedia":[{"embeddable":true,"href":"https:\/\/mosperu.com\/tienda\/wp-json\/wp\/v2\/media\/9277"}],"wp:attachment":[{"href":"https:\/\/mosperu.com\/tienda\/wp-json\/wp\/v2\/media?parent=3506"}],"wp:term":[{"taxonomy":"product_cat","embeddable":true,"href":"https:\/\/mosperu.com\/tienda\/wp-json\/wp\/v2\/product_cat?post=3506"},{"taxonomy":"product_tag","embeddable":true,"href":"https:\/\/mosperu.com\/tienda\/wp-json\/wp\/v2\/product_tag?post=3506"}],"curies":[{"name":"wp","href":"https:\/\/api.w.org\/{rel}","templated":true}]}}