{"id":3503,"date":"2024-03-03T03:12:37","date_gmt":"2024-03-03T02:12:37","guid":{"rendered":"https:\/\/mosperu.com\/tienda\/?post_type=product&#038;p=3503"},"modified":"2024-12-04T00:36:04","modified_gmt":"2024-12-03T23:36:04","slug":"teclado-numerico-inalambrico","status":"publish","type":"product","link":"https:\/\/mosperu.com\/tienda\/product\/teclado-numerico-inalambrico\/","title":{"rendered":"TECLADO NUMERICO INALAMBRICO"},"content":{"rendered":"<p>Libera tu productividad con nuestro teclado num\u00e9rico inal\u00e1mbrico. Dise\u00f1ado para ser compacto y port\u00e1til, este teclado te permite realizar f\u00e1cilmente c\u00e1lculos, introducir datos y agilizar tu flujo de trabajo, ya sea en la oficina o en movimiento. La conectividad inal\u00e1mbrica te brinda la libertad de trabajar sin restricciones de cables. Aumenta tu eficiencia y simplifica tus tareas num\u00e9ricas con nuestro teclado num\u00e9rico inal\u00e1mbrico. \ud83d\ude80\u2328\ufe0f #TecladoNum\u00e9rico #Inal\u00e1mbrico #ProductividadSinCables<\/p>\n<p>Adem\u00e1s de lo que has visto, contamos con una amplia variedad de otros productos disponibles. Si tienes algo espec\u00edfico en mente o si deseas explorar m\u00e1s opciones, no dudes en preguntar. Estamos aqu\u00ed para ayudarte a encontrar exactamente lo que necesitas.&#8221;<\/p>\n","protected":false},"excerpt":{"rendered":"<p>Libera tu productividad con nuestro teclado num\u00e9rico inal\u00e1mbrico. Dise\u00f1ado para ser compacto y port\u00e1til, este teclado te permite realizar f\u00e1cilmente c\u00e1lculos, introducir datos y agilizar tu flujo de trabajo, ya sea en la oficina o en movimiento. La conectividad inal\u00e1mbrica te brinda la libertad de trabajar sin restricciones de cables. Aumenta tu eficiencia y simplifica &hellip; <a href=\"https:\/\/mosperu.com\/tienda\/product\/teclado-numerico-inalambrico\/\" class=\"more-link\">Continuar leyendo <span class=\"screen-reader-text\">TECLADO NUMERICO INALAMBRICO<\/span><\/a><\/p>\n","protected":false},"featured_media":9157,"comment_status":"open","ping_status":"closed","template":"","meta":[],"product_cat":[315,331],"product_tag":[],"class_list":{"0":"post-3503","1":"product","2":"type-product","3":"status-publish","4":"has-post-thumbnail","6":"product_cat-accesorios-y-componentes","7":"product_cat-perifericos","10":"instock","11":"taxable","12":"shipping-taxable","13":"purchasable","14":"product-type-simple"},"_links":{"self":[{"href":"https:\/\/mosperu.com\/tienda\/wp-json\/wp\/v2\/product\/3503","targetHints":{"allow":["GET"]}}],"collection":[{"href":"https:\/\/mosperu.com\/tienda\/wp-json\/wp\/v2\/product"}],"about":[{"href":"https:\/\/mosperu.com\/tienda\/wp-json\/wp\/v2\/types\/product"}],"replies":[{"embeddable":true,"href":"https:\/\/mosperu.com\/tienda\/wp-json\/wp\/v2\/comments?post=3503"}],"version-history":[{"count":1,"href":"https:\/\/mosperu.com\/tienda\/wp-json\/wp\/v2\/product\/3503\/revisions"}],"predecessor-version":[{"id":8711,"href":"https:\/\/mosperu.com\/tienda\/wp-json\/wp\/v2\/product\/3503\/revisions\/8711"}],"wp:featuredmedia":[{"embeddable":true,"href":"https:\/\/mosperu.com\/tienda\/wp-json\/wp\/v2\/media\/9157"}],"wp:attachment":[{"href":"https:\/\/mosperu.com\/tienda\/wp-json\/wp\/v2\/media?parent=3503"}],"wp:term":[{"taxonomy":"product_cat","embeddable":true,"href":"https:\/\/mosperu.com\/tienda\/wp-json\/wp\/v2\/product_cat?post=3503"},{"taxonomy":"product_tag","embeddable":true,"href":"https:\/\/mosperu.com\/tienda\/wp-json\/wp\/v2\/product_tag?post=3503"}],"curies":[{"name":"wp","href":"https:\/\/api.w.org\/{rel}","templated":true}]}}