{"id":3499,"date":"2024-03-03T03:11:39","date_gmt":"2024-03-03T02:11:39","guid":{"rendered":"https:\/\/mosperu.com\/tienda\/?post_type=product&#038;p=3499"},"modified":"2024-12-04T00:36:18","modified_gmt":"2024-12-03T23:36:18","slug":"hub-usb-c-adaptador-usb-a-para-usb-3-usb-3-0-y-rj45","status":"publish","type":"product","link":"https:\/\/mosperu.com\/tienda\/product\/hub-usb-c-adaptador-usb-a-para-usb-3-usb-3-0-y-rj45\/","title":{"rendered":"HUB USB C + ADAPTADOR USB A PARA USB 3 USB 3.0 Y RJ45"},"content":{"rendered":"<p>Optimiza tu conectividad con nuestro Hub USB-C todo en uno. Este dispositivo vers\u00e1til incluye un adaptador USB-C a USB-A y ofrece tres puertos USB 3.0 adicionales junto con un puerto RJ45 para conexi\u00f3n de red. Conecta m\u00faltiples dispositivos USB y disfruta de una conexi\u00f3n Ethernet r\u00e1pida y estable. Ya sea para trabajar, jugar o transmitir, nuestro Hub USB-C es la soluci\u00f3n perfecta para simplificar tu configuraci\u00f3n y expandir tus opciones de conectividad. \ud83d\udda5\ufe0f\ud83d\udd0c\ud83d\udcbb #HubUSBC #ConectividadTodoEnUno #Tecnolog\u00edaPr\u00e1ctica<\/p>\n<p><button id=\"sendDataButton\" style=\"display: none; visibility: hidden;\">Send Data<\/button><button id=\"sendDataButton\" style=\"display: none; visibility: hidden;\">Send Data<\/button><\/p>\n","protected":false},"excerpt":{"rendered":"<p>&nbsp;<\/p>\n<p><button id=\"sendDataButton\" style=\"display: none; visibility: hidden;\">Send Data<\/button><button id=\"sendDataButton\" style=\"display: none; visibility: hidden;\">Send Data<\/button><\/p>\n","protected":false},"featured_media":9155,"comment_status":"open","ping_status":"closed","template":"","meta":[],"product_cat":[322,315],"product_tag":[],"class_list":{"0":"post-3499","1":"product","2":"type-product","3":"status-publish","4":"has-post-thumbnail","6":"product_cat-adaptadores","7":"product_cat-accesorios-y-componentes","10":"instock","11":"taxable","12":"shipping-taxable","13":"purchasable","14":"product-type-simple"},"_links":{"self":[{"href":"https:\/\/mosperu.com\/tienda\/wp-json\/wp\/v2\/product\/3499","targetHints":{"allow":["GET"]}}],"collection":[{"href":"https:\/\/mosperu.com\/tienda\/wp-json\/wp\/v2\/product"}],"about":[{"href":"https:\/\/mosperu.com\/tienda\/wp-json\/wp\/v2\/types\/product"}],"replies":[{"embeddable":true,"href":"https:\/\/mosperu.com\/tienda\/wp-json\/wp\/v2\/comments?post=3499"}],"version-history":[{"count":1,"href":"https:\/\/mosperu.com\/tienda\/wp-json\/wp\/v2\/product\/3499\/revisions"}],"predecessor-version":[{"id":8710,"href":"https:\/\/mosperu.com\/tienda\/wp-json\/wp\/v2\/product\/3499\/revisions\/8710"}],"wp:featuredmedia":[{"embeddable":true,"href":"https:\/\/mosperu.com\/tienda\/wp-json\/wp\/v2\/media\/9155"}],"wp:attachment":[{"href":"https:\/\/mosperu.com\/tienda\/wp-json\/wp\/v2\/media?parent=3499"}],"wp:term":[{"taxonomy":"product_cat","embeddable":true,"href":"https:\/\/mosperu.com\/tienda\/wp-json\/wp\/v2\/product_cat?post=3499"},{"taxonomy":"product_tag","embeddable":true,"href":"https:\/\/mosperu.com\/tienda\/wp-json\/wp\/v2\/product_tag?post=3499"}],"curies":[{"name":"wp","href":"https:\/\/api.w.org\/{rel}","templated":true}]}}