{"id":3496,"date":"2024-03-03T03:11:10","date_gmt":"2024-03-03T02:11:10","guid":{"rendered":"https:\/\/mosperu.com\/tienda\/?post_type=product&#038;p=3496"},"modified":"2024-12-04T00:36:28","modified_gmt":"2024-12-03T23:36:28","slug":"switch-hdmi-de-1-a-4-puertos","status":"publish","type":"product","link":"https:\/\/mosperu.com\/tienda\/product\/switch-hdmi-de-1-a-4-puertos\/","title":{"rendered":"SWITCH HDMI DE 1 A 4 PUERTOS"},"content":{"rendered":"<p>Optimiza tu experiencia multimedia con nuestro Switch HDMI de 1 a 4 puertos. Con este dispositivo, podr\u00e1s conectar hasta cuatro fuentes HDMI a una sola pantalla o proyector. Cambia f\u00e1cilmente entre dispositivos con el control remoto incluido, perfecto para presentaciones, juegos o sesiones de cine en casa. Con una alta calidad de transmisi\u00f3n de video, disfrutar\u00e1s de im\u00e1genes n\u00edtidas y colores vibrantes. Simplifica tu configuraci\u00f3n y ampl\u00eda tus opciones de entretenimiento con nuestro Switch HDMI de 4 puertos. \ud83d\udda5\ufe0f\ud83c\udfae\ud83c\udfac #SwitchHDMI #ConectividadVers\u00e1til #EntretenimientoEnCasa<\/p>\n","protected":false},"excerpt":{"rendered":"<p>Optimiza tu experiencia multimedia con nuestro Switch HDMI de 1 a 4 puertos. Con este dispositivo, podr\u00e1s conectar hasta cuatro fuentes HDMI a una sola pantalla o proyector. Cambia f\u00e1cilmente entre dispositivos con el control remoto incluido, perfecto para presentaciones, juegos o sesiones de cine en casa. Con una alta calidad de transmisi\u00f3n de video, &hellip; <a href=\"https:\/\/mosperu.com\/tienda\/product\/switch-hdmi-de-1-a-4-puertos\/\" class=\"more-link\">Continuar leyendo <span class=\"screen-reader-text\">SWITCH HDMI DE 1 A 4 PUERTOS<\/span><\/a><\/p>\n","protected":false},"featured_media":9153,"comment_status":"open","ping_status":"closed","template":"","meta":[],"product_cat":[322,315],"product_tag":[],"class_list":{"0":"post-3496","1":"product","2":"type-product","3":"status-publish","4":"has-post-thumbnail","6":"product_cat-adaptadores","7":"product_cat-accesorios-y-componentes","10":"instock","11":"taxable","12":"shipping-taxable","13":"purchasable","14":"product-type-simple"},"_links":{"self":[{"href":"https:\/\/mosperu.com\/tienda\/wp-json\/wp\/v2\/product\/3496","targetHints":{"allow":["GET"]}}],"collection":[{"href":"https:\/\/mosperu.com\/tienda\/wp-json\/wp\/v2\/product"}],"about":[{"href":"https:\/\/mosperu.com\/tienda\/wp-json\/wp\/v2\/types\/product"}],"replies":[{"embeddable":true,"href":"https:\/\/mosperu.com\/tienda\/wp-json\/wp\/v2\/comments?post=3496"}],"version-history":[{"count":1,"href":"https:\/\/mosperu.com\/tienda\/wp-json\/wp\/v2\/product\/3496\/revisions"}],"predecessor-version":[{"id":8709,"href":"https:\/\/mosperu.com\/tienda\/wp-json\/wp\/v2\/product\/3496\/revisions\/8709"}],"wp:featuredmedia":[{"embeddable":true,"href":"https:\/\/mosperu.com\/tienda\/wp-json\/wp\/v2\/media\/9153"}],"wp:attachment":[{"href":"https:\/\/mosperu.com\/tienda\/wp-json\/wp\/v2\/media?parent=3496"}],"wp:term":[{"taxonomy":"product_cat","embeddable":true,"href":"https:\/\/mosperu.com\/tienda\/wp-json\/wp\/v2\/product_cat?post=3496"},{"taxonomy":"product_tag","embeddable":true,"href":"https:\/\/mosperu.com\/tienda\/wp-json\/wp\/v2\/product_tag?post=3496"}],"curies":[{"name":"wp","href":"https:\/\/api.w.org\/{rel}","templated":true}]}}