{"id":3487,"date":"2024-03-03T03:09:14","date_gmt":"2024-03-03T02:09:14","guid":{"rendered":"https:\/\/mosperu.com\/tienda\/?post_type=product&#038;p=3487"},"modified":"2024-12-04T00:37:23","modified_gmt":"2024-12-03T23:37:23","slug":"adaptador-hdmi-a-vga","status":"publish","type":"product","link":"https:\/\/mosperu.com\/tienda\/product\/adaptador-hdmi-a-vga\/","title":{"rendered":"ADAPTADOR HDMI A VGA"},"content":{"rendered":"<p>Convierte tu se\u00f1al digital en anal\u00f3gica con nuestro adaptador HDMI a VGA. Perfecto para conectar tu laptop, computadora o dispositivo HDMI a monitores, proyectores o pantallas VGA. Disfruta de una conexi\u00f3n estable y de calidad para presentaciones, clases o entretenimiento. Compacto y f\u00e1cil de usar, es la soluci\u00f3n ideal para adaptar tus dispositivos. \u00a1Explora nuevas posibilidades con nuestro adaptador HDMI a VGA! \ud83d\udda5\ufe0f\ud83d\udd0c\ud83c\udf10 #ConectividadVers\u00e1til #AdaptadorHDMIaVGA #Tecnolog\u00edaAdaptable<\/p>\n","protected":false},"excerpt":{"rendered":"<p>Convierte tu se\u00f1al digital en anal\u00f3gica con nuestro adaptador HDMI a VGA. Perfecto para conectar tu laptop, computadora o dispositivo HDMI a monitores, proyectores o pantallas VGA. Disfruta de una conexi\u00f3n estable y de calidad para presentaciones, clases o entretenimiento. Compacto y f\u00e1cil de usar, es la soluci\u00f3n ideal para adaptar tus dispositivos. \u00a1Explora nuevas &hellip; <a href=\"https:\/\/mosperu.com\/tienda\/product\/adaptador-hdmi-a-vga\/\" class=\"more-link\">Continuar leyendo <span class=\"screen-reader-text\">ADAPTADOR HDMI A VGA<\/span><\/a><\/p>\n","protected":false},"featured_media":9151,"comment_status":"open","ping_status":"closed","template":"","meta":[],"product_cat":[322,315],"product_tag":[],"class_list":{"0":"post-3487","1":"product","2":"type-product","3":"status-publish","4":"has-post-thumbnail","6":"product_cat-adaptadores","7":"product_cat-accesorios-y-componentes","10":"instock","11":"taxable","12":"shipping-taxable","13":"purchasable","14":"product-type-simple"},"_links":{"self":[{"href":"https:\/\/mosperu.com\/tienda\/wp-json\/wp\/v2\/product\/3487","targetHints":{"allow":["GET"]}}],"collection":[{"href":"https:\/\/mosperu.com\/tienda\/wp-json\/wp\/v2\/product"}],"about":[{"href":"https:\/\/mosperu.com\/tienda\/wp-json\/wp\/v2\/types\/product"}],"replies":[{"embeddable":true,"href":"https:\/\/mosperu.com\/tienda\/wp-json\/wp\/v2\/comments?post=3487"}],"version-history":[{"count":1,"href":"https:\/\/mosperu.com\/tienda\/wp-json\/wp\/v2\/product\/3487\/revisions"}],"predecessor-version":[{"id":8707,"href":"https:\/\/mosperu.com\/tienda\/wp-json\/wp\/v2\/product\/3487\/revisions\/8707"}],"wp:featuredmedia":[{"embeddable":true,"href":"https:\/\/mosperu.com\/tienda\/wp-json\/wp\/v2\/media\/9151"}],"wp:attachment":[{"href":"https:\/\/mosperu.com\/tienda\/wp-json\/wp\/v2\/media?parent=3487"}],"wp:term":[{"taxonomy":"product_cat","embeddable":true,"href":"https:\/\/mosperu.com\/tienda\/wp-json\/wp\/v2\/product_cat?post=3487"},{"taxonomy":"product_tag","embeddable":true,"href":"https:\/\/mosperu.com\/tienda\/wp-json\/wp\/v2\/product_tag?post=3487"}],"curies":[{"name":"wp","href":"https:\/\/api.w.org\/{rel}","templated":true}]}}