{"id":3484,"date":"2024-03-03T03:06:18","date_gmt":"2024-03-03T02:06:18","guid":{"rendered":"https:\/\/mosperu.com\/tienda\/?post_type=product&#038;p=3484"},"modified":"2024-12-04T00:37:34","modified_gmt":"2024-12-03T23:37:34","slug":"hub-usb-c-a-4-puertas-usb-a","status":"publish","type":"product","link":"https:\/\/mosperu.com\/tienda\/product\/hub-usb-c-a-4-puertas-usb-a\/","title":{"rendered":"HUB USB C A 4 PUERTAS USB A"},"content":{"rendered":"<p>Transforma tu puerto USB-C en un centro de conectividad con nuestro Hub USB-C a 4 puertos USB-A. Con este dispositivo compacto, puedes ampliar f\u00e1cilmente tu capacidad de conexi\u00f3n, permiti\u00e9ndote conectar varios dispositivos USB-A a tu laptop o computadora. Transfiere datos de manera r\u00e1pida y eficiente, y carga tus dispositivos simult\u00e1neamente. \u00a1Optimiza tu espacio y conectividad con nuestro Hub USB-C a 4 puertos! \ud83d\udcbb\ud83d\udd0c\ud83d\ude80 #ConectividadUSB #HubUSBC #Tecnolog\u00edaEficiente<\/p>\n","protected":false},"excerpt":{"rendered":"<p>Transforma tu puerto USB-C en un centro de conectividad con nuestro Hub USB-C a 4 puertos USB-A. Con este dispositivo compacto, puedes ampliar f\u00e1cilmente tu capacidad de conexi\u00f3n, permiti\u00e9ndote conectar varios dispositivos USB-A a tu laptop o computadora. Transfiere datos de manera r\u00e1pida y eficiente, y carga tus dispositivos simult\u00e1neamente. \u00a1Optimiza tu espacio y conectividad &hellip; <a href=\"https:\/\/mosperu.com\/tienda\/product\/hub-usb-c-a-4-puertas-usb-a\/\" class=\"more-link\">Continuar leyendo <span class=\"screen-reader-text\">HUB USB C A 4 PUERTAS USB A<\/span><\/a><\/p>\n","protected":false},"featured_media":9144,"comment_status":"open","ping_status":"closed","template":"","meta":[],"product_cat":[322,315],"product_tag":[],"class_list":{"0":"post-3484","1":"product","2":"type-product","3":"status-publish","4":"has-post-thumbnail","6":"product_cat-adaptadores","7":"product_cat-accesorios-y-componentes","10":"instock","11":"taxable","12":"shipping-taxable","13":"purchasable","14":"product-type-simple"},"_links":{"self":[{"href":"https:\/\/mosperu.com\/tienda\/wp-json\/wp\/v2\/product\/3484","targetHints":{"allow":["GET"]}}],"collection":[{"href":"https:\/\/mosperu.com\/tienda\/wp-json\/wp\/v2\/product"}],"about":[{"href":"https:\/\/mosperu.com\/tienda\/wp-json\/wp\/v2\/types\/product"}],"replies":[{"embeddable":true,"href":"https:\/\/mosperu.com\/tienda\/wp-json\/wp\/v2\/comments?post=3484"}],"version-history":[{"count":1,"href":"https:\/\/mosperu.com\/tienda\/wp-json\/wp\/v2\/product\/3484\/revisions"}],"predecessor-version":[{"id":8706,"href":"https:\/\/mosperu.com\/tienda\/wp-json\/wp\/v2\/product\/3484\/revisions\/8706"}],"wp:featuredmedia":[{"embeddable":true,"href":"https:\/\/mosperu.com\/tienda\/wp-json\/wp\/v2\/media\/9144"}],"wp:attachment":[{"href":"https:\/\/mosperu.com\/tienda\/wp-json\/wp\/v2\/media?parent=3484"}],"wp:term":[{"taxonomy":"product_cat","embeddable":true,"href":"https:\/\/mosperu.com\/tienda\/wp-json\/wp\/v2\/product_cat?post=3484"},{"taxonomy":"product_tag","embeddable":true,"href":"https:\/\/mosperu.com\/tienda\/wp-json\/wp\/v2\/product_tag?post=3484"}],"curies":[{"name":"wp","href":"https:\/\/api.w.org\/{rel}","templated":true}]}}