{"id":3481,"date":"2024-03-03T03:05:37","date_gmt":"2024-03-03T02:05:37","guid":{"rendered":"https:\/\/mosperu.com\/tienda\/?post_type=product&#038;p=3481"},"modified":"2024-12-04T00:37:42","modified_gmt":"2024-12-03T23:37:42","slug":"usb-hub-3-0-a-4-puertos","status":"publish","type":"product","link":"https:\/\/mosperu.com\/tienda\/product\/usb-hub-3-0-a-4-puertos\/","title":{"rendered":"USB HUB 3.0 A 4 PUERTOS"},"content":{"rendered":"<p>Ampl\u00eda tu conectividad con nuestro Hub USB 3.0 de 4 puertos. Convierte un solo puerto en cuatro, permiti\u00e9ndote conectar m\u00e1s dispositivos a tu computadora o laptop. Transfiere datos a alta velocidad y carga tus dispositivos de manera eficiente. Compacto y f\u00e1cil de usar, es la soluci\u00f3n perfecta para tus necesidades de conexi\u00f3n. \u00a1Simplifica tu vida digital con nuestro Hub USB 3!0! \ud83d\udda5\ufe0f\ud83d\udd0c\ud83d\ude80 #ConectividadUSB #HubUSB #Tecnolog\u00edaPr\u00e1ctica<\/p>\n","protected":false},"excerpt":{"rendered":"<p>Ampl\u00eda tu conectividad con nuestro Hub USB 3.0 de 4 puertos. Convierte un solo puerto en cuatro, permiti\u00e9ndote conectar m\u00e1s dispositivos a tu computadora o laptop. Transfiere datos a alta velocidad y carga tus dispositivos de manera eficiente. Compacto y f\u00e1cil de usar, es la soluci\u00f3n perfecta para tus necesidades de conexi\u00f3n. \u00a1Simplifica tu vida &hellip; <a href=\"https:\/\/mosperu.com\/tienda\/product\/usb-hub-3-0-a-4-puertos\/\" class=\"more-link\">Continuar leyendo <span class=\"screen-reader-text\">USB HUB 3.0 A 4 PUERTOS<\/span><\/a><\/p>\n","protected":false},"featured_media":9143,"comment_status":"open","ping_status":"closed","template":"","meta":[],"product_cat":[322,315],"product_tag":[],"class_list":{"0":"post-3481","1":"product","2":"type-product","3":"status-publish","4":"has-post-thumbnail","6":"product_cat-adaptadores","7":"product_cat-accesorios-y-componentes","10":"instock","11":"taxable","12":"shipping-taxable","13":"purchasable","14":"product-type-simple"},"_links":{"self":[{"href":"https:\/\/mosperu.com\/tienda\/wp-json\/wp\/v2\/product\/3481","targetHints":{"allow":["GET"]}}],"collection":[{"href":"https:\/\/mosperu.com\/tienda\/wp-json\/wp\/v2\/product"}],"about":[{"href":"https:\/\/mosperu.com\/tienda\/wp-json\/wp\/v2\/types\/product"}],"replies":[{"embeddable":true,"href":"https:\/\/mosperu.com\/tienda\/wp-json\/wp\/v2\/comments?post=3481"}],"version-history":[{"count":1,"href":"https:\/\/mosperu.com\/tienda\/wp-json\/wp\/v2\/product\/3481\/revisions"}],"predecessor-version":[{"id":8705,"href":"https:\/\/mosperu.com\/tienda\/wp-json\/wp\/v2\/product\/3481\/revisions\/8705"}],"wp:featuredmedia":[{"embeddable":true,"href":"https:\/\/mosperu.com\/tienda\/wp-json\/wp\/v2\/media\/9143"}],"wp:attachment":[{"href":"https:\/\/mosperu.com\/tienda\/wp-json\/wp\/v2\/media?parent=3481"}],"wp:term":[{"taxonomy":"product_cat","embeddable":true,"href":"https:\/\/mosperu.com\/tienda\/wp-json\/wp\/v2\/product_cat?post=3481"},{"taxonomy":"product_tag","embeddable":true,"href":"https:\/\/mosperu.com\/tienda\/wp-json\/wp\/v2\/product_tag?post=3481"}],"curies":[{"name":"wp","href":"https:\/\/api.w.org\/{rel}","templated":true}]}}