{"id":3447,"date":"2024-03-03T02:05:22","date_gmt":"2024-03-03T01:05:22","guid":{"rendered":"https:\/\/mosperu.com\/tienda\/?post_type=product&#038;p=3447"},"modified":"2024-12-04T00:40:11","modified_gmt":"2024-12-03T23:40:11","slug":"adaptador-dvi-a-hdmi","status":"publish","type":"product","link":"https:\/\/mosperu.com\/tienda\/product\/adaptador-dvi-a-hdmi\/","title":{"rendered":"ADAPTADOR DVI A HDMI"},"content":{"rendered":"<p>Actualiza tu configuraci\u00f3n con nuestro adaptador DVI a HDMI. Este vers\u00e1til accesorio te permite conectar dispositivos con salida DVI a monitores, televisores o proyectores HDMI. Disfruta de una calidad de imagen excepcional y una se\u00f1al de alta definici\u00f3n para tus presentaciones, entretenimiento o trabajo. Convierte se\u00f1ales digitales a HDMI con facilidad y sin p\u00e9rdida de calidad. Ya sea para proyecciones profesionales, configuraciones de entretenimiento en el hogar o aumentar la conectividad de tu dispositivo, nuestro adaptador DVI a HDMI es la elecci\u00f3n perfecta. \u00a1Cont\u00e1ctanos para obtener m\u00e1s detalles y descubrir nuestras ofertas especiales en adaptadores!<\/p>\n","protected":false},"excerpt":{"rendered":"<p>Actualiza tu configuraci\u00f3n con nuestro adaptador DVI a HDMI. Este vers\u00e1til accesorio te permite conectar dispositivos con salida DVI a monitores, televisores o proyectores HDMI. Disfruta de una calidad de imagen excepcional y una se\u00f1al de alta definici\u00f3n para tus presentaciones, entretenimiento o trabajo. Convierte se\u00f1ales digitales a HDMI con facilidad y sin p\u00e9rdida de &hellip; <a href=\"https:\/\/mosperu.com\/tienda\/product\/adaptador-dvi-a-hdmi\/\" class=\"more-link\">Continuar leyendo <span class=\"screen-reader-text\">ADAPTADOR DVI A HDMI<\/span><\/a><\/p>\n","protected":false},"featured_media":9131,"comment_status":"open","ping_status":"closed","template":"","meta":[],"product_cat":[322,315],"product_tag":[],"class_list":{"0":"post-3447","1":"product","2":"type-product","3":"status-publish","4":"has-post-thumbnail","6":"product_cat-adaptadores","7":"product_cat-accesorios-y-componentes","10":"instock","11":"taxable","12":"shipping-taxable","13":"purchasable","14":"product-type-simple"},"_links":{"self":[{"href":"https:\/\/mosperu.com\/tienda\/wp-json\/wp\/v2\/product\/3447","targetHints":{"allow":["GET"]}}],"collection":[{"href":"https:\/\/mosperu.com\/tienda\/wp-json\/wp\/v2\/product"}],"about":[{"href":"https:\/\/mosperu.com\/tienda\/wp-json\/wp\/v2\/types\/product"}],"replies":[{"embeddable":true,"href":"https:\/\/mosperu.com\/tienda\/wp-json\/wp\/v2\/comments?post=3447"}],"version-history":[{"count":1,"href":"https:\/\/mosperu.com\/tienda\/wp-json\/wp\/v2\/product\/3447\/revisions"}],"predecessor-version":[{"id":8694,"href":"https:\/\/mosperu.com\/tienda\/wp-json\/wp\/v2\/product\/3447\/revisions\/8694"}],"wp:featuredmedia":[{"embeddable":true,"href":"https:\/\/mosperu.com\/tienda\/wp-json\/wp\/v2\/media\/9131"}],"wp:attachment":[{"href":"https:\/\/mosperu.com\/tienda\/wp-json\/wp\/v2\/media?parent=3447"}],"wp:term":[{"taxonomy":"product_cat","embeddable":true,"href":"https:\/\/mosperu.com\/tienda\/wp-json\/wp\/v2\/product_cat?post=3447"},{"taxonomy":"product_tag","embeddable":true,"href":"https:\/\/mosperu.com\/tienda\/wp-json\/wp\/v2\/product_tag?post=3447"}],"curies":[{"name":"wp","href":"https:\/\/api.w.org\/{rel}","templated":true}]}}