{"id":3319,"date":"2024-02-29T04:53:41","date_gmt":"2024-02-29T03:53:41","guid":{"rendered":"https:\/\/mosperu.com\/tienda\/?post_type=product&#038;p=3319"},"modified":"2025-01-25T16:11:09","modified_gmt":"2025-01-25T15:11:09","slug":"protector-de-pantalla-de-laptop","status":"publish","type":"product","link":"https:\/\/mosperu.com\/tienda\/product\/protector-de-pantalla-de-laptop\/","title":{"rendered":"PROTECTOR DE PANTALLA DE LAPTOP"},"content":{"rendered":"<p>Protege la vista de tu laptop y mantenla libre de ara\u00f1azos y da\u00f1os con nuestro protector de pantalla. Dise\u00f1ado para encajar perfectamente en tu laptop, este accesorio transparente preserva la calidad de tu pantalla mientras la mantiene segura. Evita las manchas, reflejos no deseados y los da\u00f1os causados por el polvo y el contacto directo. Nuestros protectores de pantalla son f\u00e1ciles de instalar y compatibles con una amplia variedad de modelos. Ya sea para trabajo, entretenimiento o estudios, mantener tu pantalla en perfecto estado es esencial. \u00a1Cont\u00e1ctanos para obtener m\u00e1s detalles y descubrir nuestras ofertas especiales en protectores de pantalla para laptops!<\/p>\n","protected":false},"excerpt":{"rendered":"<p>Protege la vista de tu laptop y mantenla libre de ara\u00f1azos y da\u00f1os con nuestro protector de pantalla. Dise\u00f1ado para encajar perfectamente en tu laptop, este accesorio transparente preserva la calidad de tu pantalla mientras la mantiene segura. Evita las manchas, reflejos no deseados y los da\u00f1os causados por el polvo y el contacto directo. &hellip; <a href=\"https:\/\/mosperu.com\/tienda\/product\/protector-de-pantalla-de-laptop\/\" class=\"more-link\">Continuar leyendo <span class=\"screen-reader-text\">PROTECTOR DE PANTALLA DE LAPTOP<\/span><\/a><\/p>\n","protected":false},"featured_media":9117,"comment_status":"open","ping_status":"closed","template":"","meta":[],"product_cat":[321,315],"product_tag":[],"class_list":{"0":"post-3319","1":"product","2":"type-product","3":"status-publish","4":"has-post-thumbnail","6":"product_cat-accesorios-para-laptops","7":"product_cat-accesorios-y-componentes","10":"instock","11":"taxable","12":"shipping-taxable","13":"purchasable","14":"product-type-simple"},"_links":{"self":[{"href":"https:\/\/mosperu.com\/tienda\/wp-json\/wp\/v2\/product\/3319","targetHints":{"allow":["GET"]}}],"collection":[{"href":"https:\/\/mosperu.com\/tienda\/wp-json\/wp\/v2\/product"}],"about":[{"href":"https:\/\/mosperu.com\/tienda\/wp-json\/wp\/v2\/types\/product"}],"replies":[{"embeddable":true,"href":"https:\/\/mosperu.com\/tienda\/wp-json\/wp\/v2\/comments?post=3319"}],"version-history":[{"count":1,"href":"https:\/\/mosperu.com\/tienda\/wp-json\/wp\/v2\/product\/3319\/revisions"}],"predecessor-version":[{"id":8683,"href":"https:\/\/mosperu.com\/tienda\/wp-json\/wp\/v2\/product\/3319\/revisions\/8683"}],"wp:featuredmedia":[{"embeddable":true,"href":"https:\/\/mosperu.com\/tienda\/wp-json\/wp\/v2\/media\/9117"}],"wp:attachment":[{"href":"https:\/\/mosperu.com\/tienda\/wp-json\/wp\/v2\/media?parent=3319"}],"wp:term":[{"taxonomy":"product_cat","embeddable":true,"href":"https:\/\/mosperu.com\/tienda\/wp-json\/wp\/v2\/product_cat?post=3319"},{"taxonomy":"product_tag","embeddable":true,"href":"https:\/\/mosperu.com\/tienda\/wp-json\/wp\/v2\/product_tag?post=3319"}],"curies":[{"name":"wp","href":"https:\/\/api.w.org\/{rel}","templated":true}]}}