{"id":3316,"date":"2024-02-29T04:52:53","date_gmt":"2024-02-29T03:52:53","guid":{"rendered":"https:\/\/mosperu.com\/tienda\/?post_type=product&#038;p=3316"},"modified":"2025-01-25T16:11:09","modified_gmt":"2025-01-25T15:11:09","slug":"protector-de-teclado-para-laptop","status":"publish","type":"product","link":"https:\/\/mosperu.com\/tienda\/product\/protector-de-teclado-para-laptop\/","title":{"rendered":"PROTECTOR DE TECLADO PARA LAPTOP"},"content":{"rendered":"<p>Protege tu inversi\u00f3n y prolonga la vida de tu laptop con nuestro protector de teclado. Este accesorio esencial es la barrera perfecta contra derrames, polvo y desgaste diario. Mant\u00e9n tu teclado en estado impecable y disfruta de una experiencia de escritura c\u00f3moda y limpia. Nuestros protectores son compatibles con una amplia gama de modelos de laptops, y son f\u00e1ciles de colocar y retirar. Ya sea para trabajo, estudio o entretenimiento, un protector de teclado es una inversi\u00f3n inteligente en la durabilidad de tu laptop. \u00a1Cont\u00e1ctanos para obtener m\u00e1s detalles y descubrir nuestras ofertas especiales en protectores de teclado para laptop!<\/p>\n","protected":false},"excerpt":{"rendered":"<p>Protege tu inversi\u00f3n y prolonga la vida de tu laptop con nuestro protector de teclado. Este accesorio esencial es la barrera perfecta contra derrames, polvo y desgaste diario. Mant\u00e9n tu teclado en estado impecable y disfruta de una experiencia de escritura c\u00f3moda y limpia. Nuestros protectores son compatibles con una amplia gama de modelos de &hellip; <a href=\"https:\/\/mosperu.com\/tienda\/product\/protector-de-teclado-para-laptop\/\" class=\"more-link\">Continuar leyendo <span class=\"screen-reader-text\">PROTECTOR DE TECLADO PARA LAPTOP<\/span><\/a><\/p>\n","protected":false},"featured_media":9115,"comment_status":"open","ping_status":"closed","template":"","meta":[],"product_cat":[321,315],"product_tag":[],"class_list":{"0":"post-3316","1":"product","2":"type-product","3":"status-publish","4":"has-post-thumbnail","6":"product_cat-accesorios-para-laptops","7":"product_cat-accesorios-y-componentes","10":"instock","11":"taxable","12":"shipping-taxable","13":"purchasable","14":"product-type-simple"},"_links":{"self":[{"href":"https:\/\/mosperu.com\/tienda\/wp-json\/wp\/v2\/product\/3316","targetHints":{"allow":["GET"]}}],"collection":[{"href":"https:\/\/mosperu.com\/tienda\/wp-json\/wp\/v2\/product"}],"about":[{"href":"https:\/\/mosperu.com\/tienda\/wp-json\/wp\/v2\/types\/product"}],"replies":[{"embeddable":true,"href":"https:\/\/mosperu.com\/tienda\/wp-json\/wp\/v2\/comments?post=3316"}],"version-history":[{"count":1,"href":"https:\/\/mosperu.com\/tienda\/wp-json\/wp\/v2\/product\/3316\/revisions"}],"predecessor-version":[{"id":8682,"href":"https:\/\/mosperu.com\/tienda\/wp-json\/wp\/v2\/product\/3316\/revisions\/8682"}],"wp:featuredmedia":[{"embeddable":true,"href":"https:\/\/mosperu.com\/tienda\/wp-json\/wp\/v2\/media\/9115"}],"wp:attachment":[{"href":"https:\/\/mosperu.com\/tienda\/wp-json\/wp\/v2\/media?parent=3316"}],"wp:term":[{"taxonomy":"product_cat","embeddable":true,"href":"https:\/\/mosperu.com\/tienda\/wp-json\/wp\/v2\/product_cat?post=3316"},{"taxonomy":"product_tag","embeddable":true,"href":"https:\/\/mosperu.com\/tienda\/wp-json\/wp\/v2\/product_tag?post=3316"}],"curies":[{"name":"wp","href":"https:\/\/api.w.org\/{rel}","templated":true}]}}