{"id":3313,"date":"2024-02-29T04:51:15","date_gmt":"2024-02-29T03:51:15","guid":{"rendered":"https:\/\/mosperu.com\/tienda\/?post_type=product&#038;p=3313"},"modified":"2025-01-25T16:11:09","modified_gmt":"2025-01-25T15:11:09","slug":"webcam-1080p","status":"publish","type":"product","link":"https:\/\/mosperu.com\/tienda\/product\/webcam-1080p\/","title":{"rendered":"WEBCAM 1080P"},"content":{"rendered":"<p>Mejora tus videoconferencias y transmisiones en vivo con nuestra webcam de 1080p. Esta c\u00e1mara de alta definici\u00f3n captura cada detalle con claridad y colores vibrantes, brind\u00e1ndote una calidad de imagen excepcional. Ya sea para reuniones virtuales, streaming de contenido o videochats con amigos y familiares, nuestra webcam 1080p te ofrece una experiencia visual n\u00edtida y profesional. Eleva tu presencia en l\u00ednea y comun\u00edcate con confianza. \u00a1Cont\u00e1ctanos para obtener m\u00e1s detalles y descubrir nuestras ofertas especiales en webcams de 1080p!<\/p>\n","protected":false},"excerpt":{"rendered":"<p>Mejora tus videoconferencias y transmisiones en vivo con nuestra webcam de 1080p. Esta c\u00e1mara de alta definici\u00f3n captura cada detalle con claridad y colores vibrantes, brind\u00e1ndote una calidad de imagen excepcional. Ya sea para reuniones virtuales, streaming de contenido o videochats con amigos y familiares, nuestra webcam 1080p te ofrece una experiencia visual n\u00edtida y &hellip; <a href=\"https:\/\/mosperu.com\/tienda\/product\/webcam-1080p\/\" class=\"more-link\">Continuar leyendo <span class=\"screen-reader-text\">WEBCAM 1080P<\/span><\/a><\/p>\n","protected":false},"featured_media":9116,"comment_status":"open","ping_status":"closed","template":"","meta":[],"product_cat":[315,331],"product_tag":[],"class_list":{"0":"post-3313","1":"product","2":"type-product","3":"status-publish","4":"has-post-thumbnail","6":"product_cat-accesorios-y-componentes","7":"product_cat-perifericos","10":"outofstock","11":"taxable","12":"shipping-taxable","13":"purchasable","14":"product-type-simple"},"_links":{"self":[{"href":"https:\/\/mosperu.com\/tienda\/wp-json\/wp\/v2\/product\/3313","targetHints":{"allow":["GET"]}}],"collection":[{"href":"https:\/\/mosperu.com\/tienda\/wp-json\/wp\/v2\/product"}],"about":[{"href":"https:\/\/mosperu.com\/tienda\/wp-json\/wp\/v2\/types\/product"}],"replies":[{"embeddable":true,"href":"https:\/\/mosperu.com\/tienda\/wp-json\/wp\/v2\/comments?post=3313"}],"version-history":[{"count":1,"href":"https:\/\/mosperu.com\/tienda\/wp-json\/wp\/v2\/product\/3313\/revisions"}],"predecessor-version":[{"id":8681,"href":"https:\/\/mosperu.com\/tienda\/wp-json\/wp\/v2\/product\/3313\/revisions\/8681"}],"wp:featuredmedia":[{"embeddable":true,"href":"https:\/\/mosperu.com\/tienda\/wp-json\/wp\/v2\/media\/9116"}],"wp:attachment":[{"href":"https:\/\/mosperu.com\/tienda\/wp-json\/wp\/v2\/media?parent=3313"}],"wp:term":[{"taxonomy":"product_cat","embeddable":true,"href":"https:\/\/mosperu.com\/tienda\/wp-json\/wp\/v2\/product_cat?post=3313"},{"taxonomy":"product_tag","embeddable":true,"href":"https:\/\/mosperu.com\/tienda\/wp-json\/wp\/v2\/product_tag?post=3313"}],"curies":[{"name":"wp","href":"https:\/\/api.w.org\/{rel}","templated":true}]}}