{"id":3284,"date":"2024-02-28T23:03:42","date_gmt":"2024-02-28T22:03:42","guid":{"rendered":"https:\/\/mosperu.com\/tienda\/?post_type=product&#038;p=3284"},"modified":"2025-01-25T16:11:09","modified_gmt":"2025-01-25T15:11:09","slug":"monitor-lg-de-32-ips-full-hd-32mn600p","status":"publish","type":"product","link":"https:\/\/mosperu.com\/tienda\/product\/monitor-lg-de-32-ips-full-hd-32mn600p\/","title":{"rendered":"MONITOR LG DE 32&#8243; IPS FULL HD 32MN600P"},"content":{"rendered":"<p>Descubre un mundo de visualizaci\u00f3n amplia y v\u00edvida con nuestro monitor de 32&#8243; LG. Este monitor te ofrece una experiencia visual inmersiva, con una pantalla grande y calidad de imagen excepcional. Ya sea para juegos de alta intensidad, dise\u00f1o gr\u00e1fico, productividad o entretenimiento, este monitor proporciona colores ricos y detalles n\u00edtidos. Eleva tu experiencia de visualizaci\u00f3n con nuestro monitor de 32&#8243;LG. \u00a1Cont\u00e1ctanos para obtener m\u00e1s detalles y aprovecha nuestras ofertas especiales!<\/p>\n","protected":false},"excerpt":{"rendered":"<p>Descubre un mundo de visualizaci\u00f3n amplia y v\u00edvida con nuestro monitor de 32&#8243; LG. Este monitor te ofrece una experiencia visual inmersiva, con una pantalla grande y calidad de imagen excepcional. Ya sea para juegos de alta intensidad, dise\u00f1o gr\u00e1fico, productividad o entretenimiento, este monitor proporciona colores ricos y detalles n\u00edtidos. Eleva tu experiencia de &hellip; <a href=\"https:\/\/mosperu.com\/tienda\/product\/monitor-lg-de-32-ips-full-hd-32mn600p\/\" class=\"more-link\">Continuar leyendo <span class=\"screen-reader-text\">MONITOR LG DE 32&#8243; IPS FULL HD 32MN600P<\/span><\/a><\/p>\n","protected":false},"featured_media":9114,"comment_status":"open","ping_status":"closed","template":"","meta":[],"product_cat":[315,329],"product_tag":[],"class_list":{"0":"post-3284","1":"product","2":"type-product","3":"status-publish","4":"has-post-thumbnail","6":"product_cat-accesorios-y-componentes","7":"product_cat-monitores","10":"instock","11":"taxable","12":"shipping-taxable","13":"purchasable","14":"product-type-simple"},"_links":{"self":[{"href":"https:\/\/mosperu.com\/tienda\/wp-json\/wp\/v2\/product\/3284","targetHints":{"allow":["GET"]}}],"collection":[{"href":"https:\/\/mosperu.com\/tienda\/wp-json\/wp\/v2\/product"}],"about":[{"href":"https:\/\/mosperu.com\/tienda\/wp-json\/wp\/v2\/types\/product"}],"replies":[{"embeddable":true,"href":"https:\/\/mosperu.com\/tienda\/wp-json\/wp\/v2\/comments?post=3284"}],"version-history":[{"count":1,"href":"https:\/\/mosperu.com\/tienda\/wp-json\/wp\/v2\/product\/3284\/revisions"}],"predecessor-version":[{"id":8679,"href":"https:\/\/mosperu.com\/tienda\/wp-json\/wp\/v2\/product\/3284\/revisions\/8679"}],"wp:featuredmedia":[{"embeddable":true,"href":"https:\/\/mosperu.com\/tienda\/wp-json\/wp\/v2\/media\/9114"}],"wp:attachment":[{"href":"https:\/\/mosperu.com\/tienda\/wp-json\/wp\/v2\/media?parent=3284"}],"wp:term":[{"taxonomy":"product_cat","embeddable":true,"href":"https:\/\/mosperu.com\/tienda\/wp-json\/wp\/v2\/product_cat?post=3284"},{"taxonomy":"product_tag","embeddable":true,"href":"https:\/\/mosperu.com\/tienda\/wp-json\/wp\/v2\/product_tag?post=3284"}],"curies":[{"name":"wp","href":"https:\/\/api.w.org\/{rel}","templated":true}]}}