{"id":3265,"date":"2024-02-28T22:28:31","date_gmt":"2024-02-28T21:28:31","guid":{"rendered":"https:\/\/mosperu.com\/tienda\/?post_type=product&#038;p=3265"},"modified":"2025-01-25T16:11:09","modified_gmt":"2025-01-25T15:11:09","slug":"hub-usb-3-0-ethernet-tp-link-ue330","status":"publish","type":"product","link":"https:\/\/mosperu.com\/tienda\/product\/hub-usb-3-0-ethernet-tp-link-ue330\/","title":{"rendered":"HUB USB 3.0 + ETHERNET"},"content":{"rendered":"<p>Ampl\u00eda la conectividad de tu dispositivo con el hub USB 3.0 Ethernet TP-Link UE330. Este vers\u00e1til dispositivo combina m\u00faltiples puertos USB 3.0 de alta velocidad y un puerto Ethernet gigabit en un solo hub compacto. Convierte un solo puerto USB en una soluci\u00f3n completa para conectar tus dispositivos USB y disfrutar de una conexi\u00f3n Ethernet estable y veloz. Ya sea en casa o en la oficina, el TP-Link UE330 te proporciona la versatilidad que necesitas para mantener tu productividad en su m\u00e1ximo nivel. Simplifica tus conexiones y experimenta un rendimiento confiable con el TP-Link UE330. \u00a1Cont\u00e1ctanos para obtener m\u00e1s detalles y descubrir nuestras ofertas especiales!<\/p>\n","protected":false},"excerpt":{"rendered":"<p>Ampl\u00eda la conectividad de tu dispositivo con el hub USB 3.0 Ethernet TP-Link UE330. Este vers\u00e1til dispositivo combina m\u00faltiples puertos USB 3.0 de alta velocidad y un puerto Ethernet gigabit en un solo hub compacto. Convierte un solo puerto USB en una soluci\u00f3n completa para conectar tus dispositivos USB y disfrutar de una conexi\u00f3n Ethernet &hellip; <a href=\"https:\/\/mosperu.com\/tienda\/product\/hub-usb-3-0-ethernet-tp-link-ue330\/\" class=\"more-link\">Continuar leyendo <span class=\"screen-reader-text\">HUB USB 3.0 + ETHERNET<\/span><\/a><\/p>\n","protected":false},"featured_media":9108,"comment_status":"open","ping_status":"closed","template":"","meta":[],"product_cat":[322,315,318],"product_tag":[],"class_list":{"0":"post-3265","1":"product","2":"type-product","3":"status-publish","4":"has-post-thumbnail","6":"product_cat-adaptadores","7":"product_cat-accesorios-y-componentes","8":"product_cat-redes-y-wifi","11":"instock","12":"taxable","13":"shipping-taxable","14":"purchasable","15":"product-type-simple"},"_links":{"self":[{"href":"https:\/\/mosperu.com\/tienda\/wp-json\/wp\/v2\/product\/3265","targetHints":{"allow":["GET"]}}],"collection":[{"href":"https:\/\/mosperu.com\/tienda\/wp-json\/wp\/v2\/product"}],"about":[{"href":"https:\/\/mosperu.com\/tienda\/wp-json\/wp\/v2\/types\/product"}],"replies":[{"embeddable":true,"href":"https:\/\/mosperu.com\/tienda\/wp-json\/wp\/v2\/comments?post=3265"}],"version-history":[{"count":1,"href":"https:\/\/mosperu.com\/tienda\/wp-json\/wp\/v2\/product\/3265\/revisions"}],"predecessor-version":[{"id":8673,"href":"https:\/\/mosperu.com\/tienda\/wp-json\/wp\/v2\/product\/3265\/revisions\/8673"}],"wp:featuredmedia":[{"embeddable":true,"href":"https:\/\/mosperu.com\/tienda\/wp-json\/wp\/v2\/media\/9108"}],"wp:attachment":[{"href":"https:\/\/mosperu.com\/tienda\/wp-json\/wp\/v2\/media?parent=3265"}],"wp:term":[{"taxonomy":"product_cat","embeddable":true,"href":"https:\/\/mosperu.com\/tienda\/wp-json\/wp\/v2\/product_cat?post=3265"},{"taxonomy":"product_tag","embeddable":true,"href":"https:\/\/mosperu.com\/tienda\/wp-json\/wp\/v2\/product_tag?post=3265"}],"curies":[{"name":"wp","href":"https:\/\/api.w.org\/{rel}","templated":true}]}}