{"id":3259,"date":"2024-02-28T22:26:03","date_gmt":"2024-02-28T21:26:03","guid":{"rendered":"https:\/\/mosperu.com\/tienda\/?post_type=product&#038;p=3259"},"modified":"2025-01-25T16:11:09","modified_gmt":"2025-01-25T15:11:09","slug":"adaptador-wifi-y-bluetooth-usb-nano-tp-link-archer-t2ub","status":"publish","type":"product","link":"https:\/\/mosperu.com\/tienda\/product\/adaptador-wifi-y-bluetooth-usb-nano-tp-link-archer-t2ub\/","title":{"rendered":"ADAPTADOR WIFI Y BLUETOOTH USB NANO TP-LINK ARCHER T2UB"},"content":{"rendered":"<p>Consolida tu conectividad con el adaptador USB Nano TP-Link Archer T2UB, que ofrece tanto Wi-Fi como Bluetooth. Este dispositivo compacto y vers\u00e1til te permite disfrutar de una conexi\u00f3n Wi-Fi r\u00e1pida y estable, as\u00ed como de la conveniencia de la conectividad Bluetooth para tus dispositivos. Con Archer T2UB, puedes eliminar las zonas sin se\u00f1al y conectarte sin problemas a Internet, adem\u00e1s de emparejar tus perif\u00e9ricos Bluetooth de manera sencilla. Simplifica tu vida digital y mejora tu conectividad con el Archer T2UB. \u00a1Cont\u00e1ctanos para obtener m\u00e1s detalles y descubrir nuestras ofertas especiales!<\/p>\n","protected":false},"excerpt":{"rendered":"<p>Consolida tu conectividad con el adaptador USB Nano TP-Link Archer T2UB, que ofrece tanto Wi-Fi como Bluetooth. Este dispositivo compacto y vers\u00e1til te permite disfrutar de una conexi\u00f3n Wi-Fi r\u00e1pida y estable, as\u00ed como de la conveniencia de la conectividad Bluetooth para tus dispositivos. Con Archer T2UB, puedes eliminar las zonas sin se\u00f1al y conectarte &hellip; <a href=\"https:\/\/mosperu.com\/tienda\/product\/adaptador-wifi-y-bluetooth-usb-nano-tp-link-archer-t2ub\/\" class=\"more-link\">Continuar leyendo <span class=\"screen-reader-text\">ADAPTADOR WIFI Y BLUETOOTH USB NANO TP-LINK ARCHER T2UB<\/span><\/a><\/p>\n","protected":false},"featured_media":9106,"comment_status":"open","ping_status":"closed","template":"","meta":[],"product_cat":[322,315,318],"product_tag":[],"class_list":{"0":"post-3259","1":"product","2":"type-product","3":"status-publish","4":"has-post-thumbnail","6":"product_cat-adaptadores","7":"product_cat-accesorios-y-componentes","8":"product_cat-redes-y-wifi","11":"outofstock","12":"taxable","13":"shipping-taxable","14":"purchasable","15":"product-type-simple"},"_links":{"self":[{"href":"https:\/\/mosperu.com\/tienda\/wp-json\/wp\/v2\/product\/3259","targetHints":{"allow":["GET"]}}],"collection":[{"href":"https:\/\/mosperu.com\/tienda\/wp-json\/wp\/v2\/product"}],"about":[{"href":"https:\/\/mosperu.com\/tienda\/wp-json\/wp\/v2\/types\/product"}],"replies":[{"embeddable":true,"href":"https:\/\/mosperu.com\/tienda\/wp-json\/wp\/v2\/comments?post=3259"}],"version-history":[{"count":1,"href":"https:\/\/mosperu.com\/tienda\/wp-json\/wp\/v2\/product\/3259\/revisions"}],"predecessor-version":[{"id":8671,"href":"https:\/\/mosperu.com\/tienda\/wp-json\/wp\/v2\/product\/3259\/revisions\/8671"}],"wp:featuredmedia":[{"embeddable":true,"href":"https:\/\/mosperu.com\/tienda\/wp-json\/wp\/v2\/media\/9106"}],"wp:attachment":[{"href":"https:\/\/mosperu.com\/tienda\/wp-json\/wp\/v2\/media?parent=3259"}],"wp:term":[{"taxonomy":"product_cat","embeddable":true,"href":"https:\/\/mosperu.com\/tienda\/wp-json\/wp\/v2\/product_cat?post=3259"},{"taxonomy":"product_tag","embeddable":true,"href":"https:\/\/mosperu.com\/tienda\/wp-json\/wp\/v2\/product_tag?post=3259"}],"curies":[{"name":"wp","href":"https:\/\/api.w.org\/{rel}","templated":true}]}}