{"id":3256,"date":"2024-02-28T22:22:13","date_gmt":"2024-02-28T21:22:13","guid":{"rendered":"https:\/\/mosperu.com\/tienda\/?post_type=product&#038;p=3256"},"modified":"2025-01-25T16:11:09","modified_gmt":"2025-01-25T15:11:09","slug":"wifi-usb-2-antenas-tp-link","status":"publish","type":"product","link":"https:\/\/mosperu.com\/tienda\/product\/wifi-usb-2-antenas-tp-link\/","title":{"rendered":"WIFI USB 2 ANTENAS TP-LINK"},"content":{"rendered":"<p>Mejora tu conectividad con el adaptador Wi-Fi USB TP-Link equipado con 2 antenas. Este dispositivo potencia tu se\u00f1al Wi-Fi, proporcionando una conexi\u00f3n m\u00e1s fuerte y r\u00e1pida para tu computadora o laptop. Di adi\u00f3s a las zonas sin cobertura y experimenta una conexi\u00f3n ininterrumpida para streaming, juegos y descargas m\u00e1s r\u00e1pidas. Las antenas duales garantizan un rendimiento excepcional incluso en entornos con se\u00f1ales d\u00e9biles. Actualiza tu experiencia de conectividad y lleva tu Wi-Fi al siguiente nivel con nuestro adaptador USB de 2 antenas TP-Link. \u00a1Cont\u00e1ctanos para m\u00e1s detalles y descubre nuestras ofertas especiales!<\/p>\n","protected":false},"excerpt":{"rendered":"<p>Mejora tu conectividad con el adaptador Wi-Fi USB TP-Link equipado con 2 antenas. Este dispositivo potencia tu se\u00f1al Wi-Fi, proporcionando una conexi\u00f3n m\u00e1s fuerte y r\u00e1pida para tu computadora o laptop. Di adi\u00f3s a las zonas sin cobertura y experimenta una conexi\u00f3n ininterrumpida para streaming, juegos y descargas m\u00e1s r\u00e1pidas. Las antenas duales garantizan un &hellip; <a href=\"https:\/\/mosperu.com\/tienda\/product\/wifi-usb-2-antenas-tp-link\/\" class=\"more-link\">Continuar leyendo <span class=\"screen-reader-text\">WIFI USB 2 ANTENAS TP-LINK<\/span><\/a><\/p>\n","protected":false},"featured_media":9191,"comment_status":"open","ping_status":"closed","template":"","meta":[],"product_cat":[322,315,318],"product_tag":[],"class_list":{"0":"post-3256","1":"product","2":"type-product","3":"status-publish","4":"has-post-thumbnail","6":"product_cat-adaptadores","7":"product_cat-accesorios-y-componentes","8":"product_cat-redes-y-wifi","11":"instock","12":"taxable","13":"shipping-taxable","14":"product-type-variable"},"_links":{"self":[{"href":"https:\/\/mosperu.com\/tienda\/wp-json\/wp\/v2\/product\/3256","targetHints":{"allow":["GET"]}}],"collection":[{"href":"https:\/\/mosperu.com\/tienda\/wp-json\/wp\/v2\/product"}],"about":[{"href":"https:\/\/mosperu.com\/tienda\/wp-json\/wp\/v2\/types\/product"}],"replies":[{"embeddable":true,"href":"https:\/\/mosperu.com\/tienda\/wp-json\/wp\/v2\/comments?post=3256"}],"version-history":[{"count":1,"href":"https:\/\/mosperu.com\/tienda\/wp-json\/wp\/v2\/product\/3256\/revisions"}],"predecessor-version":[{"id":8670,"href":"https:\/\/mosperu.com\/tienda\/wp-json\/wp\/v2\/product\/3256\/revisions\/8670"}],"wp:featuredmedia":[{"embeddable":true,"href":"https:\/\/mosperu.com\/tienda\/wp-json\/wp\/v2\/media\/9191"}],"wp:attachment":[{"href":"https:\/\/mosperu.com\/tienda\/wp-json\/wp\/v2\/media?parent=3256"}],"wp:term":[{"taxonomy":"product_cat","embeddable":true,"href":"https:\/\/mosperu.com\/tienda\/wp-json\/wp\/v2\/product_cat?post=3256"},{"taxonomy":"product_tag","embeddable":true,"href":"https:\/\/mosperu.com\/tienda\/wp-json\/wp\/v2\/product_tag?post=3256"}],"curies":[{"name":"wp","href":"https:\/\/api.w.org\/{rel}","templated":true}]}}