{"id":3248,"date":"2024-02-28T22:19:43","date_gmt":"2024-02-28T21:19:43","guid":{"rendered":"https:\/\/mosperu.com\/tienda\/?post_type=product&#038;p=3248"},"modified":"2025-01-25T16:11:10","modified_gmt":"2025-01-25T15:11:10","slug":"router-wifi-mesh-tp-link-deco-e4","status":"publish","type":"product","link":"https:\/\/mosperu.com\/tienda\/product\/router-wifi-mesh-tp-link-deco-e4\/","title":{"rendered":"ROUTER WIFI MESH TP-LINK DECO E4"},"content":{"rendered":"<p>Potencia tu conectividad con los kits de routers Wi-Fi Mesh TP-Link Deco E4. Disponibles en configuraciones de 3 unidades (Kit X3), ESTE sistema de malla garantizan una cobertura Wi-Fi completa en tu hogar. Olv\u00eddate de las \u00e1reas sin se\u00f1al y disfruta de una conexi\u00f3n fluida en todos tus dispositivos. Con caracter\u00edsticas avanzadas de seguridad y control parental, Deco E4 te ofrece una red segura y personalizable. Actualiza tu experiencia de conectividad y desp\u00eddete de las interrupciones con los kits TP-Link Deco E4. \u00a1Cont\u00e1ctanos para m\u00e1s detalles y descubre nuestras ofertas especiales!<\/p>\n","protected":false},"excerpt":{"rendered":"<p>Potencia tu conectividad con los kits de routers Wi-Fi Mesh TP-Link Deco E4. Disponibles en configuraciones de 3 unidades (Kit X3), ESTE sistema de malla garantizan una cobertura Wi-Fi completa en tu hogar. Olv\u00eddate de las \u00e1reas sin se\u00f1al y disfruta de una conexi\u00f3n fluida en todos tus dispositivos. Con caracter\u00edsticas avanzadas de seguridad y &hellip; <a href=\"https:\/\/mosperu.com\/tienda\/product\/router-wifi-mesh-tp-link-deco-e4\/\" class=\"more-link\">Continuar leyendo <span class=\"screen-reader-text\">ROUTER WIFI MESH TP-LINK DECO E4<\/span><\/a><\/p>\n","protected":false},"featured_media":9100,"comment_status":"open","ping_status":"closed","template":"","meta":[],"product_cat":[315,318],"product_tag":[],"class_list":{"0":"post-3248","1":"product","2":"type-product","3":"status-publish","4":"has-post-thumbnail","6":"product_cat-accesorios-y-componentes","7":"product_cat-redes-y-wifi","10":"instock","11":"taxable","12":"shipping-taxable","13":"purchasable","14":"product-type-simple"},"_links":{"self":[{"href":"https:\/\/mosperu.com\/tienda\/wp-json\/wp\/v2\/product\/3248","targetHints":{"allow":["GET"]}}],"collection":[{"href":"https:\/\/mosperu.com\/tienda\/wp-json\/wp\/v2\/product"}],"about":[{"href":"https:\/\/mosperu.com\/tienda\/wp-json\/wp\/v2\/types\/product"}],"replies":[{"embeddable":true,"href":"https:\/\/mosperu.com\/tienda\/wp-json\/wp\/v2\/comments?post=3248"}],"version-history":[{"count":1,"href":"https:\/\/mosperu.com\/tienda\/wp-json\/wp\/v2\/product\/3248\/revisions"}],"predecessor-version":[{"id":8668,"href":"https:\/\/mosperu.com\/tienda\/wp-json\/wp\/v2\/product\/3248\/revisions\/8668"}],"wp:featuredmedia":[{"embeddable":true,"href":"https:\/\/mosperu.com\/tienda\/wp-json\/wp\/v2\/media\/9100"}],"wp:attachment":[{"href":"https:\/\/mosperu.com\/tienda\/wp-json\/wp\/v2\/media?parent=3248"}],"wp:term":[{"taxonomy":"product_cat","embeddable":true,"href":"https:\/\/mosperu.com\/tienda\/wp-json\/wp\/v2\/product_cat?post=3248"},{"taxonomy":"product_tag","embeddable":true,"href":"https:\/\/mosperu.com\/tienda\/wp-json\/wp\/v2\/product_tag?post=3248"}],"curies":[{"name":"wp","href":"https:\/\/api.w.org\/{rel}","templated":true}]}}