{"id":3242,"date":"2024-02-28T22:17:34","date_gmt":"2024-02-28T21:17:34","guid":{"rendered":"https:\/\/mosperu.com\/tienda\/?post_type=product&#038;p=3242"},"modified":"2025-01-25T16:11:10","modified_gmt":"2025-01-25T15:11:10","slug":"extensor-wifi-tp-link-tl-wa850re","status":"publish","type":"product","link":"https:\/\/mosperu.com\/tienda\/product\/extensor-wifi-tp-link-tl-wa850re\/","title":{"rendered":"EXTENSOR WIFI TP-LINK TL-WA850RE"},"content":{"rendered":"<p>Ampl\u00eda tu se\u00f1al Wi-Fi con el extensor TP-Link TL-WA850RE. Con este dispositivo, puedes decir adi\u00f3s a las zonas sin cobertura en tu hogar u oficina. Simplemente con\u00e9ctalo y disfruta de una conexi\u00f3n m\u00e1s fuerte y estable en \u00e1reas previamente problem\u00e1ticas. Olv\u00eddate de las interrupciones en la se\u00f1al y experimenta un Wi-Fi de alta calidad en todos tus dispositivos. Adem\u00e1s, su dise\u00f1o compacto se adapta a cualquier entorno. Mant\u00e9n tu conexi\u00f3n fuerte y fluida con el extensor TP-Link TL-WA850RE. \u00a1Cont\u00e1ctanos para obtener m\u00e1s detalles y aprovechar nuestras ofertas especiales!<\/p>\n","protected":false},"excerpt":{"rendered":"<p>Ampl\u00eda tu se\u00f1al Wi-Fi con el extensor TP-Link TL-WA850RE. Con este dispositivo, puedes decir adi\u00f3s a las zonas sin cobertura en tu hogar u oficina. Simplemente con\u00e9ctalo y disfruta de una conexi\u00f3n m\u00e1s fuerte y estable en \u00e1reas previamente problem\u00e1ticas. Olv\u00eddate de las interrupciones en la se\u00f1al y experimenta un Wi-Fi de alta calidad en &hellip; <a href=\"https:\/\/mosperu.com\/tienda\/product\/extensor-wifi-tp-link-tl-wa850re\/\" class=\"more-link\">Continuar leyendo <span class=\"screen-reader-text\">EXTENSOR WIFI TP-LINK TL-WA850RE<\/span><\/a><\/p>\n","protected":false},"featured_media":9099,"comment_status":"open","ping_status":"closed","template":"","meta":[],"product_cat":[315,318],"product_tag":[],"class_list":{"0":"post-3242","1":"product","2":"type-product","3":"status-publish","4":"has-post-thumbnail","6":"product_cat-accesorios-y-componentes","7":"product_cat-redes-y-wifi","10":"instock","11":"taxable","12":"shipping-taxable","13":"purchasable","14":"product-type-simple"},"_links":{"self":[{"href":"https:\/\/mosperu.com\/tienda\/wp-json\/wp\/v2\/product\/3242","targetHints":{"allow":["GET"]}}],"collection":[{"href":"https:\/\/mosperu.com\/tienda\/wp-json\/wp\/v2\/product"}],"about":[{"href":"https:\/\/mosperu.com\/tienda\/wp-json\/wp\/v2\/types\/product"}],"replies":[{"embeddable":true,"href":"https:\/\/mosperu.com\/tienda\/wp-json\/wp\/v2\/comments?post=3242"}],"version-history":[{"count":1,"href":"https:\/\/mosperu.com\/tienda\/wp-json\/wp\/v2\/product\/3242\/revisions"}],"predecessor-version":[{"id":8666,"href":"https:\/\/mosperu.com\/tienda\/wp-json\/wp\/v2\/product\/3242\/revisions\/8666"}],"wp:featuredmedia":[{"embeddable":true,"href":"https:\/\/mosperu.com\/tienda\/wp-json\/wp\/v2\/media\/9099"}],"wp:attachment":[{"href":"https:\/\/mosperu.com\/tienda\/wp-json\/wp\/v2\/media?parent=3242"}],"wp:term":[{"taxonomy":"product_cat","embeddable":true,"href":"https:\/\/mosperu.com\/tienda\/wp-json\/wp\/v2\/product_cat?post=3242"},{"taxonomy":"product_tag","embeddable":true,"href":"https:\/\/mosperu.com\/tienda\/wp-json\/wp\/v2\/product_tag?post=3242"}],"curies":[{"name":"wp","href":"https:\/\/api.w.org\/{rel}","templated":true}]}}