{"id":3239,"date":"2024-02-28T22:15:27","date_gmt":"2024-02-28T21:15:27","guid":{"rendered":"https:\/\/mosperu.com\/tienda\/?post_type=product&#038;p=3239"},"modified":"2025-01-25T16:11:10","modified_gmt":"2025-01-25T15:11:10","slug":"hub-usb-4-puertos-klipxtreme","status":"publish","type":"product","link":"https:\/\/mosperu.com\/tienda\/product\/hub-usb-4-puertos-klipxtreme\/","title":{"rendered":"HUB USB 4 PUERTOS KLIPXTREME"},"content":{"rendered":"<p>Ampl\u00eda tu conectividad con nuestro hub USB de 4 puertos KlipXtreme. Convierte un solo puerto USB en cuatro, proporcion\u00e1ndote la flexibilidad que necesitas para conectar tus dispositivos adicionales. Ya sea para tu laptop, PC o cualquier dispositivo compatible con USB, este hub es la soluci\u00f3n perfecta. Simplifica tus conexiones y mejora tu productividad. \u00a1Ampl\u00eda tus opciones de conectividad con el hub USB de 4 puertos KlipXtreme! Cont\u00e1ctanos para obtener m\u00e1s detalles y descubrir nuestras ofertas especiales.<\/p>\n","protected":false},"excerpt":{"rendered":"<p>Ampl\u00eda tu conectividad con nuestro hub USB de 4 puertos KlipXtreme. Convierte un solo puerto USB en cuatro, proporcion\u00e1ndote la flexibilidad que necesitas para conectar tus dispositivos adicionales. Ya sea para tu laptop, PC o cualquier dispositivo compatible con USB, este hub es la soluci\u00f3n perfecta. Simplifica tus conexiones y mejora tu productividad. \u00a1Ampl\u00eda tus &hellip; <a href=\"https:\/\/mosperu.com\/tienda\/product\/hub-usb-4-puertos-klipxtreme\/\" class=\"more-link\">Continuar leyendo <span class=\"screen-reader-text\">HUB USB 4 PUERTOS KLIPXTREME<\/span><\/a><\/p>\n","protected":false},"featured_media":9095,"comment_status":"open","ping_status":"closed","template":"","meta":[],"product_cat":[322,315],"product_tag":[],"class_list":{"0":"post-3239","1":"product","2":"type-product","3":"status-publish","4":"has-post-thumbnail","6":"product_cat-adaptadores","7":"product_cat-accesorios-y-componentes","10":"outofstock","11":"taxable","12":"shipping-taxable","13":"purchasable","14":"product-type-simple"},"_links":{"self":[{"href":"https:\/\/mosperu.com\/tienda\/wp-json\/wp\/v2\/product\/3239","targetHints":{"allow":["GET"]}}],"collection":[{"href":"https:\/\/mosperu.com\/tienda\/wp-json\/wp\/v2\/product"}],"about":[{"href":"https:\/\/mosperu.com\/tienda\/wp-json\/wp\/v2\/types\/product"}],"replies":[{"embeddable":true,"href":"https:\/\/mosperu.com\/tienda\/wp-json\/wp\/v2\/comments?post=3239"}],"version-history":[{"count":1,"href":"https:\/\/mosperu.com\/tienda\/wp-json\/wp\/v2\/product\/3239\/revisions"}],"predecessor-version":[{"id":8665,"href":"https:\/\/mosperu.com\/tienda\/wp-json\/wp\/v2\/product\/3239\/revisions\/8665"}],"wp:featuredmedia":[{"embeddable":true,"href":"https:\/\/mosperu.com\/tienda\/wp-json\/wp\/v2\/media\/9095"}],"wp:attachment":[{"href":"https:\/\/mosperu.com\/tienda\/wp-json\/wp\/v2\/media?parent=3239"}],"wp:term":[{"taxonomy":"product_cat","embeddable":true,"href":"https:\/\/mosperu.com\/tienda\/wp-json\/wp\/v2\/product_cat?post=3239"},{"taxonomy":"product_tag","embeddable":true,"href":"https:\/\/mosperu.com\/tienda\/wp-json\/wp\/v2\/product_tag?post=3239"}],"curies":[{"name":"wp","href":"https:\/\/api.w.org\/{rel}","templated":true}]}}