{"id":3215,"date":"2024-02-28T22:06:32","date_gmt":"2024-02-28T21:06:32","guid":{"rendered":"https:\/\/mosperu.com\/tienda\/?post_type=product&#038;p=3215"},"modified":"2025-01-25T16:11:10","modified_gmt":"2025-01-25T15:11:10","slug":"estabilizador-forza-fvr-902","status":"publish","type":"product","link":"https:\/\/mosperu.com\/tienda\/product\/estabilizador-forza-fvr-902\/","title":{"rendered":"ESTABILIZADOR FORZA FVR-902"},"content":{"rendered":"<p>Protege tus dispositivos de forma confiable con el estabilizador Forza FVR-902. Este dispositivo esencial brinda una defensa efectiva contra fluctuaciones de voltaje y picos de tensi\u00f3n que pueden da\u00f1ar tus equipos. Con el Forza FVR-902, puedes tener la tranquilidad de que tus dispositivos est\u00e1n resguardados contra problemas el\u00e9ctricos. Mant\u00e9n tu equipo seguro y garantiza su funcionamiento estable. No dejes que los problemas el\u00e9ctricos afecten tu productividad, asegura la protecci\u00f3n de tus dispositivos con el estabilizador Forza FVR-902. Cont\u00e1ctanos para conocer m\u00e1s detalles y descubrir nuestras ofertas especiales.<\/p>\n","protected":false},"excerpt":{"rendered":"<p>Protege tus dispositivos de forma confiable con el estabilizador Forza FVR-902. Este dispositivo esencial brinda una defensa efectiva contra fluctuaciones de voltaje y picos de tensi\u00f3n que pueden da\u00f1ar tus equipos. Con el Forza FVR-902, puedes tener la tranquilidad de que tus dispositivos est\u00e1n resguardados contra problemas el\u00e9ctricos. Mant\u00e9n tu equipo seguro y garantiza su &hellip; <a href=\"https:\/\/mosperu.com\/tienda\/product\/estabilizador-forza-fvr-902\/\" class=\"more-link\">Continuar leyendo <span class=\"screen-reader-text\">ESTABILIZADOR FORZA FVR-902<\/span><\/a><\/p>\n","protected":false},"featured_media":9079,"comment_status":"open","ping_status":"closed","template":"","meta":[],"product_cat":[315,326],"product_tag":[],"class_list":{"0":"post-3215","1":"product","2":"type-product","3":"status-publish","4":"has-post-thumbnail","6":"product_cat-accesorios-y-componentes","7":"product_cat-estabilizadores","10":"instock","11":"taxable","12":"shipping-taxable","13":"purchasable","14":"product-type-simple"},"_links":{"self":[{"href":"https:\/\/mosperu.com\/tienda\/wp-json\/wp\/v2\/product\/3215","targetHints":{"allow":["GET"]}}],"collection":[{"href":"https:\/\/mosperu.com\/tienda\/wp-json\/wp\/v2\/product"}],"about":[{"href":"https:\/\/mosperu.com\/tienda\/wp-json\/wp\/v2\/types\/product"}],"replies":[{"embeddable":true,"href":"https:\/\/mosperu.com\/tienda\/wp-json\/wp\/v2\/comments?post=3215"}],"version-history":[{"count":1,"href":"https:\/\/mosperu.com\/tienda\/wp-json\/wp\/v2\/product\/3215\/revisions"}],"predecessor-version":[{"id":8659,"href":"https:\/\/mosperu.com\/tienda\/wp-json\/wp\/v2\/product\/3215\/revisions\/8659"}],"wp:featuredmedia":[{"embeddable":true,"href":"https:\/\/mosperu.com\/tienda\/wp-json\/wp\/v2\/media\/9079"}],"wp:attachment":[{"href":"https:\/\/mosperu.com\/tienda\/wp-json\/wp\/v2\/media?parent=3215"}],"wp:term":[{"taxonomy":"product_cat","embeddable":true,"href":"https:\/\/mosperu.com\/tienda\/wp-json\/wp\/v2\/product_cat?post=3215"},{"taxonomy":"product_tag","embeddable":true,"href":"https:\/\/mosperu.com\/tienda\/wp-json\/wp\/v2\/product_tag?post=3215"}],"curies":[{"name":"wp","href":"https:\/\/api.w.org\/{rel}","templated":true}]}}