{"id":3212,"date":"2024-02-28T22:05:37","date_gmt":"2024-02-28T21:05:37","guid":{"rendered":"https:\/\/mosperu.com\/tienda\/?post_type=product&#038;p=3212"},"modified":"2025-01-25T16:11:10","modified_gmt":"2025-01-25T15:11:10","slug":"estabilizador-forza-fvr-1002","status":"publish","type":"product","link":"https:\/\/mosperu.com\/tienda\/product\/estabilizador-forza-fvr-1002\/","title":{"rendered":"ESTABILIZADOR FORZA FVR-1002"},"content":{"rendered":"<p>Protege tus dispositivos de forma confiable con el estabilizador Forza FVR-1002. Este dispositivo esencial proporciona una protecci\u00f3n efectiva contra fluctuaciones de voltaje y picos de tensi\u00f3n que podr\u00edan da\u00f1ar tus equipos. Con el Forza FVR-1002, tus dispositivos estar\u00e1n a salvo de los altibajos el\u00e9ctricos, garantizando un funcionamiento estable y prolongando su vida \u00fatil. No dejes que los problemas el\u00e9ctricos arruinen tus dispositivos, asegura su seguridad con el estabilizador Forza FVR-1002. Cont\u00e1ctanos para obtener m\u00e1s detalles y aprovechar nuestras ofertas especiales.<\/p>\n","protected":false},"excerpt":{"rendered":"<p>Protege tus dispositivos de forma confiable con el estabilizador Forza FVR-1002. Este dispositivo esencial proporciona una protecci\u00f3n efectiva contra fluctuaciones de voltaje y picos de tensi\u00f3n que podr\u00edan da\u00f1ar tus equipos. Con el Forza FVR-1002, tus dispositivos estar\u00e1n a salvo de los altibajos el\u00e9ctricos, garantizando un funcionamiento estable y prolongando su vida \u00fatil. No dejes &hellip; <a href=\"https:\/\/mosperu.com\/tienda\/product\/estabilizador-forza-fvr-1002\/\" class=\"more-link\">Continuar leyendo <span class=\"screen-reader-text\">ESTABILIZADOR FORZA FVR-1002<\/span><\/a><\/p>\n","protected":false},"featured_media":9078,"comment_status":"open","ping_status":"closed","template":"","meta":[],"product_cat":[315,326],"product_tag":[],"class_list":{"0":"post-3212","1":"product","2":"type-product","3":"status-publish","4":"has-post-thumbnail","6":"product_cat-accesorios-y-componentes","7":"product_cat-estabilizadores","10":"instock","11":"taxable","12":"shipping-taxable","13":"purchasable","14":"product-type-simple"},"_links":{"self":[{"href":"https:\/\/mosperu.com\/tienda\/wp-json\/wp\/v2\/product\/3212","targetHints":{"allow":["GET"]}}],"collection":[{"href":"https:\/\/mosperu.com\/tienda\/wp-json\/wp\/v2\/product"}],"about":[{"href":"https:\/\/mosperu.com\/tienda\/wp-json\/wp\/v2\/types\/product"}],"replies":[{"embeddable":true,"href":"https:\/\/mosperu.com\/tienda\/wp-json\/wp\/v2\/comments?post=3212"}],"version-history":[{"count":1,"href":"https:\/\/mosperu.com\/tienda\/wp-json\/wp\/v2\/product\/3212\/revisions"}],"predecessor-version":[{"id":8658,"href":"https:\/\/mosperu.com\/tienda\/wp-json\/wp\/v2\/product\/3212\/revisions\/8658"}],"wp:featuredmedia":[{"embeddable":true,"href":"https:\/\/mosperu.com\/tienda\/wp-json\/wp\/v2\/media\/9078"}],"wp:attachment":[{"href":"https:\/\/mosperu.com\/tienda\/wp-json\/wp\/v2\/media?parent=3212"}],"wp:term":[{"taxonomy":"product_cat","embeddable":true,"href":"https:\/\/mosperu.com\/tienda\/wp-json\/wp\/v2\/product_cat?post=3212"},{"taxonomy":"product_tag","embeddable":true,"href":"https:\/\/mosperu.com\/tienda\/wp-json\/wp\/v2\/product_tag?post=3212"}],"curies":[{"name":"wp","href":"https:\/\/api.w.org\/{rel}","templated":true}]}}