{"id":3193,"date":"2024-02-28T06:27:34","date_gmt":"2024-02-28T05:27:34","guid":{"rendered":"https:\/\/mosperu.com\/tienda\/?post_type=product&#038;p=3193"},"modified":"2025-01-25T16:11:10","modified_gmt":"2025-01-25T15:11:10","slug":"ups-forza-nt-1012u","status":"publish","type":"product","link":"https:\/\/mosperu.com\/tienda\/product\/ups-forza-nt-1012u\/","title":{"rendered":"UPS FORZA NT-1012U"},"content":{"rendered":"<p>Protege tus dispositivos electr\u00f3nicos con nuestro UPS Forza NT-1012U de 1000VA y 500W. Este sistema de alimentaci\u00f3n ininterrumpida garantiza que tu equipo est\u00e9 a salvo de cortes de energ\u00eda y picos de tensi\u00f3n. Con una capacidad de respaldo confiable, tendr\u00e1s tiempo suficiente para guardar tu trabajo y apagar tus dispositivos con seguridad durante una interrupci\u00f3n de energ\u00eda. Mant\u00e9n tu productividad sin preocupaciones y protege tus valiosos equipos electr\u00f3nicos. \u00a1No te arriesgues, asegura la continuidad de tu trabajo con el UPS Forza NT-1012U! Cont\u00e1ctanos para obtener m\u00e1s detalles y descubrir nuestras ofertas especiales.<\/p>\n","protected":false},"excerpt":{"rendered":"<p>Protege tus dispositivos electr\u00f3nicos con nuestro UPS Forza NT-1012U de 1000VA y 500W. Este sistema de alimentaci\u00f3n ininterrumpida garantiza que tu equipo est\u00e9 a salvo de cortes de energ\u00eda y picos de tensi\u00f3n. Con una capacidad de respaldo confiable, tendr\u00e1s tiempo suficiente para guardar tu trabajo y apagar tus dispositivos con seguridad durante una interrupci\u00f3n &hellip; <a href=\"https:\/\/mosperu.com\/tienda\/product\/ups-forza-nt-1012u\/\" class=\"more-link\">Continuar leyendo <span class=\"screen-reader-text\">UPS FORZA NT-1012U<\/span><\/a><\/p>\n","protected":false},"featured_media":9076,"comment_status":"open","ping_status":"closed","template":"","meta":[],"product_cat":[315,326],"product_tag":[],"class_list":{"0":"post-3193","1":"product","2":"type-product","3":"status-publish","4":"has-post-thumbnail","6":"product_cat-accesorios-y-componentes","7":"product_cat-estabilizadores","10":"instock","11":"taxable","12":"shipping-taxable","13":"purchasable","14":"product-type-simple"},"_links":{"self":[{"href":"https:\/\/mosperu.com\/tienda\/wp-json\/wp\/v2\/product\/3193","targetHints":{"allow":["GET"]}}],"collection":[{"href":"https:\/\/mosperu.com\/tienda\/wp-json\/wp\/v2\/product"}],"about":[{"href":"https:\/\/mosperu.com\/tienda\/wp-json\/wp\/v2\/types\/product"}],"replies":[{"embeddable":true,"href":"https:\/\/mosperu.com\/tienda\/wp-json\/wp\/v2\/comments?post=3193"}],"version-history":[{"count":1,"href":"https:\/\/mosperu.com\/tienda\/wp-json\/wp\/v2\/product\/3193\/revisions"}],"predecessor-version":[{"id":8656,"href":"https:\/\/mosperu.com\/tienda\/wp-json\/wp\/v2\/product\/3193\/revisions\/8656"}],"wp:featuredmedia":[{"embeddable":true,"href":"https:\/\/mosperu.com\/tienda\/wp-json\/wp\/v2\/media\/9076"}],"wp:attachment":[{"href":"https:\/\/mosperu.com\/tienda\/wp-json\/wp\/v2\/media?parent=3193"}],"wp:term":[{"taxonomy":"product_cat","embeddable":true,"href":"https:\/\/mosperu.com\/tienda\/wp-json\/wp\/v2\/product_cat?post=3193"},{"taxonomy":"product_tag","embeddable":true,"href":"https:\/\/mosperu.com\/tienda\/wp-json\/wp\/v2\/product_tag?post=3193"}],"curies":[{"name":"wp","href":"https:\/\/api.w.org\/{rel}","templated":true}]}}