{"id":3190,"date":"2024-02-28T06:25:41","date_gmt":"2024-02-28T05:25:41","guid":{"rendered":"https:\/\/mosperu.com\/tienda\/?post_type=product&#038;p=3190"},"modified":"2025-01-25T16:11:10","modified_gmt":"2025-01-25T15:11:10","slug":"unidad-de-estado-solido-nvme","status":"publish","type":"product","link":"https:\/\/mosperu.com\/tienda\/product\/unidad-de-estado-solido-nvme\/","title":{"rendered":"UNIDAD DE ESTADO SOLIDO NVME"},"content":{"rendered":"<p>\u00a1Potencia tu rendimiento inform\u00e1tico con nuestra SSD NVMe! Experimenta la velocidad en su m\u00e1xima expresi\u00f3n con esta unidad de almacenamiento de vanguardia. Con velocidades de lectura y escritura ultrarr\u00e1pidas, tus aplicaciones y juegos cargar\u00e1n en un abrir y cerrar de ojos. Adem\u00e1s, su dise\u00f1o compacto y confiable te brinda la capacidad de almacenamiento y la durabilidad que necesitas. Acelera tu experiencia inform\u00e1tica y lleva tus archivos a la velocidad de la luz con nuestra SSD NVMe. \u00a1Cont\u00e1ctanos para conocer m\u00e1s detalles y descubrir las ofertas especiales que tenemos para ti!<\/p>\n","protected":false},"excerpt":{"rendered":"<p>\u00a1Potencia tu rendimiento inform\u00e1tico con nuestra SSD NVMe! Experimenta la velocidad en su m\u00e1xima expresi\u00f3n con esta unidad de almacenamiento de vanguardia. Con velocidades de lectura y escritura ultrarr\u00e1pidas, tus aplicaciones y juegos cargar\u00e1n en un abrir y cerrar de ojos. Adem\u00e1s, su dise\u00f1o compacto y confiable te brinda la capacidad de almacenamiento y la &hellip; <a href=\"https:\/\/mosperu.com\/tienda\/product\/unidad-de-estado-solido-nvme\/\" class=\"more-link\">Continuar leyendo <span class=\"screen-reader-text\">UNIDAD DE ESTADO SOLIDO NVME<\/span><\/a><\/p>\n","protected":false},"featured_media":9075,"comment_status":"open","ping_status":"closed","template":"","meta":[],"product_cat":[325,315],"product_tag":[],"class_list":{"0":"post-3190","1":"product","2":"type-product","3":"status-publish","4":"has-post-thumbnail","6":"product_cat-componentes","7":"product_cat-accesorios-y-componentes","10":"instock","11":"taxable","12":"shipping-taxable","13":"purchasable","14":"product-type-simple"},"_links":{"self":[{"href":"https:\/\/mosperu.com\/tienda\/wp-json\/wp\/v2\/product\/3190","targetHints":{"allow":["GET"]}}],"collection":[{"href":"https:\/\/mosperu.com\/tienda\/wp-json\/wp\/v2\/product"}],"about":[{"href":"https:\/\/mosperu.com\/tienda\/wp-json\/wp\/v2\/types\/product"}],"replies":[{"embeddable":true,"href":"https:\/\/mosperu.com\/tienda\/wp-json\/wp\/v2\/comments?post=3190"}],"version-history":[{"count":1,"href":"https:\/\/mosperu.com\/tienda\/wp-json\/wp\/v2\/product\/3190\/revisions"}],"predecessor-version":[{"id":8655,"href":"https:\/\/mosperu.com\/tienda\/wp-json\/wp\/v2\/product\/3190\/revisions\/8655"}],"wp:featuredmedia":[{"embeddable":true,"href":"https:\/\/mosperu.com\/tienda\/wp-json\/wp\/v2\/media\/9075"}],"wp:attachment":[{"href":"https:\/\/mosperu.com\/tienda\/wp-json\/wp\/v2\/media?parent=3190"}],"wp:term":[{"taxonomy":"product_cat","embeddable":true,"href":"https:\/\/mosperu.com\/tienda\/wp-json\/wp\/v2\/product_cat?post=3190"},{"taxonomy":"product_tag","embeddable":true,"href":"https:\/\/mosperu.com\/tienda\/wp-json\/wp\/v2\/product_tag?post=3190"}],"curies":[{"name":"wp","href":"https:\/\/api.w.org\/{rel}","templated":true}]}}