{"id":3183,"date":"2024-02-28T06:22:41","date_gmt":"2024-02-28T05:22:41","guid":{"rendered":"https:\/\/mosperu.com\/tienda\/?post_type=product&#038;p=3183"},"modified":"2025-01-25T16:11:11","modified_gmt":"2025-01-25T15:11:11","slug":"unidad-de-estado-solido-sata","status":"publish","type":"product","link":"https:\/\/mosperu.com\/tienda\/product\/unidad-de-estado-solido-sata\/","title":{"rendered":"UNIDAD DE ESTADO SOLIDO SATA"},"content":{"rendered":"<p>\u00a1Acelera tu experiencia inform\u00e1tica con nuestra unidad de estado s\u00f3lido (SSD) SATA! Esta SSD mejora dr\u00e1sticamente la velocidad y la eficiencia de tu computadora. Experimenta tiempos de carga m\u00e1s r\u00e1pidos, rendimiento \u00e1gil y mayor durabilidad en comparaci\u00f3n con los discos duros tradicionales. Con capacidades de almacenamiento que se ajustan a tus necesidades, es la actualizaci\u00f3n perfecta para tu PC o laptop. \u00a1Dale vida a tu dispositivo y experimenta el poder de la velocidad con nuestra SSD SATA! Cont\u00e1ctanos para conocer las opciones disponibles y las ofertas especiales.<\/p>\n","protected":false},"excerpt":{"rendered":"<p>\u00a1Acelera tu experiencia inform\u00e1tica con nuestra unidad de estado s\u00f3lido (SSD) SATA! Esta SSD mejora dr\u00e1sticamente la velocidad y la eficiencia de tu computadora. Experimenta tiempos de carga m\u00e1s r\u00e1pidos, rendimiento \u00e1gil y mayor durabilidad en comparaci\u00f3n con los discos duros tradicionales. Con capacidades de almacenamiento que se ajustan a tus necesidades, es la actualizaci\u00f3n &hellip; <a href=\"https:\/\/mosperu.com\/tienda\/product\/unidad-de-estado-solido-sata\/\" class=\"more-link\">Continuar leyendo <span class=\"screen-reader-text\">UNIDAD DE ESTADO SOLIDO SATA<\/span><\/a><\/p>\n","protected":false},"featured_media":9073,"comment_status":"open","ping_status":"closed","template":"","meta":[],"product_cat":[325,315],"product_tag":[],"class_list":{"0":"post-3183","1":"product","2":"type-product","3":"status-publish","4":"has-post-thumbnail","6":"product_cat-componentes","7":"product_cat-accesorios-y-componentes","10":"instock","11":"taxable","12":"shipping-taxable","13":"purchasable","14":"product-type-simple"},"_links":{"self":[{"href":"https:\/\/mosperu.com\/tienda\/wp-json\/wp\/v2\/product\/3183","targetHints":{"allow":["GET"]}}],"collection":[{"href":"https:\/\/mosperu.com\/tienda\/wp-json\/wp\/v2\/product"}],"about":[{"href":"https:\/\/mosperu.com\/tienda\/wp-json\/wp\/v2\/types\/product"}],"replies":[{"embeddable":true,"href":"https:\/\/mosperu.com\/tienda\/wp-json\/wp\/v2\/comments?post=3183"}],"version-history":[{"count":1,"href":"https:\/\/mosperu.com\/tienda\/wp-json\/wp\/v2\/product\/3183\/revisions"}],"predecessor-version":[{"id":8653,"href":"https:\/\/mosperu.com\/tienda\/wp-json\/wp\/v2\/product\/3183\/revisions\/8653"}],"wp:featuredmedia":[{"embeddable":true,"href":"https:\/\/mosperu.com\/tienda\/wp-json\/wp\/v2\/media\/9073"}],"wp:attachment":[{"href":"https:\/\/mosperu.com\/tienda\/wp-json\/wp\/v2\/media?parent=3183"}],"wp:term":[{"taxonomy":"product_cat","embeddable":true,"href":"https:\/\/mosperu.com\/tienda\/wp-json\/wp\/v2\/product_cat?post=3183"},{"taxonomy":"product_tag","embeddable":true,"href":"https:\/\/mosperu.com\/tienda\/wp-json\/wp\/v2\/product_tag?post=3183"}],"curies":[{"name":"wp","href":"https:\/\/api.w.org\/{rel}","templated":true}]}}