{"id":3177,"date":"2024-02-28T06:20:11","date_gmt":"2024-02-28T05:20:11","guid":{"rendered":"https:\/\/mosperu.com\/tienda\/?post_type=product&#038;p=3177"},"modified":"2025-01-25T16:11:11","modified_gmt":"2025-01-25T15:11:11","slug":"impresora-brother-mfc-t920dw","status":"publish","type":"product","link":"https:\/\/mosperu.com\/tienda\/product\/impresora-brother-mfc-t920dw\/","title":{"rendered":"IMPRESORA BROTHER MFC-T920DW"},"content":{"rendered":"<p>La impresora Brother MFC-T920DW es la soluci\u00f3n multifuncional definitiva para tus necesidades de impresi\u00f3n, escaneo y copiado. Equipada con un sistema de tinta continua, ofrece una impresi\u00f3n econ\u00f3mica y de alta calidad. Su conectividad vers\u00e1til, que incluye USB, Wi-Fi y Ethernet, te permite imprimir desde m\u00faltiples dispositivos y ubicaciones. Adem\u00e1s, cuenta con un alimentador autom\u00e1tico de documentos (ADF) para un escaneo r\u00e1pido de documentos multi p\u00e1gina. La funci\u00f3n de impresi\u00f3n autom\u00e1tica a doble cara ahorra papel y esfuerzo. La Brother MFC-T920DW es una herramienta completa para la productividad en tu hogar u oficina.<\/p>\n","protected":false},"excerpt":{"rendered":"<p>La impresora Brother MFC-T920DW es la soluci\u00f3n multifuncional definitiva para tus necesidades de impresi\u00f3n, escaneo y copiado. Equipada con un sistema de tinta continua, ofrece una impresi\u00f3n econ\u00f3mica y de alta calidad. Su conectividad vers\u00e1til, que incluye USB, Wi-Fi y Ethernet, te permite imprimir desde m\u00faltiples dispositivos y ubicaciones. Adem\u00e1s, cuenta con un alimentador autom\u00e1tico &hellip; <a href=\"https:\/\/mosperu.com\/tienda\/product\/impresora-brother-mfc-t920dw\/\" class=\"more-link\">Continuar leyendo <span class=\"screen-reader-text\">IMPRESORA BROTHER MFC-T920DW<\/span><\/a><\/p>\n","protected":false},"featured_media":9071,"comment_status":"open","ping_status":"closed","template":"","meta":[],"product_cat":[315,328],"product_tag":[],"class_list":{"0":"post-3177","1":"product","2":"type-product","3":"status-publish","4":"has-post-thumbnail","6":"product_cat-accesorios-y-componentes","7":"product_cat-impresoras","10":"instock","11":"taxable","12":"shipping-taxable","13":"purchasable","14":"product-type-simple"},"_links":{"self":[{"href":"https:\/\/mosperu.com\/tienda\/wp-json\/wp\/v2\/product\/3177","targetHints":{"allow":["GET"]}}],"collection":[{"href":"https:\/\/mosperu.com\/tienda\/wp-json\/wp\/v2\/product"}],"about":[{"href":"https:\/\/mosperu.com\/tienda\/wp-json\/wp\/v2\/types\/product"}],"replies":[{"embeddable":true,"href":"https:\/\/mosperu.com\/tienda\/wp-json\/wp\/v2\/comments?post=3177"}],"version-history":[{"count":1,"href":"https:\/\/mosperu.com\/tienda\/wp-json\/wp\/v2\/product\/3177\/revisions"}],"predecessor-version":[{"id":8651,"href":"https:\/\/mosperu.com\/tienda\/wp-json\/wp\/v2\/product\/3177\/revisions\/8651"}],"wp:featuredmedia":[{"embeddable":true,"href":"https:\/\/mosperu.com\/tienda\/wp-json\/wp\/v2\/media\/9071"}],"wp:attachment":[{"href":"https:\/\/mosperu.com\/tienda\/wp-json\/wp\/v2\/media?parent=3177"}],"wp:term":[{"taxonomy":"product_cat","embeddable":true,"href":"https:\/\/mosperu.com\/tienda\/wp-json\/wp\/v2\/product_cat?post=3177"},{"taxonomy":"product_tag","embeddable":true,"href":"https:\/\/mosperu.com\/tienda\/wp-json\/wp\/v2\/product_tag?post=3177"}],"curies":[{"name":"wp","href":"https:\/\/api.w.org\/{rel}","templated":true}]}}