{"id":3165,"date":"2024-02-28T06:15:35","date_gmt":"2024-02-28T05:15:35","guid":{"rendered":"https:\/\/mosperu.com\/tienda\/?post_type=product&#038;p=3165"},"modified":"2025-01-25T16:11:11","modified_gmt":"2025-01-25T15:11:11","slug":"impresora-termica-epson-tm-t20iii-001","status":"publish","type":"product","link":"https:\/\/mosperu.com\/tienda\/product\/impresora-termica-epson-tm-t20iii-001\/","title":{"rendered":"IMPRESORA TERMICA EPSON TM-T20III-001"},"content":{"rendered":"<p>La impresora t\u00e9rmica Epson TM-T20III-001 es la soluci\u00f3n ideal para imprimir recibos y documentos de alta calidad en entornos comerciales y minoristas. Dise\u00f1ada para ser eficiente y confiable, esta impresora t\u00e9rmica ofrece una r\u00e1pida velocidad de impresi\u00f3n y una f\u00e1cil carga de papel. Su dise\u00f1o compacto la hace perfecta para espacios limitados. Con conectividad USB, es f\u00e1cil de integrar con sistemas de punto de venta y otros dispositivos. La Epson TM-T20III-001 es la elecci\u00f3n perfecta para imprimir de manera eficiente y precisa en tu negocio.<\/p>\n","protected":false},"excerpt":{"rendered":"<p>La impresora t\u00e9rmica Epson TM-T20III-001 es la soluci\u00f3n ideal para imprimir recibos y documentos de alta calidad en entornos comerciales y minoristas. Dise\u00f1ada para ser eficiente y confiable, esta impresora t\u00e9rmica ofrece una r\u00e1pida velocidad de impresi\u00f3n y una f\u00e1cil carga de papel. Su dise\u00f1o compacto la hace perfecta para espacios limitados. Con conectividad USB, &hellip; <a href=\"https:\/\/mosperu.com\/tienda\/product\/impresora-termica-epson-tm-t20iii-001\/\" class=\"more-link\">Continuar leyendo <span class=\"screen-reader-text\">IMPRESORA TERMICA EPSON TM-T20III-001<\/span><\/a><\/p>\n","protected":false},"featured_media":9066,"comment_status":"open","ping_status":"closed","template":"","meta":[],"product_cat":[315,328],"product_tag":[],"class_list":{"0":"post-3165","1":"product","2":"type-product","3":"status-publish","4":"has-post-thumbnail","6":"product_cat-accesorios-y-componentes","7":"product_cat-impresoras","10":"instock","11":"taxable","12":"shipping-taxable","13":"purchasable","14":"product-type-simple"},"_links":{"self":[{"href":"https:\/\/mosperu.com\/tienda\/wp-json\/wp\/v2\/product\/3165","targetHints":{"allow":["GET"]}}],"collection":[{"href":"https:\/\/mosperu.com\/tienda\/wp-json\/wp\/v2\/product"}],"about":[{"href":"https:\/\/mosperu.com\/tienda\/wp-json\/wp\/v2\/types\/product"}],"replies":[{"embeddable":true,"href":"https:\/\/mosperu.com\/tienda\/wp-json\/wp\/v2\/comments?post=3165"}],"version-history":[{"count":1,"href":"https:\/\/mosperu.com\/tienda\/wp-json\/wp\/v2\/product\/3165\/revisions"}],"predecessor-version":[{"id":8647,"href":"https:\/\/mosperu.com\/tienda\/wp-json\/wp\/v2\/product\/3165\/revisions\/8647"}],"wp:featuredmedia":[{"embeddable":true,"href":"https:\/\/mosperu.com\/tienda\/wp-json\/wp\/v2\/media\/9066"}],"wp:attachment":[{"href":"https:\/\/mosperu.com\/tienda\/wp-json\/wp\/v2\/media?parent=3165"}],"wp:term":[{"taxonomy":"product_cat","embeddable":true,"href":"https:\/\/mosperu.com\/tienda\/wp-json\/wp\/v2\/product_cat?post=3165"},{"taxonomy":"product_tag","embeddable":true,"href":"https:\/\/mosperu.com\/tienda\/wp-json\/wp\/v2\/product_tag?post=3165"}],"curies":[{"name":"wp","href":"https:\/\/api.w.org\/{rel}","templated":true}]}}