{"id":3153,"date":"2024-02-28T06:09:59","date_gmt":"2024-02-28T05:09:59","guid":{"rendered":"https:\/\/mosperu.com\/tienda\/?post_type=product&#038;p=3153"},"modified":"2025-01-25T16:11:11","modified_gmt":"2025-01-25T15:11:11","slug":"tableta-grafica-wacom","status":"publish","type":"product","link":"https:\/\/mosperu.com\/tienda\/product\/tableta-grafica-wacom\/","title":{"rendered":"TABLETA GRAFICA WACOM"},"content":{"rendered":"<p>La tableta gr\u00e1fica Wacom CTL-672 Medium es la elecci\u00f3n ideal para artistas y dise\u00f1adores que buscan una superficie de trabajo m\u00e1s amplia. Con su tama\u00f1o mediano, esta tableta ofrece un mayor espacio para expresar tu creatividad y realizar dise\u00f1os detallados con precisi\u00f3n. Equipada con una pluma sensible a la presi\u00f3n, te permite crear trazos naturales y fluidos en tus proyectos digitales. La conectividad USB la hace f\u00e1cil de usar con una variedad de dispositivos. Descubre un nuevo nivel de control y calidad en tus creaciones art\u00edsticas con la Wacom CTL-672 Medium.<\/p>\n","protected":false},"excerpt":{"rendered":"<p>La tableta gr\u00e1fica Wacom CTL-672 Medium es la elecci\u00f3n ideal para artistas y dise\u00f1adores que buscan una superficie de trabajo m\u00e1s amplia. Con su tama\u00f1o mediano, esta tableta ofrece un mayor espacio para expresar tu creatividad y realizar dise\u00f1os detallados con precisi\u00f3n. Equipada con una pluma sensible a la presi\u00f3n, te permite crear trazos naturales &hellip; <a href=\"https:\/\/mosperu.com\/tienda\/product\/tableta-grafica-wacom\/\" class=\"more-link\">Continuar leyendo <span class=\"screen-reader-text\">TABLETA GRAFICA WACOM<\/span><\/a><\/p>\n","protected":false},"featured_media":9058,"comment_status":"open","ping_status":"closed","template":"","meta":[],"product_cat":[315,331],"product_tag":[],"class_list":{"0":"post-3153","1":"product","2":"type-product","3":"status-publish","4":"has-post-thumbnail","6":"product_cat-accesorios-y-componentes","7":"product_cat-perifericos","10":"onbackorder","11":"taxable","12":"shipping-taxable","13":"purchasable","14":"product-type-simple"},"_links":{"self":[{"href":"https:\/\/mosperu.com\/tienda\/wp-json\/wp\/v2\/product\/3153","targetHints":{"allow":["GET"]}}],"collection":[{"href":"https:\/\/mosperu.com\/tienda\/wp-json\/wp\/v2\/product"}],"about":[{"href":"https:\/\/mosperu.com\/tienda\/wp-json\/wp\/v2\/types\/product"}],"replies":[{"embeddable":true,"href":"https:\/\/mosperu.com\/tienda\/wp-json\/wp\/v2\/comments?post=3153"}],"version-history":[{"count":1,"href":"https:\/\/mosperu.com\/tienda\/wp-json\/wp\/v2\/product\/3153\/revisions"}],"predecessor-version":[{"id":8643,"href":"https:\/\/mosperu.com\/tienda\/wp-json\/wp\/v2\/product\/3153\/revisions\/8643"}],"wp:featuredmedia":[{"embeddable":true,"href":"https:\/\/mosperu.com\/tienda\/wp-json\/wp\/v2\/media\/9058"}],"wp:attachment":[{"href":"https:\/\/mosperu.com\/tienda\/wp-json\/wp\/v2\/media?parent=3153"}],"wp:term":[{"taxonomy":"product_cat","embeddable":true,"href":"https:\/\/mosperu.com\/tienda\/wp-json\/wp\/v2\/product_cat?post=3153"},{"taxonomy":"product_tag","embeddable":true,"href":"https:\/\/mosperu.com\/tienda\/wp-json\/wp\/v2\/product_tag?post=3153"}],"curies":[{"name":"wp","href":"https:\/\/api.w.org\/{rel}","templated":true}]}}