{"id":3123,"date":"2024-07-05T02:42:39","date_gmt":"2024-07-05T00:42:39","guid":{"rendered":"https:\/\/mosperu.com\/tienda\/?post_type=product&#038;p=3123"},"modified":"2024-12-04T00:19:53","modified_gmt":"2024-12-03T23:19:53","slug":"teclado-para-laptop","status":"publish","type":"product","link":"https:\/\/mosperu.com\/tienda\/product\/teclado-para-laptop\/","title":{"rendered":"TECLADO PARA LAPTOP"},"content":{"rendered":"<p>Reemplaza tu teclado malogrado y recupera la productividad de tu laptop. Nuestros teclados para laptop ofrecen una soluci\u00f3n eficaz y asequible para dispositivos con teclados da\u00f1ados o desgastados. Con una instalaci\u00f3n sencilla, podr\u00e1s disfrutar de una experiencia de escritura fluida y c\u00f3moda de nuevo. Devuelve la vida a tu laptop y vuelve a trabajar con eficiencia. Reemplaza tu teclado malogrado con nuestra opci\u00f3n de calidad y rendimiento.<\/p>\n","protected":false},"excerpt":{"rendered":"<p>Reemplaza tu teclado malogrado y recupera la productividad de tu laptop. Nuestros teclados para laptop ofrecen una soluci\u00f3n eficaz y asequible para dispositivos con teclados da\u00f1ados o desgastados. Con una instalaci\u00f3n sencilla, podr\u00e1s disfrutar de una experiencia de escritura fluida y c\u00f3moda de nuevo. Devuelve la vida a tu laptop y vuelve a trabajar con &hellip; <a href=\"https:\/\/mosperu.com\/tienda\/product\/teclado-para-laptop\/\" class=\"more-link\">Continuar leyendo <span class=\"screen-reader-text\">TECLADO PARA LAPTOP<\/span><\/a><\/p>\n","protected":false},"featured_media":9206,"comment_status":"open","ping_status":"closed","template":"","meta":[],"product_cat":[321,315],"product_tag":[],"class_list":{"0":"post-3123","1":"product","2":"type-product","3":"status-publish","4":"has-post-thumbnail","6":"product_cat-accesorios-para-laptops","7":"product_cat-accesorios-y-componentes","10":"instock","11":"taxable","12":"shipping-taxable","13":"purchasable","14":"product-type-simple"},"_links":{"self":[{"href":"https:\/\/mosperu.com\/tienda\/wp-json\/wp\/v2\/product\/3123","targetHints":{"allow":["GET"]}}],"collection":[{"href":"https:\/\/mosperu.com\/tienda\/wp-json\/wp\/v2\/product"}],"about":[{"href":"https:\/\/mosperu.com\/tienda\/wp-json\/wp\/v2\/types\/product"}],"replies":[{"embeddable":true,"href":"https:\/\/mosperu.com\/tienda\/wp-json\/wp\/v2\/comments?post=3123"}],"version-history":[{"count":1,"href":"https:\/\/mosperu.com\/tienda\/wp-json\/wp\/v2\/product\/3123\/revisions"}],"predecessor-version":[{"id":8637,"href":"https:\/\/mosperu.com\/tienda\/wp-json\/wp\/v2\/product\/3123\/revisions\/8637"}],"wp:featuredmedia":[{"embeddable":true,"href":"https:\/\/mosperu.com\/tienda\/wp-json\/wp\/v2\/media\/9206"}],"wp:attachment":[{"href":"https:\/\/mosperu.com\/tienda\/wp-json\/wp\/v2\/media?parent=3123"}],"wp:term":[{"taxonomy":"product_cat","embeddable":true,"href":"https:\/\/mosperu.com\/tienda\/wp-json\/wp\/v2\/product_cat?post=3123"},{"taxonomy":"product_tag","embeddable":true,"href":"https:\/\/mosperu.com\/tienda\/wp-json\/wp\/v2\/product_tag?post=3123"}],"curies":[{"name":"wp","href":"https:\/\/api.w.org\/{rel}","templated":true}]}}