{"id":3119,"date":"2024-02-28T05:32:06","date_gmt":"2024-02-28T04:32:06","guid":{"rendered":"https:\/\/mosperu.com\/tienda\/?post_type=product&#038;p=3119"},"modified":"2025-01-25T16:11:12","modified_gmt":"2025-01-25T15:11:12","slug":"microfono-usb-con-pedestal","status":"publish","type":"product","link":"https:\/\/mosperu.com\/tienda\/product\/microfono-usb-con-pedestal\/","title":{"rendered":"MICROFONO USB CON PEDESTAL"},"content":{"rendered":"<p>Potencia tu calidad de sonido con nuestro micr\u00f3fono USB con pedestal. Dise\u00f1ado para brindar una grabaci\u00f3n de audio n\u00edtida y profesional, este micr\u00f3fono es la elecci\u00f3n perfecta para podcasts, videoconferencias, grabaci\u00f3n de voz en off y m\u00e1s. La conexi\u00f3n USB plug-and-play lo hace f\u00e1cil de usar, sin necesidad de drivers complicados. Adem\u00e1s, su pedestal ajustable te permite colocarlo en la posici\u00f3n \u00f3ptima para tu grabaci\u00f3n. Eleva la calidad de tu audio y simplifica tu configuraci\u00f3n con nuestro micr\u00f3fono USB con pedestal.<\/p>\n","protected":false},"excerpt":{"rendered":"<p>Potencia tu calidad de sonido con nuestro micr\u00f3fono USB con pedestal. Dise\u00f1ado para brindar una grabaci\u00f3n de audio n\u00edtida y profesional, este micr\u00f3fono es la elecci\u00f3n perfecta para podcasts, videoconferencias, grabaci\u00f3n de voz en off y m\u00e1s. La conexi\u00f3n USB plug-and-play lo hace f\u00e1cil de usar, sin necesidad de drivers complicados. Adem\u00e1s, su pedestal ajustable &hellip; <a href=\"https:\/\/mosperu.com\/tienda\/product\/microfono-usb-con-pedestal\/\" class=\"more-link\">Continuar leyendo <span class=\"screen-reader-text\">MICROFONO USB CON PEDESTAL<\/span><\/a><\/p>\n","protected":false},"featured_media":9055,"comment_status":"open","ping_status":"closed","template":"","meta":[],"product_cat":[325,315,331],"product_tag":[],"class_list":{"0":"post-3119","1":"product","2":"type-product","3":"status-publish","4":"has-post-thumbnail","6":"product_cat-componentes","7":"product_cat-accesorios-y-componentes","8":"product_cat-perifericos","11":"instock","12":"taxable","13":"shipping-taxable","14":"purchasable","15":"product-type-simple"},"_links":{"self":[{"href":"https:\/\/mosperu.com\/tienda\/wp-json\/wp\/v2\/product\/3119","targetHints":{"allow":["GET"]}}],"collection":[{"href":"https:\/\/mosperu.com\/tienda\/wp-json\/wp\/v2\/product"}],"about":[{"href":"https:\/\/mosperu.com\/tienda\/wp-json\/wp\/v2\/types\/product"}],"replies":[{"embeddable":true,"href":"https:\/\/mosperu.com\/tienda\/wp-json\/wp\/v2\/comments?post=3119"}],"version-history":[{"count":1,"href":"https:\/\/mosperu.com\/tienda\/wp-json\/wp\/v2\/product\/3119\/revisions"}],"predecessor-version":[{"id":8636,"href":"https:\/\/mosperu.com\/tienda\/wp-json\/wp\/v2\/product\/3119\/revisions\/8636"}],"wp:featuredmedia":[{"embeddable":true,"href":"https:\/\/mosperu.com\/tienda\/wp-json\/wp\/v2\/media\/9055"}],"wp:attachment":[{"href":"https:\/\/mosperu.com\/tienda\/wp-json\/wp\/v2\/media?parent=3119"}],"wp:term":[{"taxonomy":"product_cat","embeddable":true,"href":"https:\/\/mosperu.com\/tienda\/wp-json\/wp\/v2\/product_cat?post=3119"},{"taxonomy":"product_tag","embeddable":true,"href":"https:\/\/mosperu.com\/tienda\/wp-json\/wp\/v2\/product_tag?post=3119"}],"curies":[{"name":"wp","href":"https:\/\/api.w.org\/{rel}","templated":true}]}}