{"id":3112,"date":"2024-02-28T05:24:58","date_gmt":"2024-02-28T04:24:58","guid":{"rendered":"https:\/\/mosperu.com\/tienda\/?post_type=product&#038;p=3112"},"modified":"2025-01-25T16:11:12","modified_gmt":"2025-01-25T15:11:12","slug":"cable-display-port-1-8-mts","status":"publish","type":"product","link":"https:\/\/mosperu.com\/tienda\/product\/cable-display-port-1-8-mts\/","title":{"rendered":"CABLE DISPLAY PORT 1.8 MTS"},"content":{"rendered":"<p>Con nuestro cable DisplayPort de 1.8 metros, disfruta de una conectividad sin igual para tus dispositivos. Este cable ofrece una soluci\u00f3n confiable y de alta calidad para conectar tu computadora, monitor o dispositivo compatible con DisplayPort a una resoluci\u00f3n excepcional. Con una longitud \u00f3ptima de 1.8 metros, tendr\u00e1s la flexibilidad necesaria sin enredos de cables. Experimenta una transmisi\u00f3n de se\u00f1al impecable y calidad de imagen excepcional en cada uso con nuestro cable DisplayPort de 1.8 metros.<\/p>\n","protected":false},"excerpt":{"rendered":"<p>Con nuestro cable DisplayPort de 1.8 metros, disfruta de una conectividad sin igual para tus dispositivos. Este cable ofrece una soluci\u00f3n confiable y de alta calidad para conectar tu computadora, monitor o dispositivo compatible con DisplayPort a una resoluci\u00f3n excepcional. Con una longitud \u00f3ptima de 1.8 metros, tendr\u00e1s la flexibilidad necesaria sin enredos de cables. &hellip; <a href=\"https:\/\/mosperu.com\/tienda\/product\/cable-display-port-1-8-mts\/\" class=\"more-link\">Continuar leyendo <span class=\"screen-reader-text\">CABLE DISPLAY PORT 1.8 MTS<\/span><\/a><\/p>\n","protected":false},"featured_media":9049,"comment_status":"open","ping_status":"closed","template":"","meta":[],"product_cat":[323,315,329],"product_tag":[],"class_list":{"0":"post-3112","1":"product","2":"type-product","3":"status-publish","4":"has-post-thumbnail","6":"product_cat-cables","7":"product_cat-accesorios-y-componentes","8":"product_cat-monitores","11":"instock","12":"taxable","13":"shipping-taxable","14":"purchasable","15":"product-type-simple"},"_links":{"self":[{"href":"https:\/\/mosperu.com\/tienda\/wp-json\/wp\/v2\/product\/3112","targetHints":{"allow":["GET"]}}],"collection":[{"href":"https:\/\/mosperu.com\/tienda\/wp-json\/wp\/v2\/product"}],"about":[{"href":"https:\/\/mosperu.com\/tienda\/wp-json\/wp\/v2\/types\/product"}],"replies":[{"embeddable":true,"href":"https:\/\/mosperu.com\/tienda\/wp-json\/wp\/v2\/comments?post=3112"}],"version-history":[{"count":1,"href":"https:\/\/mosperu.com\/tienda\/wp-json\/wp\/v2\/product\/3112\/revisions"}],"predecessor-version":[{"id":8635,"href":"https:\/\/mosperu.com\/tienda\/wp-json\/wp\/v2\/product\/3112\/revisions\/8635"}],"wp:featuredmedia":[{"embeddable":true,"href":"https:\/\/mosperu.com\/tienda\/wp-json\/wp\/v2\/media\/9049"}],"wp:attachment":[{"href":"https:\/\/mosperu.com\/tienda\/wp-json\/wp\/v2\/media?parent=3112"}],"wp:term":[{"taxonomy":"product_cat","embeddable":true,"href":"https:\/\/mosperu.com\/tienda\/wp-json\/wp\/v2\/product_cat?post=3112"},{"taxonomy":"product_tag","embeddable":true,"href":"https:\/\/mosperu.com\/tienda\/wp-json\/wp\/v2\/product_tag?post=3112"}],"curies":[{"name":"wp","href":"https:\/\/api.w.org\/{rel}","templated":true}]}}