{"id":3058,"date":"2024-02-28T03:26:55","date_gmt":"2024-02-28T02:26:55","guid":{"rendered":"https:\/\/mosperu.com\/tienda\/?post_type=product&#038;p=3058"},"modified":"2025-01-25T16:11:27","modified_gmt":"2025-01-25T15:11:27","slug":"cable-de-poder-tipo-8","status":"publish","type":"product","link":"https:\/\/mosperu.com\/tienda\/product\/cable-de-poder-tipo-8\/","title":{"rendered":"CABLE DE PODER TIPO 8"},"content":{"rendered":"<p>Conecta tus dispositivos de manera sencilla y segura con nuestro Cable de Poder Tipo 8. Dise\u00f1ado para ofrecer una conexi\u00f3n confiable y duradera, este cable es la elecci\u00f3n perfecta para tu hogar u oficina. Mant\u00e9n tus dispositivos en funcionamiento sin preocupaciones. \ud83d\udd0c\ud83c\udfe1<\/p>\n<p>Adem\u00e1s de lo que has visto, contamos con una amplia variedad de otros productos disponibles. Si tienes algo espec\u00edfico en mente o si deseas explorar m\u00e1s opciones, no dudes en preguntar. Estamos aqu\u00ed para ayudarte a encontrar exactamente lo que necesitas.<\/p>\n","protected":false},"excerpt":{"rendered":"<p>Conecta tus dispositivos de manera sencilla y segura con nuestro Cable de Poder Tipo 8. Dise\u00f1ado para ofrecer una conexi\u00f3n confiable y duradera, este cable es la elecci\u00f3n perfecta para tu hogar u oficina. Mant\u00e9n tus dispositivos en funcionamiento sin preocupaciones. \ud83d\udd0c\ud83c\udfe1 Adem\u00e1s de lo que has visto, contamos con una amplia variedad de otros &hellip; <a href=\"https:\/\/mosperu.com\/tienda\/product\/cable-de-poder-tipo-8\/\" class=\"more-link\">Continuar leyendo <span class=\"screen-reader-text\">CABLE DE PODER TIPO 8<\/span><\/a><\/p>\n","protected":false},"featured_media":9048,"comment_status":"open","ping_status":"closed","template":"","meta":[],"product_cat":[323,315],"product_tag":[],"class_list":{"0":"post-3058","1":"product","2":"type-product","3":"status-publish","4":"has-post-thumbnail","6":"product_cat-cables","7":"product_cat-accesorios-y-componentes","10":"outofstock","11":"taxable","12":"shipping-taxable","13":"product-type-simple"},"_links":{"self":[{"href":"https:\/\/mosperu.com\/tienda\/wp-json\/wp\/v2\/product\/3058","targetHints":{"allow":["GET"]}}],"collection":[{"href":"https:\/\/mosperu.com\/tienda\/wp-json\/wp\/v2\/product"}],"about":[{"href":"https:\/\/mosperu.com\/tienda\/wp-json\/wp\/v2\/types\/product"}],"replies":[{"embeddable":true,"href":"https:\/\/mosperu.com\/tienda\/wp-json\/wp\/v2\/comments?post=3058"}],"version-history":[{"count":1,"href":"https:\/\/mosperu.com\/tienda\/wp-json\/wp\/v2\/product\/3058\/revisions"}],"predecessor-version":[{"id":8634,"href":"https:\/\/mosperu.com\/tienda\/wp-json\/wp\/v2\/product\/3058\/revisions\/8634"}],"wp:featuredmedia":[{"embeddable":true,"href":"https:\/\/mosperu.com\/tienda\/wp-json\/wp\/v2\/media\/9048"}],"wp:attachment":[{"href":"https:\/\/mosperu.com\/tienda\/wp-json\/wp\/v2\/media?parent=3058"}],"wp:term":[{"taxonomy":"product_cat","embeddable":true,"href":"https:\/\/mosperu.com\/tienda\/wp-json\/wp\/v2\/product_cat?post=3058"},{"taxonomy":"product_tag","embeddable":true,"href":"https:\/\/mosperu.com\/tienda\/wp-json\/wp\/v2\/product_tag?post=3058"}],"curies":[{"name":"wp","href":"https:\/\/api.w.org\/{rel}","templated":true}]}}