{"id":3050,"date":"2024-02-28T03:24:59","date_gmt":"2024-02-28T02:24:59","guid":{"rendered":"https:\/\/mosperu.com\/tienda\/?post_type=product&#038;p=3050"},"modified":"2025-01-25T16:11:28","modified_gmt":"2025-01-25T15:11:28","slug":"cable-de-poder-para-fuente-de-pc","status":"publish","type":"product","link":"https:\/\/mosperu.com\/tienda\/product\/cable-de-poder-para-fuente-de-pc\/","title":{"rendered":"CABLE DE PODER PARA FUENTE DE PC"},"content":{"rendered":"<p>\u00a1Dale energ\u00eda a tu PC con nuestro Cable de Poder de Alta Calidad! Este cable robusto garantiza una conexi\u00f3n segura y estable para tu fuente de alimentaci\u00f3n. Conf\u00eda en la calidad para mantener tu PC funcionando sin problemas. \ud83d\udd0c\ud83d\udcbb<\/p>\n<p>Adem\u00e1s de lo que has visto, contamos con una amplia variedad de otros productos disponibles. Si tienes algo espec\u00edfico en mente o si deseas explorar m\u00e1s opciones, no dudes en preguntar. Estamos aqu\u00ed para ayudarte a encontrar exactamente lo que necesitas.<\/p>\n","protected":false},"excerpt":{"rendered":"<p>\u00a1Dale energ\u00eda a tu PC con nuestro Cable de Poder de Alta Calidad! Este cable robusto garantiza una conexi\u00f3n segura y estable para tu fuente de alimentaci\u00f3n. Conf\u00eda en la calidad para mantener tu PC funcionando sin problemas. \ud83d\udd0c\ud83d\udcbb Adem\u00e1s de lo que has visto, contamos con una amplia variedad de otros productos disponibles. Si &hellip; <a href=\"https:\/\/mosperu.com\/tienda\/product\/cable-de-poder-para-fuente-de-pc\/\" class=\"more-link\">Continuar leyendo <span class=\"screen-reader-text\">CABLE DE PODER PARA FUENTE DE PC<\/span><\/a><\/p>\n","protected":false},"featured_media":9047,"comment_status":"open","ping_status":"closed","template":"","meta":[],"product_cat":[323,315],"product_tag":[],"class_list":{"0":"post-3050","1":"product","2":"type-product","3":"status-publish","4":"has-post-thumbnail","6":"product_cat-cables","7":"product_cat-accesorios-y-componentes","10":"outofstock","11":"taxable","12":"shipping-taxable","13":"purchasable","14":"product-type-simple"},"_links":{"self":[{"href":"https:\/\/mosperu.com\/tienda\/wp-json\/wp\/v2\/product\/3050","targetHints":{"allow":["GET"]}}],"collection":[{"href":"https:\/\/mosperu.com\/tienda\/wp-json\/wp\/v2\/product"}],"about":[{"href":"https:\/\/mosperu.com\/tienda\/wp-json\/wp\/v2\/types\/product"}],"replies":[{"embeddable":true,"href":"https:\/\/mosperu.com\/tienda\/wp-json\/wp\/v2\/comments?post=3050"}],"version-history":[{"count":1,"href":"https:\/\/mosperu.com\/tienda\/wp-json\/wp\/v2\/product\/3050\/revisions"}],"predecessor-version":[{"id":8632,"href":"https:\/\/mosperu.com\/tienda\/wp-json\/wp\/v2\/product\/3050\/revisions\/8632"}],"wp:featuredmedia":[{"embeddable":true,"href":"https:\/\/mosperu.com\/tienda\/wp-json\/wp\/v2\/media\/9047"}],"wp:attachment":[{"href":"https:\/\/mosperu.com\/tienda\/wp-json\/wp\/v2\/media?parent=3050"}],"wp:term":[{"taxonomy":"product_cat","embeddable":true,"href":"https:\/\/mosperu.com\/tienda\/wp-json\/wp\/v2\/product_cat?post=3050"},{"taxonomy":"product_tag","embeddable":true,"href":"https:\/\/mosperu.com\/tienda\/wp-json\/wp\/v2\/product_tag?post=3050"}],"curies":[{"name":"wp","href":"https:\/\/api.w.org\/{rel}","templated":true}]}}