{"id":3047,"date":"2024-02-28T03:23:45","date_gmt":"2024-02-28T02:23:45","guid":{"rendered":"https:\/\/mosperu.com\/tienda\/?post_type=product&#038;p=3047"},"modified":"2025-01-25T16:11:28","modified_gmt":"2025-01-25T15:11:28","slug":"estabilizador-forza-1202u-8-tomas","status":"publish","type":"product","link":"https:\/\/mosperu.com\/tienda\/product\/estabilizador-forza-1202u-8-tomas\/","title":{"rendered":"ESTABILIZADOR FORZA 1202U &#8211; 8 TOMAS"},"content":{"rendered":"<p>Protege tus dispositivos electr\u00f3nicos con el Estabilizador Forza 1202U. Con 8 tomas, este dispositivo asegura un suministro de energ\u00eda constante y protecci\u00f3n contra sobretensiones. Mant\u00e9n tus equipos seguros y funcionando sin interrupciones. \u00a1Conf\u00eda en la calidad Forza! \u26a1\ud83d\udd0c<\/p>\n<p>Adem\u00e1s de lo que has visto, contamos con una amplia variedad de otros productos disponibles. Si tienes algo espec\u00edfico en mente o si deseas explorar m\u00e1s opciones, no dudes en preguntar. Estamos aqu\u00ed para ayudarte a encontrar exactamente lo que necesitas.<\/p>\n","protected":false},"excerpt":{"rendered":"<p>Protege tus dispositivos electr\u00f3nicos con el Estabilizador Forza 1202U. Con 8 tomas, este dispositivo asegura un suministro de energ\u00eda constante y protecci\u00f3n contra sobretensiones. Mant\u00e9n tus equipos seguros y funcionando sin interrupciones. \u00a1Conf\u00eda en la calidad Forza! \u26a1\ud83d\udd0c Adem\u00e1s de lo que has visto, contamos con una amplia variedad de otros productos disponibles. Si tienes &hellip; <a href=\"https:\/\/mosperu.com\/tienda\/product\/estabilizador-forza-1202u-8-tomas\/\" class=\"more-link\">Continuar leyendo <span class=\"screen-reader-text\">ESTABILIZADOR FORZA 1202U &#8211; 8 TOMAS<\/span><\/a><\/p>\n","protected":false},"featured_media":9045,"comment_status":"open","ping_status":"closed","template":"","meta":[],"product_cat":[315,326],"product_tag":[],"class_list":{"0":"post-3047","1":"product","2":"type-product","3":"status-publish","4":"has-post-thumbnail","6":"product_cat-accesorios-y-componentes","7":"product_cat-estabilizadores","10":"instock","11":"taxable","12":"shipping-taxable","13":"purchasable","14":"product-type-simple"},"_links":{"self":[{"href":"https:\/\/mosperu.com\/tienda\/wp-json\/wp\/v2\/product\/3047","targetHints":{"allow":["GET"]}}],"collection":[{"href":"https:\/\/mosperu.com\/tienda\/wp-json\/wp\/v2\/product"}],"about":[{"href":"https:\/\/mosperu.com\/tienda\/wp-json\/wp\/v2\/types\/product"}],"replies":[{"embeddable":true,"href":"https:\/\/mosperu.com\/tienda\/wp-json\/wp\/v2\/comments?post=3047"}],"version-history":[{"count":1,"href":"https:\/\/mosperu.com\/tienda\/wp-json\/wp\/v2\/product\/3047\/revisions"}],"predecessor-version":[{"id":8631,"href":"https:\/\/mosperu.com\/tienda\/wp-json\/wp\/v2\/product\/3047\/revisions\/8631"}],"wp:featuredmedia":[{"embeddable":true,"href":"https:\/\/mosperu.com\/tienda\/wp-json\/wp\/v2\/media\/9045"}],"wp:attachment":[{"href":"https:\/\/mosperu.com\/tienda\/wp-json\/wp\/v2\/media?parent=3047"}],"wp:term":[{"taxonomy":"product_cat","embeddable":true,"href":"https:\/\/mosperu.com\/tienda\/wp-json\/wp\/v2\/product_cat?post=3047"},{"taxonomy":"product_tag","embeddable":true,"href":"https:\/\/mosperu.com\/tienda\/wp-json\/wp\/v2\/product_tag?post=3047"}],"curies":[{"name":"wp","href":"https:\/\/api.w.org\/{rel}","templated":true}]}}