{"id":3044,"date":"2024-02-28T03:22:33","date_gmt":"2024-02-28T02:22:33","guid":{"rendered":"https:\/\/mosperu.com\/tienda\/?post_type=product&#038;p=3044"},"modified":"2025-01-25T16:11:28","modified_gmt":"2025-01-25T15:11:28","slug":"supresor-de-picos-con-6-tomas","status":"publish","type":"product","link":"https:\/\/mosperu.com\/tienda\/product\/supresor-de-picos-con-6-tomas\/","title":{"rendered":"SUPRESOR DE PICOS CON 6 TOMAS"},"content":{"rendered":"<p>Protege tus dispositivos electr\u00f3nicos de picos de voltaje con nuestro Supresor de Picos X6. Equipado con 6 tomas, este dispositivo proporciona una defensa confiable contra fluctuaciones el\u00e9ctricas. Mant\u00e9n tus equipos seguros y funcionando sin preocupaciones. \u00a1La protecci\u00f3n que tu tecnolog\u00eda merece! \u26a1\ud83d\udd0c<\/p>\n<p>Adem\u00e1s de lo que has visto, contamos con una amplia variedad de otros productos disponibles. Si tienes algo espec\u00edfico en mente o si deseas explorar m\u00e1s opciones, no dudes en preguntar. Estamos aqu\u00ed para ayudarte a encontrar exactamente lo que necesitas.<\/p>\n","protected":false},"excerpt":{"rendered":"<p>Protege tus dispositivos electr\u00f3nicos de picos de voltaje con nuestro Supresor de Picos X6. Equipado con 6 tomas, este dispositivo proporciona una defensa confiable contra fluctuaciones el\u00e9ctricas. Mant\u00e9n tus equipos seguros y funcionando sin preocupaciones. \u00a1La protecci\u00f3n que tu tecnolog\u00eda merece! \u26a1\ud83d\udd0c Adem\u00e1s de lo que has visto, contamos con una amplia variedad de otros &hellip; <a href=\"https:\/\/mosperu.com\/tienda\/product\/supresor-de-picos-con-6-tomas\/\" class=\"more-link\">Continuar leyendo <span class=\"screen-reader-text\">SUPRESOR DE PICOS CON 6 TOMAS<\/span><\/a><\/p>\n","protected":false},"featured_media":9044,"comment_status":"open","ping_status":"closed","template":"","meta":[],"product_cat":[315,326],"product_tag":[],"class_list":{"0":"post-3044","1":"product","2":"type-product","3":"status-publish","4":"has-post-thumbnail","6":"product_cat-accesorios-y-componentes","7":"product_cat-estabilizadores","10":"instock","11":"taxable","12":"shipping-taxable","13":"purchasable","14":"product-type-simple"},"_links":{"self":[{"href":"https:\/\/mosperu.com\/tienda\/wp-json\/wp\/v2\/product\/3044","targetHints":{"allow":["GET"]}}],"collection":[{"href":"https:\/\/mosperu.com\/tienda\/wp-json\/wp\/v2\/product"}],"about":[{"href":"https:\/\/mosperu.com\/tienda\/wp-json\/wp\/v2\/types\/product"}],"replies":[{"embeddable":true,"href":"https:\/\/mosperu.com\/tienda\/wp-json\/wp\/v2\/comments?post=3044"}],"version-history":[{"count":1,"href":"https:\/\/mosperu.com\/tienda\/wp-json\/wp\/v2\/product\/3044\/revisions"}],"predecessor-version":[{"id":8630,"href":"https:\/\/mosperu.com\/tienda\/wp-json\/wp\/v2\/product\/3044\/revisions\/8630"}],"wp:featuredmedia":[{"embeddable":true,"href":"https:\/\/mosperu.com\/tienda\/wp-json\/wp\/v2\/media\/9044"}],"wp:attachment":[{"href":"https:\/\/mosperu.com\/tienda\/wp-json\/wp\/v2\/media?parent=3044"}],"wp:term":[{"taxonomy":"product_cat","embeddable":true,"href":"https:\/\/mosperu.com\/tienda\/wp-json\/wp\/v2\/product_cat?post=3044"},{"taxonomy":"product_tag","embeddable":true,"href":"https:\/\/mosperu.com\/tienda\/wp-json\/wp\/v2\/product_tag?post=3044"}],"curies":[{"name":"wp","href":"https:\/\/api.w.org\/{rel}","templated":true}]}}